{"id":145936,"date":"2023-05-04T09:38:05","date_gmt":"2023-05-04T08:04:10","guid":{"rendered":"https:\/\/ab-marineservice.com\/product\/bluesolar-pwm-lcdusb-12-24v-5a\/"},"modified":"2025-01-23T14:27:26","modified_gmt":"2025-01-23T13:27:26","slug":"bluesolar-pwm-lcdusb-12-24v-5a","status":"publish","type":"product","link":"https:\/\/ab-marineservice.com\/de\/produkt\/bluesolar-pwm-lcdusb-12-24v-5a\/","title":{"rendered":"BlueSolar PWM-LCD&#038;USB 12\/24V-5A"},"content":{"rendered":"","protected":false},"excerpt":{"rendered":"<p>SCC010005050 Victron<\/p>\n<p>BlueSolar PWM-LCD&#038;USB <\/p>\n<p>Fl\u00fcssigkristallanzeige<br \/>\nZwei 5-Volt-USB-Ausg\u00e4nge<br \/>\nVollst\u00e4ndig programmierbare Lichtsteuerungsfunktion<br \/>\nVollst\u00e4ndig programmierbares dreistufiges Laden der Batterie (Konstantstrom, Konstantspannung, Ladeerhaltung)<br \/>\nLastausgang mit niedriger Spannung und manuelle Abschaltung (programmierbar)<br \/>\nLastausgang gesch\u00fctzt gegen \u00dcberlastung und Kurzschl\u00fcsse<br \/>\nVerpolungsschutz der Solarmodule und\/oder der Batterie<\/p>\n<p>Datenbl\u00e4tter: <a href=\"https:\/\/www.victronenergy.de\/upload\/documents\/Datasheet-BlueSolar-Charge-Controllers-12-24V-LCD&#038;USB-DE.pdf\" rel=\"noopener\" target=\"_blank\">BlueSolar PWM Charge Controller 12V\/24V &#038; 48V LCD&#038;USB<\/a><br \/>\nGeh\u00e4useabmessungen: <a href=\"https:\/\/www.victronenergy.de\/upload\/documents\/BlueSolar-PWM-LCD&#038;USB-12V24V-5A-10A-20A.pdf\" rel=\"noopener\" target=\"_blank\">BlueSolar PWM-LCD&#038;USB 12V24V-5A 10A 20A<\/a><br \/>\nHandb\u00fcch: <a href=\"https:\/\/www.victronenergy.de\/upload\/documents\/Manual-BlueSolar-PWM-Charge-Controller-LCD&#038;USB-12V-24V-5A-10A-20A-EN-NL-FR-DE-ES-SE-IT.pdf\" rel=\"noopener\" target=\"_blank\">BlueSolar PWM Charge Controller &#8211; LCD &#8211; USB 12V 24V 5A 10A 20A<\/a><\/p>\n","protected":false},"featured_media":314637,"comment_status":"open","ping_status":"closed","template":"","meta":[],"location":[4275,4276],"product_brand":[],"product_cat":[4282,4626,7759,7872],"product_tag":[],"class_list":{"0":"post-145936","1":"product","2":"type-product","3":"status-publish","4":"has-post-thumbnail","6":"location-aes-emmeloord","7":"location-aes-lemmer","8":"product_cat-victron-de","9":"product_cat-solarenergie","10":"product_cat-solar-charge-controllers-de","11":"product_cat-bluesolar-de","12":"product_shipping_class-paket-0-10-kg","14":"first","15":"instock","16":"sale","17":"taxable","18":"shipping-taxable","19":"purchasable","20":"product-type-simple"},"group_of_quantity":0,"min_quantity":0,"max_quantity":"","exclude_order_quantity_value_rules":"no","exclude_category_quantity_rules":"no","combine_variations":"no","locations":[{"id":4275,"name":"AES Emmeloord","slug":"aes-emmeloord","quantity":""},{"id":4276,"name":"AES Lemmer","slug":"aes-lemmer","quantity":""}],"_links":{"self":[{"href":"https:\/\/ab-marineservice.com\/de\/wp-json\/wp\/v2\/product\/145936","targetHints":{"allow":["GET"]}}],"collection":[{"href":"https:\/\/ab-marineservice.com\/de\/wp-json\/wp\/v2\/product"}],"about":[{"href":"https:\/\/ab-marineservice.com\/de\/wp-json\/wp\/v2\/types\/product"}],"replies":[{"embeddable":true,"href":"https:\/\/ab-marineservice.com\/de\/wp-json\/wp\/v2\/comments?post=145936"}],"wp:featuredmedia":[{"embeddable":true,"href":"https:\/\/ab-marineservice.com\/de\/wp-json\/wp\/v2\/media\/314637"}],"wp:attachment":[{"href":"https:\/\/ab-marineservice.com\/de\/wp-json\/wp\/v2\/media?parent=145936"}],"wp:term":[{"taxonomy":"location","embeddable":true,"href":"https:\/\/ab-marineservice.com\/de\/wp-json\/wp\/v2\/location?post=145936"},{"taxonomy":"product_brand","embeddable":true,"href":"https:\/\/ab-marineservice.com\/de\/wp-json\/wp\/v2\/product_brand?post=145936"},{"taxonomy":"product_cat","embeddable":true,"href":"https:\/\/ab-marineservice.com\/de\/wp-json\/wp\/v2\/product_cat?post=145936"},{"taxonomy":"product_tag","embeddable":true,"href":"https:\/\/ab-marineservice.com\/de\/wp-json\/wp\/v2\/product_tag?post=145936"}],"curies":[{"name":"wp","href":"https:\/\/api.w.org\/{rel}","templated":true}]}}