{"id":145940,"date":"2023-05-04T09:38:22","date_gmt":"2023-05-04T08:04:21","guid":{"rendered":"https:\/\/ab-marineservice.com\/product\/bluesolar-mppt-75-10-einzelhandel\/"},"modified":"2025-01-23T14:26:57","modified_gmt":"2025-01-23T13:26:57","slug":"bluesolar-mppt-75-10-einzelhandel","status":"publish","type":"product","link":"https:\/\/ab-marineservice.com\/de\/produkt\/bluesolar-mppt-75-10-einzelhandel\/","title":{"rendered":"BlueSolar MPPT 75\/10"},"content":{"rendered":"","protected":false},"excerpt":{"rendered":"<p>SCC010010050R Victron<\/p>\n<p>Ein Solar-Ladeger\u00e4t wird \u00fcber Solar-Module mit Energie versorgt und speichert diese dann in Batterien. Unter Verwendung der neusten und schnellsten Technologie maximiert das BlueSolar diese Energiegewinnung und lenkt sie auf intelligente Weise, um die Batterien in so kurzer Zeit wie m\u00f6glich voll aufzuladen. Das Blue Solar erh\u00e4lt die Funktionsf\u00e4higkeit der Batterie und verl\u00e4ngert so ihre Lebensdauer.<\/p>\n<p>Datenbl\u00e4tt: <a href=\"https:\/\/www.victronenergy.de\/upload\/documents\/Datasheet-Blue-Solar-Charge-Controller-MPPT-75-10,-75-15,-100-15,-100-20_48V-DE.pdf\" rel=\"noopener\" target=\"_blank\">BlueSolar MPPT 75\/10, 75\/15, 100\/15, 100\/20-48V<\/a><br \/>\nGeh\u00e4useabmessungen: <a href=\"https:\/\/www.victronenergy.de\/upload\/documents\/BlueSolar-&#038;-SmartSolar-MPPT-75-10-&#038;-75-15.pdf\" rel=\"noopener\" target=\"_blank\">BlueSolar &#038; SmartSolar MPPT 75\/10 &#038; 75\/15<\/a><br \/>\nHandb\u00fcch: <a href=\"https:\/\/www.victronenergy.com\/upload\/documents\/Manual_BlueSolar_MPPT_75-10_up_to_100-20\/29694-MPPT_solar_charger_manual-pdf-de.pdf?_ga=2.130968463.1242247815.1714586768-587487195.1711028154\" rel=\"noopener\" target=\"_blank\">Manual BlueSolar MPPT 75-10 up to 100-20 (PDF)<\/a><br \/>\nFilms: <a href=\"https:\/\/www.youtube.com\/watch?v=QG4-TYcIY30&#038;list=PLnKCJA0l3E6balmPIyOD3wmiqgVE9DeVG\" rel=\"noopener\" target=\"_blank\">Wussten Sie schon \u2013 Wie erstellt man ein Batterieprofil f\u00fcr Nicht-Victron-Batterien?<\/a><\/p>\n","protected":false},"featured_media":329367,"comment_status":"open","ping_status":"closed","template":"","meta":[],"location":[4275,4276],"product_brand":[],"product_cat":[4282,4626,7759,7872],"product_tag":[],"class_list":{"0":"post-145940","1":"product","2":"type-product","3":"status-publish","4":"has-post-thumbnail","6":"location-aes-emmeloord","7":"location-aes-lemmer","8":"product_cat-victron-de","9":"product_cat-solarenergie","10":"product_cat-solar-charge-controllers-de","11":"product_cat-bluesolar-de","12":"product_shipping_class-paket-0-10-kg","14":"first","15":"onbackorder","16":"sale","17":"taxable","18":"shipping-taxable","19":"purchasable","20":"product-type-simple"},"group_of_quantity":0,"min_quantity":0,"max_quantity":"","exclude_order_quantity_value_rules":"no","exclude_category_quantity_rules":"no","combine_variations":"no","locations":[{"id":4275,"name":"AES Emmeloord","slug":"aes-emmeloord","quantity":""},{"id":4276,"name":"AES Lemmer","slug":"aes-lemmer","quantity":""}],"_links":{"self":[{"href":"https:\/\/ab-marineservice.com\/de\/wp-json\/wp\/v2\/product\/145940","targetHints":{"allow":["GET"]}}],"collection":[{"href":"https:\/\/ab-marineservice.com\/de\/wp-json\/wp\/v2\/product"}],"about":[{"href":"https:\/\/ab-marineservice.com\/de\/wp-json\/wp\/v2\/types\/product"}],"replies":[{"embeddable":true,"href":"https:\/\/ab-marineservice.com\/de\/wp-json\/wp\/v2\/comments?post=145940"}],"wp:featuredmedia":[{"embeddable":true,"href":"https:\/\/ab-marineservice.com\/de\/wp-json\/wp\/v2\/media\/329367"}],"wp:attachment":[{"href":"https:\/\/ab-marineservice.com\/de\/wp-json\/wp\/v2\/media?parent=145940"}],"wp:term":[{"taxonomy":"location","embeddable":true,"href":"https:\/\/ab-marineservice.com\/de\/wp-json\/wp\/v2\/location?post=145940"},{"taxonomy":"product_brand","embeddable":true,"href":"https:\/\/ab-marineservice.com\/de\/wp-json\/wp\/v2\/product_brand?post=145940"},{"taxonomy":"product_cat","embeddable":true,"href":"https:\/\/ab-marineservice.com\/de\/wp-json\/wp\/v2\/product_cat?post=145940"},{"taxonomy":"product_tag","embeddable":true,"href":"https:\/\/ab-marineservice.com\/de\/wp-json\/wp\/v2\/product_tag?post=145940"}],"curies":[{"name":"wp","href":"https:\/\/api.w.org\/{rel}","templated":true}]}}