{"id":145942,"date":"2023-05-04T09:38:22","date_gmt":"2023-05-04T08:04:21","guid":{"rendered":"https:\/\/ab-marineservice.com\/product\/bluesolar-mppt-100-15-einzelhandel\/"},"modified":"2025-01-23T14:27:07","modified_gmt":"2025-01-23T13:27:07","slug":"bluesolar-mppt-100-15-einzelhandel","status":"publish","type":"product","link":"https:\/\/ab-marineservice.com\/de\/produkt\/bluesolar-mppt-100-15-einzelhandel\/","title":{"rendered":"BlueSolar MPPT 100\/15"},"content":{"rendered":"","protected":false},"excerpt":{"rendered":"<p>SCC010015200R Victron<br \/>\nSCC010015200<\/p>\n<p>Wenn ein Solarladeregler die Batterie nicht an einem Tag wieder auf den Top-Zustand laden kann, ist das Ergebnis oft dass der Akku st\u00e4ndig zwischen &#8220;teilweise geladen&#8221; und &#8220;vollst\u00e4ndig entladen&#8221; schwankt. Diese Methode (die Batterie nicht regelm\u00e4\u00dfig vollst\u00e4ndig aufladen) macht in wenigen Wochen oder Monaten eine Blei-S\u00e4ure-Batterie komplett kaputt. Der BatteryLife Algorithmus \u00fcberwacht den Ladezustand der Batterie und erh\u00f6ht t\u00e4glich leicht den Schwellwert zur Abschaltung der Last bis die Konstantspannung erreicht ist. Ab diesem Punkt wird der Schwellwert f\u00fcr das Abschalten der Last moduliert, so dass die Konstantspannung etwa einmal w\u00f6chentlich erreicht wird.<br \/>\nDas MPPT Ladeger\u00e4t kann auch so eingestellt werden, dass er dem traditionellen Laststeuerungsmodus mit einem festen Wert folgt Der Lastausgang ist kurzschlussfest und kapazitiv belastbar als w\u00fcrde man einen Konverter f\u00fcttern.<br \/>\nDie in Harz gegossene Elektronik sch\u00fctzt die elektronischen Komponenten vor der Umwelt.Nominale Ladestrom : 15A<\/p>\n<p>Datenblatt: <a href=\"https:\/\/www.victronenergy.de\/upload\/documents\/Datasheet-Blue-Solar-Charge-Controller-MPPT-75-10,-75-15,-100-15,-100-20_48V-DE.pdf\" rel=\"noopener\" target=\"_blank\">BlueSolar MPPT 75\/10, 75\/15, 100\/15 &#038; 100\/20<\/a><br \/>\nHandbuch: <a href=\"https:\/\/www.victronenergy.com\/upload\/documents\/Manual_BlueSolar_MPPT_75-10_up_to_100-20\/29694-MPPT_solar_charger_manual-pdf-de.pdf?_ga=2.228722905.494104734.1712324141-1618030747.1711382177\" rel=\"noopener\" target=\"_blank\">BlueSolar MPPT 75\/10, 75\/15, 100\/15 &#038; 100\/20<\/a><br \/>\nVideos: <a href=\"https:\/\/www.youtube.com\/watch?v=QG4-TYcIY30&#038;list=PLnKCJA0l3E6balmPIyOD3wmiqgVE9DeVG\" rel=\"noopener\" target=\"_blank\">Wussten Sie schon \u2013 Wie erstellt man ein Batterieprofil f\u00fcr Nicht-Victron-Batterien?<\/a><br \/>\n<a href=\"https:\/\/www.youtube.com\/watch?v=dT89QtG2pS4&#038;list=PLnKCJA0l3E6balmPIyOD3wmiqgVE9DeVG&#038;index=3\" rel=\"noopener\" target=\"_blank\">Wussten Sie schon: L\u00f6sen Sie eine Dump-Ladung aus, wenn Ihre Batterien voll sind<\/a><br \/>\n<a href=\"https:\/\/www.youtube.com\/watch?v=EVAvRs32TiE&#038;list=PLnKCJA0l3E6balmPIyOD3wmiqgVE9DeVG&#038;index=2\" rel=\"noopener\" target=\"_blank\">Wussten Sie schon \u2013 Warum startet der MPPT-Laderegler 5 V DC \u00fcber der Batteriespannung?<\/a><br \/>\n<a href=\"https:\/\/www.youtube.com\/watch?v=vZJA4eTd6vw&#038;list=PLnKCJA0l3E6bCC56dVlVIQO1s3VxwZmbp&#038;index=7\" rel=\"noopener\" target=\"_blank\">So lesen Sie einen MPPT mit einem VE.Direct Bluetooth Smart-Dongle | Victron Energy<\/a><br \/>\n<a href=\"https:\/\/www.youtube.com\/watch?v=8yJyFZuDkuA&#038;list=PLnKCJA0l3E6bCC56dVlVIQO1s3VxwZmbp&#038;index=7\" rel=\"noopener\" target=\"_blank\">BlueSolar MPPT &#8211; VictronConnect: Live-Daten | Victron Energy<\/a><br \/>\n<a href=\"https:\/\/www.youtube.com\/watch?v=ve59J9WTm1E&#038;list=PLnKCJA0l3E6bCC56dVlVIQO1s3VxwZmbp&#038;index=6\" rel=\"noopener\" target=\"_blank\">BlueSolar MPPT &#8211; VictronConnect: So \u00e4ndern Sie die Einstellungen | Victron Energy<\/a><br \/>\n<a href=\"https:\/\/www.youtube.com\/watch?v=vZJA4eTd6vw&#038;list=PLnKCJA0l3E6bCC56dVlVIQO1s3VxwZmbp&#038;index=4\" rel=\"noopener\" target=\"_blank\">Hoe lees je een MPPT uit met een VE.Direct Bluetooth Smart dongle | Victron Energy<\/a><\/p>\n","protected":false},"featured_media":147290,"comment_status":"open","ping_status":"closed","template":"","meta":[],"location":[4275,4276],"product_brand":[],"product_cat":[4282,4626,7759,7872],"product_tag":[],"class_list":{"0":"post-145942","1":"product","2":"type-product","3":"status-publish","4":"has-post-thumbnail","6":"location-aes-emmeloord","7":"location-aes-lemmer","8":"product_cat-victron-de","9":"product_cat-solarenergie","10":"product_cat-solar-charge-controllers-de","11":"product_cat-bluesolar-de","12":"product_shipping_class-paket-0-10-kg","14":"first","15":"instock","16":"sale","17":"taxable","18":"shipping-taxable","19":"purchasable","20":"product-type-simple"},"group_of_quantity":0,"min_quantity":0,"max_quantity":"","exclude_order_quantity_value_rules":"no","exclude_category_quantity_rules":"no","combine_variations":"no","locations":[{"id":4275,"name":"AES Emmeloord","slug":"aes-emmeloord","quantity":""},{"id":4276,"name":"AES Lemmer","slug":"aes-lemmer","quantity":""}],"_links":{"self":[{"href":"https:\/\/ab-marineservice.com\/de\/wp-json\/wp\/v2\/product\/145942","targetHints":{"allow":["GET"]}}],"collection":[{"href":"https:\/\/ab-marineservice.com\/de\/wp-json\/wp\/v2\/product"}],"about":[{"href":"https:\/\/ab-marineservice.com\/de\/wp-json\/wp\/v2\/types\/product"}],"replies":[{"embeddable":true,"href":"https:\/\/ab-marineservice.com\/de\/wp-json\/wp\/v2\/comments?post=145942"}],"wp:featuredmedia":[{"embeddable":true,"href":"https:\/\/ab-marineservice.com\/de\/wp-json\/wp\/v2\/media\/147290"}],"wp:attachment":[{"href":"https:\/\/ab-marineservice.com\/de\/wp-json\/wp\/v2\/media?parent=145942"}],"wp:term":[{"taxonomy":"location","embeddable":true,"href":"https:\/\/ab-marineservice.com\/de\/wp-json\/wp\/v2\/location?post=145942"},{"taxonomy":"product_brand","embeddable":true,"href":"https:\/\/ab-marineservice.com\/de\/wp-json\/wp\/v2\/product_brand?post=145942"},{"taxonomy":"product_cat","embeddable":true,"href":"https:\/\/ab-marineservice.com\/de\/wp-json\/wp\/v2\/product_cat?post=145942"},{"taxonomy":"product_tag","embeddable":true,"href":"https:\/\/ab-marineservice.com\/de\/wp-json\/wp\/v2\/product_tag?post=145942"}],"curies":[{"name":"wp","href":"https:\/\/api.w.org\/{rel}","templated":true}]}}