{"id":145944,"date":"2023-05-04T09:38:22","date_gmt":"2023-05-04T08:04:21","guid":{"rendered":"https:\/\/ab-marineservice.com\/product\/bluesolar-pwm-lcdusb-12-24v-20a\/"},"modified":"2025-01-23T14:27:12","modified_gmt":"2025-01-23T13:27:12","slug":"bluesolar-pwm-lcdusb-12-24v-20a","status":"publish","type":"product","link":"https:\/\/ab-marineservice.com\/de\/produkt\/bluesolar-pwm-lcdusb-12-24v-20a\/","title":{"rendered":"BlueSolar PWM-LCD&#038;USB 12\/24V-20A"},"content":{"rendered":"","protected":false},"excerpt":{"rendered":"<p>SCC010020050 Victron<\/p>\n<p>Das Victron BlueSolar PWM-LCD&#038;USB 12\/24V-20A verf\u00fcgt \u00fcber einen integrierten LCD-Bildschirm zur Status\u00fcberwachung und Einstellungen. Das Solarladeger\u00e4t ist mit einer automatischen Lasttrennung ausgestattet. Die BlueSolar-PWM-Serie nutzt die Ladespannungssteuerung mittels Pulsweitenmodulation (PWM) in Kombination mit einem mehrstufigen Ladesteuerungsalgorithmus.<\/p>\n<p>Datenblatt: <a href=\"https:\/\/www.victronenergy.nl\/upload\/documents\/Datasheet-BlueSolar-PWM-DUO-12V-24V-20A-LCD-USB-NL.pdf\" target=\"_blank\" rel=\"noopener\"> BlueSolar PWM Charge Controller 12V\/24V &amp; 48V LCD&amp;USB<\/a><br \/>\nAbmessungen: <a href=\"https:\/\/www.victronenergy.nl\/upload\/documents\/BlueSolar-PWM-LCD&amp;USB-12V24V-5A-10A-20A.pdf\" target=\"_blank\" rel=\"noopener\">BlueSolar PWM-LCD&amp;USB 12V24V-5A 10A 20A<\/a><br \/>\nBetriebshandleitung: <a href=\"https:\/\/www.victronenergy.nl\/upload\/documents\/Manual-BlueSolar-PWM-DUO-12V-24V-20A-LCD-USB-EN-NL-FR-DE-ES-SE-IT-CZ-RU.pdf\" target=\"_blank\" rel=\"noopener\">BlueSolar PWM Charge Controller DUO 12V-24V-20A LCD-USB<\/a><\/p>\n<p>Yanmar 3GMD 20PS Schiffsmotor mit Wendegetriebe<\/p>\n<p>Gut laufende Schiffsmotor.<\/p>\n<p>Marke Motor: Yanmar<br \/>\nTyp Motor:   3GMD<br \/>\nStundenzahl: 1050<br \/>\nBaujahr: &#8211;<\/p>\n<p>Leistung: 20 PS<br \/>\nDrehzahl: 3400<br \/>\nZylinderzahl: 3<br \/>\nKraftstoff: Diesel<\/p>\n<p>Armaturenbrett: Ja<br \/>\nZwischenkabel: Nein<br \/>\nFunktionsweise: unbekannt<\/p>\n<p>Typ K\u00fchlsystem: Direkte K\u00fchlung<br \/>\nWendegetriebe Typ: Kanzaki<br \/>\nWendegetriebe Verh\u00e4ltnis 3.2:1<\/p>\n<p>Bedienungsanleitung: <a href=\"https:\/\/ab-marineservice.com\/wp-content\/uploads\/2021\/12\/1GM-2GM-3GM-werkplaatshandboek.pdf\">1GM 2GM 3GM Service-Anleitung<\/a><\/p>\n<p>Wir versenden europaweit. Mit einer 14-t\u00e4gigen Bedenkzeit und einer 3-monatigen Garantie auf den internen Motor.<\/p>\n<p><strong>Bleiben Sie jede Woche \u00fcber unsere neuesten Angebote auf dem Laufenden, <a href=\"https:\/\/ab-marineservice.com\/de\/angebot-gebrauchte-schiffsmotoren\/\">melden Sie sich bitte hier an<\/a>!<\/strong><\/p>\n","protected":false},"featured_media":322067,"comment_status":"open","ping_status":"closed","template":"","meta":[],"location":[4275,4276],"product_brand":[],"product_cat":[4282,4626,7759,7872],"product_tag":[],"class_list":{"0":"post-145944","1":"product","2":"type-product","3":"status-publish","4":"has-post-thumbnail","6":"location-aes-emmeloord","7":"location-aes-lemmer","8":"product_cat-victron-de","9":"product_cat-solarenergie","10":"product_cat-solar-charge-controllers-de","11":"product_cat-bluesolar-de","12":"product_shipping_class-paket-0-10-kg","14":"first","15":"onbackorder","16":"sale","17":"taxable","18":"shipping-taxable","19":"purchasable","20":"product-type-simple"},"group_of_quantity":0,"min_quantity":0,"max_quantity":"","exclude_order_quantity_value_rules":"no","exclude_category_quantity_rules":"no","combine_variations":"no","locations":[{"id":4275,"name":"AES Emmeloord","slug":"aes-emmeloord","quantity":""},{"id":4276,"name":"AES Lemmer","slug":"aes-lemmer","quantity":""}],"_links":{"self":[{"href":"https:\/\/ab-marineservice.com\/de\/wp-json\/wp\/v2\/product\/145944","targetHints":{"allow":["GET"]}}],"collection":[{"href":"https:\/\/ab-marineservice.com\/de\/wp-json\/wp\/v2\/product"}],"about":[{"href":"https:\/\/ab-marineservice.com\/de\/wp-json\/wp\/v2\/types\/product"}],"replies":[{"embeddable":true,"href":"https:\/\/ab-marineservice.com\/de\/wp-json\/wp\/v2\/comments?post=145944"}],"wp:featuredmedia":[{"embeddable":true,"href":"https:\/\/ab-marineservice.com\/de\/wp-json\/wp\/v2\/media\/322067"}],"wp:attachment":[{"href":"https:\/\/ab-marineservice.com\/de\/wp-json\/wp\/v2\/media?parent=145944"}],"wp:term":[{"taxonomy":"location","embeddable":true,"href":"https:\/\/ab-marineservice.com\/de\/wp-json\/wp\/v2\/location?post=145944"},{"taxonomy":"product_brand","embeddable":true,"href":"https:\/\/ab-marineservice.com\/de\/wp-json\/wp\/v2\/product_brand?post=145944"},{"taxonomy":"product_cat","embeddable":true,"href":"https:\/\/ab-marineservice.com\/de\/wp-json\/wp\/v2\/product_cat?post=145944"},{"taxonomy":"product_tag","embeddable":true,"href":"https:\/\/ab-marineservice.com\/de\/wp-json\/wp\/v2\/product_tag?post=145944"}],"curies":[{"name":"wp","href":"https:\/\/api.w.org\/{rel}","templated":true}]}}