{"id":145966,"date":"2023-05-04T09:38:37","date_gmt":"2023-05-04T08:04:45","guid":{"rendered":"https:\/\/ab-marineservice.com\/product\/smartsolar-mppt-75-15-einzelhandel\/"},"modified":"2025-01-23T14:26:08","modified_gmt":"2025-01-23T13:26:08","slug":"smartsolar-mppt-75-15-einzelhandel","status":"publish","type":"product","link":"https:\/\/ab-marineservice.com\/de\/produkt\/smartsolar-mppt-75-15-einzelhandel\/","title":{"rendered":"SmartSolar MPPT 75\/15"},"content":{"rendered":"","protected":false},"excerpt":{"rendered":"<p>SCC075015060R Victron<\/p>\n<p>Ein Solar-Ladeger\u00e4t wird \u00fcber Solar-Module mit Energie versorgt und speichert diese dann in Batterien. Unter Verwendung der neusten und schnellsten Technologie maximiert das SmartSolar diese Energiegewinnung und lenkt sie auf intelligente Weise, um die Batterien in so kurzer Zeit wie m\u00f6glich voll aufzuladen. Das SmartSolar erh\u00e4lt die Funktionsf\u00e4higkeit der Batterie und verl\u00e4ngert so ihre Lebensdauer.<\/p>\n<p>Der SmartSolar-Laderegler l\u00e4dt sogar eine stark entladene Batterie wieder auf. Er kann mit einer Batteriespannung von nur 0 Volt arbeiten, vorausgesetzt, die Zellen sind nicht dauerhaft sulfatiert oder anderweitig besch\u00e4digt.<\/p>\n<p>Datenbl\u00e4tt: <a href=\"https:\/\/www.victronenergy.de\/upload\/documents\/Datasheet-SmartSolar-charge-controller-MPPT-75-10,-75-15,-100-15,-100-20_48V-DE.pdf\" rel=\"noopener\" target=\"_blank\">SmartSolar MPPT 75\/10, 75\/15, 100\/15, 100\/20-48V<\/a><br \/>\nGeh\u00e4useabmessungen: <a href=\"https:\/\/www.victronenergy.de\/upload\/documents\/BlueSolar-&#038;-SmartSolar-MPPT-75-10-&#038;-75-15.pdf\" rel=\"noopener\" target=\"_blank\">BlueSolar &#038; SmartSolar MPPT 75\/10 &#038; 75\/15<\/a><br \/>\nHandb\u00fcch: <a href=\"https:\/\/www.victronenergy.com\/upload\/documents\/Manual_SmartSolar_MPPT_75-10_up_to_100-20\/29694-MPPT_solar_charger_manual-pdf-de.pdf?_ga=2.160154173.1247466060.1714071715-587487195.1711028154\" rel=\"noopener\" target=\"_blank\">Manual SmartSolar MPPT 75-10 up to 100-20 (PDF)<\/a><br \/>\nFilms: <a href=\"https:\/\/www.youtube.com\/watch?v=2L4nzNwep7g\" rel=\"noopener\" target=\"_blank\">Wist u dat &#8211; hoe u de naam van een apparaat kunt wijzigen<\/a><br \/>\n<a href=\"https:\/\/www.youtube.com\/watch?v=QG4-TYcIY30&#038;list=PLnKCJA0l3E6balmPIyOD3wmiqgVE9DeVG\" rel=\"noopener\" target=\"_blank\">Wist Je Dat &#8211; Hoe maak je een batterijprofiel voor niet-Victron-batterijen?<\/a><\/p>\n","protected":false},"featured_media":147637,"comment_status":"open","ping_status":"closed","template":"","meta":[],"location":[4275,4276],"product_brand":[],"product_cat":[4282,4626,7759,7756],"product_tag":[],"class_list":{"0":"post-145966","1":"product","2":"type-product","3":"status-publish","4":"has-post-thumbnail","6":"location-aes-emmeloord","7":"location-aes-lemmer","8":"product_cat-victron-de","9":"product_cat-solarenergie","10":"product_cat-solar-charge-controllers-de","11":"product_cat-smartsolar-mppt-rs-de","12":"product_shipping_class-paket-0-10-kg","14":"first","15":"instock","16":"sale","17":"taxable","18":"shipping-taxable","19":"purchasable","20":"product-type-simple"},"group_of_quantity":0,"min_quantity":0,"max_quantity":"","exclude_order_quantity_value_rules":"no","exclude_category_quantity_rules":"no","combine_variations":"no","locations":[{"id":4275,"name":"AES Emmeloord","slug":"aes-emmeloord","quantity":""},{"id":4276,"name":"AES Lemmer","slug":"aes-lemmer","quantity":""}],"_links":{"self":[{"href":"https:\/\/ab-marineservice.com\/de\/wp-json\/wp\/v2\/product\/145966","targetHints":{"allow":["GET"]}}],"collection":[{"href":"https:\/\/ab-marineservice.com\/de\/wp-json\/wp\/v2\/product"}],"about":[{"href":"https:\/\/ab-marineservice.com\/de\/wp-json\/wp\/v2\/types\/product"}],"replies":[{"embeddable":true,"href":"https:\/\/ab-marineservice.com\/de\/wp-json\/wp\/v2\/comments?post=145966"}],"wp:featuredmedia":[{"embeddable":true,"href":"https:\/\/ab-marineservice.com\/de\/wp-json\/wp\/v2\/media\/147637"}],"wp:attachment":[{"href":"https:\/\/ab-marineservice.com\/de\/wp-json\/wp\/v2\/media?parent=145966"}],"wp:term":[{"taxonomy":"location","embeddable":true,"href":"https:\/\/ab-marineservice.com\/de\/wp-json\/wp\/v2\/location?post=145966"},{"taxonomy":"product_brand","embeddable":true,"href":"https:\/\/ab-marineservice.com\/de\/wp-json\/wp\/v2\/product_brand?post=145966"},{"taxonomy":"product_cat","embeddable":true,"href":"https:\/\/ab-marineservice.com\/de\/wp-json\/wp\/v2\/product_cat?post=145966"},{"taxonomy":"product_tag","embeddable":true,"href":"https:\/\/ab-marineservice.com\/de\/wp-json\/wp\/v2\/product_tag?post=145966"}],"curies":[{"name":"wp","href":"https:\/\/api.w.org\/{rel}","templated":true}]}}