{"id":145976,"date":"2023-05-04T09:38:37","date_gmt":"2023-05-04T08:04:58","guid":{"rendered":"https:\/\/ab-marineservice.com\/product\/smartsolar-mppt-150-45-mc4\/"},"modified":"2025-03-12T14:08:46","modified_gmt":"2025-03-12T13:08:46","slug":"smartsolar-mppt-150-45-mc4","status":"publish","type":"product","link":"https:\/\/ab-marineservice.com\/de\/produkt\/smartsolar-mppt-150-45-mc4\/","title":{"rendered":"SmartSolar MPPT 150\/45-MC4"},"content":{"rendered":"","protected":false},"excerpt":{"rendered":"<p>SCC115045310 Victron<\/p>\n<p>Ein Solar-Ladeger\u00e4t wird \u00fcber Solar-Module mit Energie versorgt und speichert diese dann in Batterien. Unter Verwendung der neusten und schnellsten Technologie maximiert das SmartSolar diese Energiegewinnung und lenkt sie auf intelligente Weise, um die Batterien in so kurzer Zeit wie m\u00f6glich voll aufzuladen. Das SmartSolar erh\u00e4lt die Funktionsf\u00e4higkeit der Batterie und verl\u00e4ngert so ihre Lebensdauer.<br \/>\nDer SmartSolar-Laderegler l\u00e4dt sogar eine stark entladene Batterie wieder auf. Er kann mit einer Batteriespannung von nur 0 Volt arbeiten, vorausgesetzt, die Zellen sind nicht dauerhaft sulfatiert oder anderweitig besch\u00e4digt.<\/p>\n<p>Datenblatt: <a href=\"https:\/\/www.victronenergy.de\/upload\/documents\/Datasheet-SmartSolar-charge-controller-MPPT-150-35-&#038;-150-45-DE.pdf\" rel=\"noopener\" target=\"_blank\">SmartSolar Charge Controller MPPT 150\/35 &#038; 150\/45<\/a><br \/>\nGeh\u00e4useabmessungen: <a href=\"https:\/\/www.victronenergy.de\/upload\/documents\/BS-SS-MPPT-100-50-150-35-150-45.pdf\" rel=\"noopener\" target=\"_blank\">BlueSolar &#038; SmartSolar MPPT 100\/50, 150\/35, 150\/45<\/a><br \/>\nHandbuch: <a href=\"https:\/\/www.victronenergy.com\/upload\/documents\/Manual_SmartSolar_MPPT_150-35__150-45\/29694-MPPT_solar_charger_manual-pdf-de.pdf\" rel=\"noopener\" target=\"_blank\">Manual SmartSolar MPPT 150-35 150-45 (PDF)<\/a><br \/>\nFilm: <a href=\"https:\/\/www.youtube.com\/watch?v=QG4-TYcIY30&#038;list=PLnKCJA0l3E6balmPIyOD3wmiqgVE9DeVG\" rel=\"noopener\" target=\"_blank\">Wussten Sie schon \u2013 So \u00e4ndern Sie den Namen eines Ger\u00e4ts<\/a><br \/>\n<a href=\"https:\/\/www.youtube.com\/watch?v=2L4nzNwep7g\" rel=\"noopener\" target=\"_blank\"> Wussten Sie schon \u2013 Wie erstellt man ein Batterieprofil f\u00fcr Nicht-Victron-Batterien?<\/a><br \/>\n<a href=\"https:\/\/www.youtube.com\/watch?v=dT89QtG2pS4\" rel=\"noopener\" target=\"_blank\"> Wussten Sie schon: L\u00f6sen Sie eine Dump-Ladung aus, wenn Ihre Batterien voll sind<\/a><br \/>\n<a href=\"https:\/\/www.youtube.com\/watch?v=EVAvRs32TiE\" rel=\"noopener\" target=\"_blank\">Wussten Sie schon, warum der MPPT-Laderegler 5 V DC \u00fcber der Batteriespannung startet?<\/a><\/p>\n","protected":false},"featured_media":325179,"comment_status":"open","ping_status":"closed","template":"","meta":[],"location":[],"product_brand":[],"product_cat":[4282,7837,4608,4626,7759,7756],"product_tag":[],"class_list":{"0":"post-145976","1":"product","2":"type-product","3":"status-publish","4":"has-post-thumbnail","6":"product_cat-victron-de","7":"product_cat-wechselrichter-rs-smart","8":"product_cat-umwandler","9":"product_cat-solarenergie","10":"product_cat-solar-charge-controllers-de","11":"product_cat-smartsolar-mppt-rs-de","12":"product_shipping_class-paket-0-10-kg","14":"first","15":"outofstock","16":"sale","17":"taxable","18":"shipping-taxable","19":"purchasable","20":"product-type-simple"},"group_of_quantity":0,"min_quantity":0,"max_quantity":"","exclude_order_quantity_value_rules":"no","exclude_category_quantity_rules":"no","combine_variations":"no","locations":[],"_links":{"self":[{"href":"https:\/\/ab-marineservice.com\/de\/wp-json\/wp\/v2\/product\/145976","targetHints":{"allow":["GET"]}}],"collection":[{"href":"https:\/\/ab-marineservice.com\/de\/wp-json\/wp\/v2\/product"}],"about":[{"href":"https:\/\/ab-marineservice.com\/de\/wp-json\/wp\/v2\/types\/product"}],"replies":[{"embeddable":true,"href":"https:\/\/ab-marineservice.com\/de\/wp-json\/wp\/v2\/comments?post=145976"}],"wp:featuredmedia":[{"embeddable":true,"href":"https:\/\/ab-marineservice.com\/de\/wp-json\/wp\/v2\/media\/325179"}],"wp:attachment":[{"href":"https:\/\/ab-marineservice.com\/de\/wp-json\/wp\/v2\/media?parent=145976"}],"wp:term":[{"taxonomy":"location","embeddable":true,"href":"https:\/\/ab-marineservice.com\/de\/wp-json\/wp\/v2\/location?post=145976"},{"taxonomy":"product_brand","embeddable":true,"href":"https:\/\/ab-marineservice.com\/de\/wp-json\/wp\/v2\/product_brand?post=145976"},{"taxonomy":"product_cat","embeddable":true,"href":"https:\/\/ab-marineservice.com\/de\/wp-json\/wp\/v2\/product_cat?post=145976"},{"taxonomy":"product_tag","embeddable":true,"href":"https:\/\/ab-marineservice.com\/de\/wp-json\/wp\/v2\/product_tag?post=145976"}],"curies":[{"name":"wp","href":"https:\/\/api.w.org\/{rel}","templated":true}]}}