{"id":145993,"date":"2023-05-04T09:38:53","date_gmt":"2023-05-04T08:05:22","guid":{"rendered":"https:\/\/ab-marineservice.com\/product\/bluesolar-mppt-150-100-tr-ve-can\/"},"modified":"2025-01-23T14:25:24","modified_gmt":"2025-01-23T13:25:24","slug":"bluesolar-mppt-150-100-tr-ve-can","status":"publish","type":"product","link":"https:\/\/ab-marineservice.com\/de\/produkt\/bluesolar-mppt-150-100-tr-ve-can\/","title":{"rendered":"BlueSolar MPPT 150\/100-Tr VE.Can"},"content":{"rendered":"","protected":false},"excerpt":{"rendered":"<p>SCC115110420 Victron<\/p>\n<p>Ein Solar-Ladeger\u00e4t wird \u00fcber Solar-Module mit Energie versorgt und speichert diese dann in Batterien. Unter Verwendung der neusten und schnellsten Technologie maximiert das BlueSolar diese Energiegewinnung und lenkt sie auf intelligente Weise, um die Batterien in so kurzer Zeit wie m\u00f6glich voll aufzuladen. Das Blue Solar erh\u00e4lt die Funktionsf\u00e4higkeit der Batterie und verl\u00e4ngert so ihre Lebensdauer.<\/p>\n<p>Datenblatt: <a href=\"https:\/\/www.victronenergy.de\/upload\/documents\/Datasheet-BlueSolar-charge-controller-MPPT-250-70,-150-100-&#038;-250-100-VE.Can-DE.pdf\" rel=\"noopener\" target=\"_blank\">BlueSolar MPPT 150\/35 bis zu 250\/100<\/a><br \/>\nHandbuch: <a href=\"https:\/\/www.victronenergy.com\/upload\/documents\/Manual_BlueSolar_MPPT_150-70_up_to_250-100_VE.Can\/29694-MPPT_solar_charger_manual-pdf-de.pdf?_ga=2.235477953.159383792.1712580342-1618030747.1711382177\" rel=\"noopener\" target=\"_blank\">BlueSolar MPPT 150\/35 bis zu 250\/100<\/a><br \/>\nVideos: <a href=\"https:\/\/www.youtube.com\/watch?v=QG4-TYcIY30&#038;list=PLnKCJA0l3E6balmPIyOD3wmiqgVE9DeVG\" rel=\"noopener\" target=\"_blank\">Wussten Sie schon \u2013 Wie erstellt man ein Batterieprofil f\u00fcr Nicht-Victron-Batterien?<\/a><br \/>\n<a href=\"https:\/\/www.youtube.com\/watch?v=dT89QtG2pS4&#038;list=PLnKCJA0l3E6balmPIyOD3wmiqgVE9DeVG&#038;index=3\" rel=\"noopener\" target=\"_blank\">Wussten Sie schon: L\u00f6sen Sie eine Dump-Ladung aus, wenn Ihre Batterien voll sind<\/a><br \/>\n<a href=\"https:\/\/www.youtube.com\/watch?v=EVAvRs32TiE&#038;list=PLnKCJA0l3E6balmPIyOD3wmiqgVE9DeVG&#038;index=2\" rel=\"noopener\" target=\"_blank\">Wussten Sie schon \u2013 Warum startet der MPPT-Laderegler 5 V DC \u00fcber der Batteriespannung?<\/a><br \/>\n<a href=\"https:\/\/www.youtube.com\/watch?v=vZJA4eTd6vw&#038;list=PLnKCJA0l3E6bCC56dVlVIQO1s3VxwZmbp&#038;index=7\" rel=\"noopener\" target=\"_blank\">So lesen Sie einen MPPT mit einem VE.Direct Bluetooth Smart-Dongle | Victron Energy<\/a><br \/>\n<a href=\"https:\/\/www.youtube.com\/watch?v=8yJyFZuDkuA&#038;list=PLnKCJA0l3E6bCC56dVlVIQO1s3VxwZmbp&#038;index=7\" rel=\"noopener\" target=\"_blank\">BlueSolar MPPT &#8211; VictronConnect: Live-Daten | Victron Energy<\/a><br \/>\n<a href=\"https:\/\/www.youtube.com\/watch?v=ve59J9WTm1E&#038;list=PLnKCJA0l3E6bCC56dVlVIQO1s3VxwZmbp&#038;index=6\" rel=\"noopener\" target=\"_blank\">BlueSolar MPPT &#8211; VictronConnect: So \u00e4ndern Sie die Einstellungen | Victron Energy<\/a><br \/>\n<a href=\"https:\/\/www.youtube.com\/watch?v=vZJA4eTd6vw&#038;list=PLnKCJA0l3E6bCC56dVlVIQO1s3VxwZmbp&#038;index=4\" rel=\"noopener\" target=\"_blank\">So lesen Sie einen MPPT mit einem VE.Direct Bluetooth Smart-Dongle | Victron Energy<\/a><\/p>\n","protected":false},"featured_media":308173,"comment_status":"open","ping_status":"closed","template":"","meta":[],"location":[4275,4276],"product_brand":[],"product_cat":[4282,4626,7759,7872],"product_tag":[],"class_list":{"0":"post-145993","1":"product","2":"type-product","3":"status-publish","4":"has-post-thumbnail","6":"location-aes-emmeloord","7":"location-aes-lemmer","8":"product_cat-victron-de","9":"product_cat-solarenergie","10":"product_cat-solar-charge-controllers-de","11":"product_cat-bluesolar-de","12":"product_shipping_class-paket-0-10-kg","14":"first","15":"onbackorder","16":"sale","17":"taxable","18":"shipping-taxable","19":"purchasable","20":"product-type-simple"},"group_of_quantity":0,"min_quantity":0,"max_quantity":"","exclude_order_quantity_value_rules":"no","exclude_category_quantity_rules":"no","combine_variations":"no","locations":[{"id":4275,"name":"AES Emmeloord","slug":"aes-emmeloord","quantity":""},{"id":4276,"name":"AES Lemmer","slug":"aes-lemmer","quantity":""}],"_links":{"self":[{"href":"https:\/\/ab-marineservice.com\/de\/wp-json\/wp\/v2\/product\/145993","targetHints":{"allow":["GET"]}}],"collection":[{"href":"https:\/\/ab-marineservice.com\/de\/wp-json\/wp\/v2\/product"}],"about":[{"href":"https:\/\/ab-marineservice.com\/de\/wp-json\/wp\/v2\/types\/product"}],"replies":[{"embeddable":true,"href":"https:\/\/ab-marineservice.com\/de\/wp-json\/wp\/v2\/comments?post=145993"}],"wp:featuredmedia":[{"embeddable":true,"href":"https:\/\/ab-marineservice.com\/de\/wp-json\/wp\/v2\/media\/308173"}],"wp:attachment":[{"href":"https:\/\/ab-marineservice.com\/de\/wp-json\/wp\/v2\/media?parent=145993"}],"wp:term":[{"taxonomy":"location","embeddable":true,"href":"https:\/\/ab-marineservice.com\/de\/wp-json\/wp\/v2\/location?post=145993"},{"taxonomy":"product_brand","embeddable":true,"href":"https:\/\/ab-marineservice.com\/de\/wp-json\/wp\/v2\/product_brand?post=145993"},{"taxonomy":"product_cat","embeddable":true,"href":"https:\/\/ab-marineservice.com\/de\/wp-json\/wp\/v2\/product_cat?post=145993"},{"taxonomy":"product_tag","embeddable":true,"href":"https:\/\/ab-marineservice.com\/de\/wp-json\/wp\/v2\/product_tag?post=145993"}],"curies":[{"name":"wp","href":"https:\/\/api.w.org\/{rel}","templated":true}]}}