{"id":146011,"date":"2023-05-04T09:39:09","date_gmt":"2023-05-04T08:05:46","guid":{"rendered":"https:\/\/ab-marineservice.com\/product\/bluesolar-mppt-250-100-tr-ve-can\/"},"modified":"2025-01-23T14:25:03","modified_gmt":"2025-01-23T13:25:03","slug":"bluesolar-mppt-250-100-tr-ve-can","status":"publish","type":"product","link":"https:\/\/ab-marineservice.com\/de\/produkt\/bluesolar-mppt-250-100-tr-ve-can\/","title":{"rendered":"BlueSolar MPPT 250\/100-Tr VE.Can"},"content":{"rendered":"","protected":false},"excerpt":{"rendered":"<p>SCC125110441 Victron<\/p>\n<p>Ein Solar-Ladeger\u00e4t wird \u00fcber Solar-Module mit Energie versorgt und speichert diese dann in Batterien. Unter Verwendung der neusten und schnellsten Technologie maximiert das BlueSolar diese Energiegewinnung und lenkt sie auf intelligente Weise, um die Batterien in so kurzer Zeit wie m\u00f6glich voll aufzuladen. Das Blue Solar erh\u00e4lt die Funktionsf\u00e4higkeit der Batterie und verl\u00e4ngert so ihre Lebensdauer.<\/p>\n<p>Datenbl\u00e4tt: <a href=\"https:\/\/www.victronenergy.de\/upload\/documents\/Datasheet-BlueSolar-charge-controller-MPPT-250-70,-150-100-&#038;-250-100-VE.Can-DE.pdf\" rel=\"noopener\" target=\"_blank\">BlueSolar charge controller MPPT 250\/70-Tr VE.Can, 150\/100-Tr VE.Can &#038; 250\/100-Tr VE.Can<\/a><br \/>\n<a href=\"https:\/\/www.victronenergy.de\/upload\/documents\/Datasheet-BlueSolar-and-SmartSolar-charge-controller-overview-DE.pdf\" rel=\"noopener\" target=\"_blank\">BlueSolar and SmartSolar Charge Controller MPPT &#8211; Overview<\/a><br \/>\nGeh\u00e4useabmessungen: <a href=\"https:\/\/www.victronenergy.de\/upload\/documents\/DimensionDrawing-SS-MPPT-Tr-VE.Can-(XL).pdf\" rel=\"noopener\" target=\"_blank\">BlueSolar &#038; SmartSolar MPPT 150V 250V 85A 100A Tr VE.Can<\/a><br \/>\nHandb\u00fcch: <a href=\"https:\/\/www.victronenergy.com\/upload\/documents\/Manual_BlueSolar_MPPT_150-70_up_to_250-100_VE.Can\/29694-MPPT_solar_charger_manual-pdf-de.pdf?_ga=2.267487502.1283250149.1713710143-1618030747.1711382177\" rel=\"noopener\" target=\"_blank\">Manual BlueSolar MPPT 150-70 up to 250-100 VE.Can (PDF)<\/a><br \/>\n<a href=\"https:\/\/www.victronenergy.com\/upload\/documents\/Energy_Storage_System\/6292-ESS_design_and_installation_manual-pdf-de.pdf?_ga=2.267487502.1283250149.1713710143-1618030747.1711382177\" rel=\"noopener\" target=\"_blank\">Energy Storage System (PDF)<\/a><br \/>\nFilms: <a href=\"https:\/\/www.youtube.com\/watch?v=QG4-TYcIY30&#038;list=PLnKCJA0l3E6balmPIyOD3wmiqgVE9DeVG\" rel=\"noopener\" target=\"_blank\">Did You Know &#8211; How to create a battery profile for non-Victron batteries?<\/a><\/p>\n","protected":false},"featured_media":308273,"comment_status":"open","ping_status":"closed","template":"","meta":[],"location":[4275,4276],"product_brand":[],"product_cat":[4282,4626,7759,7872],"product_tag":[],"class_list":{"0":"post-146011","1":"product","2":"type-product","3":"status-publish","4":"has-post-thumbnail","6":"location-aes-emmeloord","7":"location-aes-lemmer","8":"product_cat-victron-de","9":"product_cat-solarenergie","10":"product_cat-solar-charge-controllers-de","11":"product_cat-bluesolar-de","12":"product_shipping_class-paket-0-10-kg","14":"first","15":"onbackorder","16":"sale","17":"taxable","18":"shipping-taxable","19":"purchasable","20":"product-type-simple"},"group_of_quantity":0,"min_quantity":0,"max_quantity":"","exclude_order_quantity_value_rules":"no","exclude_category_quantity_rules":"no","combine_variations":"no","locations":[{"id":4275,"name":"AES Emmeloord","slug":"aes-emmeloord","quantity":""},{"id":4276,"name":"AES Lemmer","slug":"aes-lemmer","quantity":""}],"_links":{"self":[{"href":"https:\/\/ab-marineservice.com\/de\/wp-json\/wp\/v2\/product\/146011","targetHints":{"allow":["GET"]}}],"collection":[{"href":"https:\/\/ab-marineservice.com\/de\/wp-json\/wp\/v2\/product"}],"about":[{"href":"https:\/\/ab-marineservice.com\/de\/wp-json\/wp\/v2\/types\/product"}],"replies":[{"embeddable":true,"href":"https:\/\/ab-marineservice.com\/de\/wp-json\/wp\/v2\/comments?post=146011"}],"wp:featuredmedia":[{"embeddable":true,"href":"https:\/\/ab-marineservice.com\/de\/wp-json\/wp\/v2\/media\/308273"}],"wp:attachment":[{"href":"https:\/\/ab-marineservice.com\/de\/wp-json\/wp\/v2\/media?parent=146011"}],"wp:term":[{"taxonomy":"location","embeddable":true,"href":"https:\/\/ab-marineservice.com\/de\/wp-json\/wp\/v2\/location?post=146011"},{"taxonomy":"product_brand","embeddable":true,"href":"https:\/\/ab-marineservice.com\/de\/wp-json\/wp\/v2\/product_brand?post=146011"},{"taxonomy":"product_cat","embeddable":true,"href":"https:\/\/ab-marineservice.com\/de\/wp-json\/wp\/v2\/product_cat?post=146011"},{"taxonomy":"product_tag","embeddable":true,"href":"https:\/\/ab-marineservice.com\/de\/wp-json\/wp\/v2\/product_tag?post=146011"}],"curies":[{"name":"wp","href":"https:\/\/api.w.org\/{rel}","templated":true}]}}