{"id":146021,"date":"2023-05-04T09:39:25","date_gmt":"2023-05-04T08:05:58","guid":{"rendered":"https:\/\/ab-marineservice.com\/product\/mppt-wirebox-s-75-10-15\/"},"modified":"2025-01-23T14:24:41","modified_gmt":"2025-01-23T13:24:41","slug":"mppt-wirebox-s-75-10-15","status":"publish","type":"product","link":"https:\/\/ab-marineservice.com\/de\/produkt\/mppt-wirebox-s-75-10-15\/","title":{"rendered":"MPPT WireBox-S 75-10\/15"},"content":{"rendered":"","protected":false},"excerpt":{"rendered":"<p>SCC950100000 Victron<\/p>\n<p>Die MPPT Wirebox bietet einen zus\u00e4tzlichen Grad an Sicherheit und ist insbesondere dann sehr n\u00fctzlich, wenn Ihr MPPT Solar-Ladeger\u00e4t an einem allgemein zug\u00e4nglichen Ort installiert ist. Sie deckt alle DC-Anschl\u00fcsse ab. Dadurch werden versehentliche oder unsachgem\u00e4\u00dfe Zugriffe auf die Klemmschrauben verhindert.<\/p>\n<p>Geh\u00e4useabmessungen: <a href=\"https:\/\/www.victronenergy.de\/upload\/documents\/MPPT-WireBox-S-75-15_20-(PDF).PDF\" rel=\"noopener\" target=\"_blank\">MPPT WireBox-S 75\/10 &#038; 75\/15<\/a><\/p>\n","protected":false},"featured_media":347036,"comment_status":"open","ping_status":"closed","template":"","meta":[],"location":[4275,4276],"product_brand":[],"product_cat":[4282,4626,7759,7756],"product_tag":[],"class_list":{"0":"post-146021","1":"product","2":"type-product","3":"status-publish","4":"has-post-thumbnail","6":"location-aes-emmeloord","7":"location-aes-lemmer","8":"product_cat-victron-de","9":"product_cat-solarenergie","10":"product_cat-solar-charge-controllers-de","11":"product_cat-smartsolar-mppt-rs-de","12":"product_shipping_class-paket-0-10-kg","14":"first","15":"onbackorder","16":"sale","17":"taxable","18":"shipping-taxable","19":"purchasable","20":"product-type-simple"},"group_of_quantity":0,"min_quantity":0,"max_quantity":"","exclude_order_quantity_value_rules":"no","exclude_category_quantity_rules":"no","combine_variations":"no","locations":[{"id":4275,"name":"AES Emmeloord","slug":"aes-emmeloord","quantity":""},{"id":4276,"name":"AES Lemmer","slug":"aes-lemmer","quantity":""}],"_links":{"self":[{"href":"https:\/\/ab-marineservice.com\/de\/wp-json\/wp\/v2\/product\/146021","targetHints":{"allow":["GET"]}}],"collection":[{"href":"https:\/\/ab-marineservice.com\/de\/wp-json\/wp\/v2\/product"}],"about":[{"href":"https:\/\/ab-marineservice.com\/de\/wp-json\/wp\/v2\/types\/product"}],"replies":[{"embeddable":true,"href":"https:\/\/ab-marineservice.com\/de\/wp-json\/wp\/v2\/comments?post=146021"}],"wp:featuredmedia":[{"embeddable":true,"href":"https:\/\/ab-marineservice.com\/de\/wp-json\/wp\/v2\/media\/347036"}],"wp:attachment":[{"href":"https:\/\/ab-marineservice.com\/de\/wp-json\/wp\/v2\/media?parent=146021"}],"wp:term":[{"taxonomy":"location","embeddable":true,"href":"https:\/\/ab-marineservice.com\/de\/wp-json\/wp\/v2\/location?post=146021"},{"taxonomy":"product_brand","embeddable":true,"href":"https:\/\/ab-marineservice.com\/de\/wp-json\/wp\/v2\/product_brand?post=146021"},{"taxonomy":"product_cat","embeddable":true,"href":"https:\/\/ab-marineservice.com\/de\/wp-json\/wp\/v2\/product_cat?post=146021"},{"taxonomy":"product_tag","embeddable":true,"href":"https:\/\/ab-marineservice.com\/de\/wp-json\/wp\/v2\/product_tag?post=146021"}],"curies":[{"name":"wp","href":"https:\/\/api.w.org\/{rel}","templated":true}]}}