{"id":146044,"date":"2023-05-04T09:39:41","date_gmt":"2023-05-04T08:06:22","guid":{"rendered":"https:\/\/ab-marineservice.com\/product\/skylla-tg-48-251-230v\/"},"modified":"2024-08-07T10:43:24","modified_gmt":"2024-08-07T08:43:24","slug":"skylla-tg-48-251-230v","status":"publish","type":"product","link":"https:\/\/ab-marineservice.com\/de\/produkt\/skylla-tg-48-251-230v\/","title":{"rendered":"Skylla-TG 48\/25(1) 230V"},"content":{"rendered":"","protected":false},"excerpt":{"rendered":"<p>SDTG4800251 Victron<\/p>\n<p>Ein Ausgang mit voller Nennleistung und ein Ausgang mit 4 A. Die Ladespannung l\u00e4sst sich pr\u00e4zise genau an jedes beliebige Batterie-System anpassen. Der Eingang f\u00fcr das Ladeger\u00e4t sind 230 V bei 50\/60 HZ. Die Ladespannung l\u00e4sst sich direkt an den Batterieanschl\u00fcssen messen, um den Spannungsverlust aufgrund von Kabelwiderst\u00e4nden zu kompensieren. Ein externer Sensor erm\u00f6glicht das Messen der Batterietemperatur und das entsprechende Kompensieren der Ladespannung.<\/p>\n<p>Datenblatter: <a href=\"https:\/\/ab-marineservice.com\/wp-content\/uploads\/2023\/05\/Datasheet-Skylla-Charger-DE-4.pdf\">Datasheet-Skylla-Charger-DE<\/a><br \/>\nGehauseabmessungen: <a href=\"https:\/\/ab-marineservice.com\/wp-content\/uploads\/2023\/05\/Tech_skylla_2430_2450_4825_4850tg_preview-1.pdf\">Tech_skylla_2430_2450_4825_4850tg_preview<\/a><br \/>\nHandbuch: <a href=\"https:\/\/ab-marineservice.com\/wp-content\/uploads\/2023\/05\/Manual-TI01170-DE.pdf\">Manual-TI01170-DE<\/a><\/p>\n","protected":false},"featured_media":147231,"comment_status":"open","ping_status":"closed","template":"","meta":[],"location":[4275,4276],"product_brand":[],"product_cat":[4282,4366,4573],"product_tag":[],"class_list":{"0":"post-146044","1":"product","2":"type-product","3":"status-publish","4":"has-post-thumbnail","6":"location-aes-emmeloord","7":"location-aes-lemmer","8":"product_cat-victron-de","9":"product_cat-laden-umwandlen","10":"product_cat-skylla-tg-lader-de","11":"product_shipping_class-paket-0-10-kg","13":"first","14":"onbackorder","15":"sale","16":"taxable","17":"shipping-taxable","18":"purchasable","19":"product-type-simple"},"group_of_quantity":0,"min_quantity":0,"max_quantity":"","exclude_order_quantity_value_rules":"no","exclude_category_quantity_rules":"no","combine_variations":"no","locations":[{"id":4275,"name":"AES Emmeloord","slug":"aes-emmeloord","quantity":""},{"id":4276,"name":"AES Lemmer","slug":"aes-lemmer","quantity":""}],"_links":{"self":[{"href":"https:\/\/ab-marineservice.com\/de\/wp-json\/wp\/v2\/product\/146044","targetHints":{"allow":["GET"]}}],"collection":[{"href":"https:\/\/ab-marineservice.com\/de\/wp-json\/wp\/v2\/product"}],"about":[{"href":"https:\/\/ab-marineservice.com\/de\/wp-json\/wp\/v2\/types\/product"}],"replies":[{"embeddable":true,"href":"https:\/\/ab-marineservice.com\/de\/wp-json\/wp\/v2\/comments?post=146044"}],"wp:featuredmedia":[{"embeddable":true,"href":"https:\/\/ab-marineservice.com\/de\/wp-json\/wp\/v2\/media\/147231"}],"wp:attachment":[{"href":"https:\/\/ab-marineservice.com\/de\/wp-json\/wp\/v2\/media?parent=146044"}],"wp:term":[{"taxonomy":"location","embeddable":true,"href":"https:\/\/ab-marineservice.com\/de\/wp-json\/wp\/v2\/location?post=146044"},{"taxonomy":"product_brand","embeddable":true,"href":"https:\/\/ab-marineservice.com\/de\/wp-json\/wp\/v2\/product_brand?post=146044"},{"taxonomy":"product_cat","embeddable":true,"href":"https:\/\/ab-marineservice.com\/de\/wp-json\/wp\/v2\/product_cat?post=146044"},{"taxonomy":"product_tag","embeddable":true,"href":"https:\/\/ab-marineservice.com\/de\/wp-json\/wp\/v2\/product_tag?post=146044"}],"curies":[{"name":"wp","href":"https:\/\/api.w.org\/{rel}","templated":true}]}}