{"id":146065,"date":"2023-05-04T09:39:57","date_gmt":"2023-05-04T08:06:46","guid":{"rendered":"https:\/\/ab-marineservice.com\/product\/smartshunt-2000a-50mv\/"},"modified":"2025-05-19T17:26:43","modified_gmt":"2025-05-19T15:26:43","slug":"smartshunt-2000a-50mv","status":"publish","type":"product","link":"https:\/\/ab-marineservice.com\/de\/produkt\/smartshunt-2000a-50mv\/","title":{"rendered":"SmartShunt 2000A\/50mV"},"content":{"rendered":"","protected":false},"excerpt":{"rendered":"<p>SHU050220050 Victron<\/p>\n<p>Der SmartShunt ist ein Alles-in-einem-Batteriew\u00e4chter, nur ohne Display. Ihr Telefon fungiert als Display. Der SmartShunt verbindet sich \u00fcber Bluetooth mit der VictronConnect App auf Ihrem Telefon (oder Tablet) und Sie k\u00f6nnen alle \u00fcberwachten Batterieparameter, wie Ladezustand, Restlaufzeit, Verlaufsinformationen und vieles mehr bequem auslesen.<\/p>\n<p>Alternativ kann der SmartShunt angeschlossen und von einem GX-Ger\u00e4t gelesen werden. Der Anschluss an den SmartShunt erfolgt \u00fcber ein VE.Direct-Kabel.<\/p>\n<p>Der SmartShunt ist eine gute Alternative f\u00fcr eine BMV-Batterie\u00fcberwachung, insbesondere f\u00fcr Systeme, bei denen eine Batterie\u00fcberwachung erforderlich ist, aber weniger Verkabelung und Unordnung gew\u00fcnscht wird.<br \/>\nDer SmartShunt ist mit Bluetooth, einem VE.Direct-Port und einer Verbindung ausgestattet, die f\u00fcr Folgendes verwendet werden kann: \u00dcberwachung einer zweiten Batterie, Mittelpunkts\u00fcberwachung oder eines Temperatursensors.<\/p>\n<p>Gehauseabmessungen: <a href=\"https:\/\/ab-marineservice.com\/wp-content\/uploads\/2023\/05\/SmartShunt-2000A50mV-2.pdf\">SmartShunt-2000A50mV<\/a><br \/>\nDatenblatter: <a href=\"https:\/\/ab-marineservice.com\/wp-content\/uploads\/2023\/05\/Datasheet-SmartShunt-DE-2.pdf\">Datasheet-SmartShunt-DE<\/a><br \/>\nHandbuch:<a href=\"https:\/\/ab-marineservice.com\/wp-content\/uploads\/2023\/05\/9172-Manual_BMV_and_SmartShunt-pdf-de-5.pdf\">9172-Manual_BMV_and_SmartShunt-pdf-de<\/a><\/p>\n","protected":false},"featured_media":150049,"comment_status":"open","ping_status":"closed","template":"","meta":[],"location":[4275,4276],"product_brand":[],"product_cat":[4282,4353,4605,4561],"product_tag":[],"class_list":{"0":"post-146065","1":"product","2":"type-product","3":"status-publish","4":"has-post-thumbnail","6":"location-aes-emmeloord","7":"location-aes-lemmer","8":"product_cat-victron-de","9":"product_cat-batterie","10":"product_cat-batteriemonitore","11":"product_cat-smartshunt-de","12":"product_shipping_class-paket-0-10-kg","14":"first","15":"onbackorder","16":"sale","17":"taxable","18":"shipping-taxable","19":"purchasable","20":"product-type-simple"},"group_of_quantity":0,"min_quantity":0,"max_quantity":"","exclude_order_quantity_value_rules":"no","exclude_category_quantity_rules":"no","combine_variations":"no","locations":[{"id":4275,"name":"AES Emmeloord","slug":"aes-emmeloord","quantity":""},{"id":4276,"name":"AES Lemmer","slug":"aes-lemmer","quantity":""}],"_links":{"self":[{"href":"https:\/\/ab-marineservice.com\/de\/wp-json\/wp\/v2\/product\/146065","targetHints":{"allow":["GET"]}}],"collection":[{"href":"https:\/\/ab-marineservice.com\/de\/wp-json\/wp\/v2\/product"}],"about":[{"href":"https:\/\/ab-marineservice.com\/de\/wp-json\/wp\/v2\/types\/product"}],"replies":[{"embeddable":true,"href":"https:\/\/ab-marineservice.com\/de\/wp-json\/wp\/v2\/comments?post=146065"}],"wp:featuredmedia":[{"embeddable":true,"href":"https:\/\/ab-marineservice.com\/de\/wp-json\/wp\/v2\/media\/150049"}],"wp:attachment":[{"href":"https:\/\/ab-marineservice.com\/de\/wp-json\/wp\/v2\/media?parent=146065"}],"wp:term":[{"taxonomy":"location","embeddable":true,"href":"https:\/\/ab-marineservice.com\/de\/wp-json\/wp\/v2\/location?post=146065"},{"taxonomy":"product_brand","embeddable":true,"href":"https:\/\/ab-marineservice.com\/de\/wp-json\/wp\/v2\/product_brand?post=146065"},{"taxonomy":"product_cat","embeddable":true,"href":"https:\/\/ab-marineservice.com\/de\/wp-json\/wp\/v2\/product_cat?post=146065"},{"taxonomy":"product_tag","embeddable":true,"href":"https:\/\/ab-marineservice.com\/de\/wp-json\/wp\/v2\/product_tag?post=146065"}],"curies":[{"name":"wp","href":"https:\/\/api.w.org\/{rel}","templated":true}]}}