{"id":146076,"date":"2023-05-04T09:39:57","date_gmt":"2023-05-04T08:06:57","guid":{"rendered":"https:\/\/ab-marineservice.com\/product\/skylla-i-24-803-230v\/"},"modified":"2024-08-07T10:42:36","modified_gmt":"2024-08-07T08:42:36","slug":"skylla-i-24-803-230v","status":"publish","type":"product","link":"https:\/\/ab-marineservice.com\/de\/produkt\/skylla-i-24-803-230v\/","title":{"rendered":"Skylla-i 24\/80(3) 230V"},"content":{"rendered":"","protected":false},"excerpt":{"rendered":"<p>SKI024080002 Victron<\/p>\n<p>Ein modernes und leistungsstarkes Batterieladeger\u00e4t.<\/p>\n<p>\u2022 Die richtige Lademenge f\u00fcr eine Blei-S\u00e4ure-Batterie: angepasste Konstantspannungszeit<br \/>\n\u2022 BatterySafe-Modus: Verhinderung von Sch\u00e4den durch \u00fcberm\u00e4\u00dfige Gasentwicklung<br \/>\n\u2022 Lagerungs-Modus: Weniger Wartung und Alterung im Ruhezustand der Batterie<br \/>\n\u2022 Kleiner und leichter im Vergleich zu \u00e4hnlichen Modellen<br \/>\n\u2022 NMEA 2000\u00a0<span lang=\"EN-GB\">CAN-bus<\/span>-Anschluss<br \/>\n\u2022 PowerControl: Einstellung eines maximalen Landstroms<br \/>\n\u2022 Fernbedienung<br \/>\n\u2022 Geeignet f\u00fcr Lithium-Ionen-Batterien (LiFePo4)<\/p>\n<p>Datenblatter:\u00a0<a href=\"https:\/\/ab-marineservice.com\/wp-content\/uploads\/2023\/05\/Datasheet-Skylla-i-DE.pdf\">Datasheet-Skylla-i-DE<\/a><br \/>\nGehauseabmessungen:<a href=\"https:\/\/ab-marineservice.com\/wp-content\/uploads\/2023\/05\/Skylla-i-3output.pdf\">Skylla-i-3output<\/a><br \/>\nHandbuch:\u00a0<a href=\"https:\/\/ab-marineservice.com\/wp-content\/uploads\/2023\/05\/Manual-Skylla-i-EN-NL-FR-DE-ES-IT.pdf\">Manual-Skylla-i-EN-NL-FR-DE-ES-IT<\/a><\/p>\n","protected":false},"featured_media":151219,"comment_status":"open","ping_status":"closed","template":"","meta":[],"location":[4275,4276],"product_brand":[],"product_cat":[4282,4366,4369,4567],"product_tag":[],"class_list":{"0":"post-146076","1":"product","2":"type-product","3":"status-publish","4":"has-post-thumbnail","6":"location-aes-emmeloord","7":"location-aes-lemmer","8":"product_cat-victron-de","9":"product_cat-laden-umwandlen","10":"product_cat-batterie-ladegerate","11":"product_cat-skylla-i-de","12":"product_shipping_class-paket-0-10-kg","14":"first","15":"onbackorder","16":"sale","17":"taxable","18":"shipping-taxable","19":"purchasable","20":"product-type-simple"},"group_of_quantity":0,"min_quantity":0,"max_quantity":"","exclude_order_quantity_value_rules":"no","exclude_category_quantity_rules":"no","combine_variations":"no","locations":[{"id":4275,"name":"AES Emmeloord","slug":"aes-emmeloord","quantity":""},{"id":4276,"name":"AES Lemmer","slug":"aes-lemmer","quantity":""}],"_links":{"self":[{"href":"https:\/\/ab-marineservice.com\/de\/wp-json\/wp\/v2\/product\/146076","targetHints":{"allow":["GET"]}}],"collection":[{"href":"https:\/\/ab-marineservice.com\/de\/wp-json\/wp\/v2\/product"}],"about":[{"href":"https:\/\/ab-marineservice.com\/de\/wp-json\/wp\/v2\/types\/product"}],"replies":[{"embeddable":true,"href":"https:\/\/ab-marineservice.com\/de\/wp-json\/wp\/v2\/comments?post=146076"}],"wp:featuredmedia":[{"embeddable":true,"href":"https:\/\/ab-marineservice.com\/de\/wp-json\/wp\/v2\/media\/151219"}],"wp:attachment":[{"href":"https:\/\/ab-marineservice.com\/de\/wp-json\/wp\/v2\/media?parent=146076"}],"wp:term":[{"taxonomy":"location","embeddable":true,"href":"https:\/\/ab-marineservice.com\/de\/wp-json\/wp\/v2\/location?post=146076"},{"taxonomy":"product_brand","embeddable":true,"href":"https:\/\/ab-marineservice.com\/de\/wp-json\/wp\/v2\/product_brand?post=146076"},{"taxonomy":"product_cat","embeddable":true,"href":"https:\/\/ab-marineservice.com\/de\/wp-json\/wp\/v2\/product_cat?post=146076"},{"taxonomy":"product_tag","embeddable":true,"href":"https:\/\/ab-marineservice.com\/de\/wp-json\/wp\/v2\/product_tag?post=146076"}],"curies":[{"name":"wp","href":"https:\/\/api.w.org\/{rel}","templated":true}]}}