{"id":146104,"date":"2023-05-04T09:40:29","date_gmt":"2023-05-04T08:07:33","guid":{"rendered":"https:\/\/ab-marineservice.com\/product\/solarpanel-270w-20v-poly-1640x992x35mm-serie-4a\/"},"modified":"2025-03-17T08:47:08","modified_gmt":"2025-03-17T07:47:08","slug":"solarpanel-270w-20v-poly-1640x992x35mm-serie-4a","status":"publish","type":"product","link":"https:\/\/ab-marineservice.com\/de\/produkt\/solarpanel-270w-20v-poly-1640x992x35mm-serie-4a\/","title":{"rendered":"Solarpanel 270W-20V Poly 1640x992x35mm Serie 4a"},"content":{"rendered":"","protected":false},"excerpt":{"rendered":"<p>SPP042702000 Victron<\/p>\n<p>Berechnen Sie hier den richtigen MPPT: <a href=\"https:\/\/www.victronenergy.nl\/mppt-calculator\" target=\"_blank\">Mppt Rechenhilfe (link)<\/a><\/p>\n<p>Nettogewicht: 18.4 Kg<br \/>\nNennleistung: 270 W<br \/>\nMax-Power-Spannung: 13.7 V<br \/>\nMax-Power-Strom: 8.52 A<br \/>\nLeerlaufspannung: 38.04 V<br \/>\nKurzschlussstrom: 9.21 A<\/p>\n<p>\u2022 Geringer Temperatur-Spannungs-Koeffizient sorgt f\u00fcr hohen Wirkungsgrad auch bei hohen Temperaturen.<br \/>\n\u2022 Au\u00dfergew\u00f6hnliche Leistung auch bei geringen Lichtverh\u00e4ltnissen und hohe Lichtempfindlichkeit durch das gesamte Sonnenspektrum.<br \/>\n\u2022 25 Jahre beschr\u00e4nkte Gew\u00e4hrleistung auf Stromausgang und Leistung<br \/>\n\u2022 5 Jahre beschr\u00e4nkte Gew\u00e4hrleistung auf Material und Verarbeitung.<br \/>\n\u2022 Versiegelter, wasserdichter, multifunktioneller Verteilerkasten bietet ein hohes Ma\u00df an Sicherheit.<br \/>\n\u2022 Hochleistungs-Bypassdioden minimieren durch Beschattung verursachten Stromabfall.<br \/>\n\u2022 Das hochentwickelte EVA- (Ethylenvinylacetat-) Verkapselungssystem mit dreilagiger R\u00fcckseitenfolie entspricht den strengsten Sicherheitsbestimmungen f\u00fcr den Hochspannungsbetrieb.<br \/>\n\u2022 Durch einen stabilen, eloxierten Aluminiumrahmen lassen sich die Module mit einer Reihe von Standard-Montagesystemen einfach auf dem Dach anbringen.<br \/>\n\u2022 Das Sekuritglas von h\u00f6chster Qualit\u00e4t und mit hohem Transmissionsgrad bietet verbesserte St\u00e4rke und Sto\u00dffestigkeit.<br \/>\n\u2022 Vorverkabeltes Schnell-Anschluss-System mit PV-ST01-Steckern.<\/p>\n<p>Datenblatter: <a href=\"https:\/\/ab-marineservice.com\/wp-content\/uploads\/2023\/05\/Datasheet-BlueSolar-Polycrystalline-Panels-DE.pdf\">Datasheet-BlueSolar-Polycrystalline-Panels-DE<\/a><br \/>\nHandbuch: <a href=\"https:\/\/ab-marineservice.com\/wp-content\/uploads\/2023\/05\/Installation-Manual-BlueSolar-Panels-EN-NL-FR-DE-ES-SE-5.pdf\">Installation-Manual-BlueSolar-Panels-EN-NL-FR-DE-ES-SE<\/a><\/p>\n","protected":false},"featured_media":150134,"comment_status":"open","ping_status":"closed","template":"","meta":[],"location":[4275,4276],"product_brand":[],"product_cat":[9468],"product_tag":[],"class_list":{"0":"post-146104","1":"product","2":"type-product","3":"status-publish","4":"has-post-thumbnail","6":"location-aes-emmeloord","7":"location-aes-lemmer","8":"product_cat-victron-solarpanel-palette","9":"product_shipping_class-palettenversand","11":"first","12":"outofstock","13":"sale","14":"taxable","15":"shipping-taxable","16":"purchasable","17":"product-type-simple"},"group_of_quantity":4,"min_quantity":0,"max_quantity":"","exclude_order_quantity_value_rules":"no","exclude_category_quantity_rules":"no","combine_variations":"no","locations":[{"id":4275,"name":"AES Emmeloord","slug":"aes-emmeloord","quantity":""},{"id":4276,"name":"AES Lemmer","slug":"aes-lemmer","quantity":""}],"_links":{"self":[{"href":"https:\/\/ab-marineservice.com\/de\/wp-json\/wp\/v2\/product\/146104","targetHints":{"allow":["GET"]}}],"collection":[{"href":"https:\/\/ab-marineservice.com\/de\/wp-json\/wp\/v2\/product"}],"about":[{"href":"https:\/\/ab-marineservice.com\/de\/wp-json\/wp\/v2\/types\/product"}],"replies":[{"embeddable":true,"href":"https:\/\/ab-marineservice.com\/de\/wp-json\/wp\/v2\/comments?post=146104"}],"wp:featuredmedia":[{"embeddable":true,"href":"https:\/\/ab-marineservice.com\/de\/wp-json\/wp\/v2\/media\/150134"}],"wp:attachment":[{"href":"https:\/\/ab-marineservice.com\/de\/wp-json\/wp\/v2\/media?parent=146104"}],"wp:term":[{"taxonomy":"location","embeddable":true,"href":"https:\/\/ab-marineservice.com\/de\/wp-json\/wp\/v2\/location?post=146104"},{"taxonomy":"product_brand","embeddable":true,"href":"https:\/\/ab-marineservice.com\/de\/wp-json\/wp\/v2\/product_brand?post=146104"},{"taxonomy":"product_cat","embeddable":true,"href":"https:\/\/ab-marineservice.com\/de\/wp-json\/wp\/v2\/product_cat?post=146104"},{"taxonomy":"product_tag","embeddable":true,"href":"https:\/\/ab-marineservice.com\/de\/wp-json\/wp\/v2\/product_tag?post=146104"}],"curies":[{"name":"wp","href":"https:\/\/api.w.org\/{rel}","templated":true}]}}