{"id":146118,"date":"2023-05-04T09:40:29","date_gmt":"2023-05-04T08:07:45","guid":{"rendered":"https:\/\/ab-marineservice.com\/product\/sammelschiene-250a-4p-abdeckung\/"},"modified":"2024-08-07T10:41:45","modified_gmt":"2024-08-07T08:41:45","slug":"sammelschiene-250a-4p-abdeckung","status":"publish","type":"product","link":"https:\/\/ab-marineservice.com\/de\/produkt\/sammelschiene-250a-4p-abdeckung\/","title":{"rendered":"Sammelschiene 250A 4P + Abdeckung"},"content":{"rendered":"","protected":false},"excerpt":{"rendered":"<p>VBB125040010 Victron<\/p>\n<p>Sammelschienen werden f\u00fcr die Hochstromverteilung verwendet und dienen gleichzeitig als Anschl\u00fcsse f\u00fcr Batterien bzw. Gleichstromger\u00e4te.<\/p>\n<p>Datenblatter: <a href=\"https:\/\/ab-marineservice.com\/wp-content\/uploads\/2023\/05\/Datasheet-Busbar-250-A-4P-and-6P-with-cover-EN-1.pdf\">Datasheet-Busbar-250-A-4P-and-6P-with-cover-EN<\/a><br \/>\nGehauseabmessungen: <a href=\"https:\/\/ab-marineservice.com\/wp-content\/uploads\/2023\/05\/Busbar-250A-4P-ABS-cover.pdf\">Busbar-250A-4P-+ABS-cover<\/a><br \/>\nFilm: <a class=\"styleguide-file-type-block js-triggerHardbox\" href=\"https:\/\/www.youtube.com\/watch?v=8Ho2syEYVpA&amp;feature=youtu.be\" target=\"_blank\" rel=\"noopener\" data-id=\"10122\"><span class=\"span-caption\">Victron Energy Busbars for Electrical Installations. 150, 250 and 600 Amp versions<\/span><\/a><\/p>\n","protected":false},"featured_media":150605,"comment_status":"open","ping_status":"closed","template":"","meta":[],"location":[4275,4276],"product_brand":[],"product_cat":[4282,4612,4614,4383],"product_tag":[],"class_list":{"0":"post-146118","1":"product","2":"type-product","3":"status-publish","4":"has-post-thumbnail","6":"location-aes-emmeloord","7":"location-aes-lemmer","8":"product_cat-victron-de","9":"product_cat-dc-verteilungssysteme-sicherungen","10":"product_cat-busbars-de","11":"product_cat-sonstige","12":"product_shipping_class-paket-0-10-kg","14":"first","15":"onbackorder","16":"sale","17":"taxable","18":"shipping-taxable","19":"purchasable","20":"product-type-simple"},"group_of_quantity":0,"min_quantity":0,"max_quantity":"","exclude_order_quantity_value_rules":"no","exclude_category_quantity_rules":"no","combine_variations":"no","locations":[{"id":4275,"name":"AES Emmeloord","slug":"aes-emmeloord","quantity":""},{"id":4276,"name":"AES Lemmer","slug":"aes-lemmer","quantity":""}],"_links":{"self":[{"href":"https:\/\/ab-marineservice.com\/de\/wp-json\/wp\/v2\/product\/146118","targetHints":{"allow":["GET"]}}],"collection":[{"href":"https:\/\/ab-marineservice.com\/de\/wp-json\/wp\/v2\/product"}],"about":[{"href":"https:\/\/ab-marineservice.com\/de\/wp-json\/wp\/v2\/types\/product"}],"replies":[{"embeddable":true,"href":"https:\/\/ab-marineservice.com\/de\/wp-json\/wp\/v2\/comments?post=146118"}],"wp:featuredmedia":[{"embeddable":true,"href":"https:\/\/ab-marineservice.com\/de\/wp-json\/wp\/v2\/media\/150605"}],"wp:attachment":[{"href":"https:\/\/ab-marineservice.com\/de\/wp-json\/wp\/v2\/media?parent=146118"}],"wp:term":[{"taxonomy":"location","embeddable":true,"href":"https:\/\/ab-marineservice.com\/de\/wp-json\/wp\/v2\/location?post=146118"},{"taxonomy":"product_brand","embeddable":true,"href":"https:\/\/ab-marineservice.com\/de\/wp-json\/wp\/v2\/product_brand?post=146118"},{"taxonomy":"product_cat","embeddable":true,"href":"https:\/\/ab-marineservice.com\/de\/wp-json\/wp\/v2\/product_cat?post=146118"},{"taxonomy":"product_tag","embeddable":true,"href":"https:\/\/ab-marineservice.com\/de\/wp-json\/wp\/v2\/product_tag?post=146118"}],"curies":[{"name":"wp","href":"https:\/\/api.w.org\/{rel}","templated":true}]}}