{"id":15010,"date":"2018-03-28T19:50:07","date_gmt":"2018-03-28T17:50:07","guid":{"rendered":"https:\/\/ab-marineservice.com\/product\/relais-12v-wechsel-5-anschlusse\/"},"modified":"2025-10-23T16:17:30","modified_gmt":"2025-10-23T14:17:30","slug":"relais-12v-wechsel-20-30a-volvo-penta-873604-gluhrelais","status":"publish","type":"product","link":"https:\/\/ab-marineservice.com\/de\/produkt\/relais-12v-wechsel-20-30a-volvo-penta-873604-gluhrelais\/","title":{"rendered":"Relais 12V Wechsel 20\/30A (Volvo Penta 873604 Gl\u00fchrelais)"},"content":{"rendered":"","protected":false},"excerpt":{"rendered":"<p><strong>Physikalische Spezifikationen<\/strong><br \/>\nAnschl\u00fcsse: 5<br \/>\nSchaltplan Nr. 1 R270<br \/>\nTyp: Wechsler<\/p>\n<p>&nbsp;<br \/>\nVolvo Penta 21400091<br \/>\nVolvo Penta 873604<\/p>\n<p><strong>Elektrische Spezifikationen<\/strong><br \/>\nVolt 12<br \/>\nAmpere: 20\/30<br \/>\nElektrische Schalt- und Arbeitsrelais sind h\u00e4ufig verwendete Komponenten in elektrischen Systemen von Motoren und Anlagen. Mit einem elektrischen Relais kann man mit einem relativ kleinen Steuerstrom einen gr\u00f6\u00dferen oder anderen Strom ein- oder ausschalten \u2013 oft ein Vielfaches des Steuerstroms. Dies spart dicke Kabel und verhindert eine \u00fcberm\u00e4\u00dfige Belastung der Schaltkontakte. Im Grunde schaltet man mit einem kleinen Schalter einen gr\u00f6\u00dferen \u00fcber eine Magnetspule und einen Kontakt.<\/p>\n<p>Die Kontakte k\u00f6nnen aus Kupfer oder Silber bestehen; Silberkontakte sind besser f\u00fcr hohe Str\u00f6me geeignet.<\/p>\n<p>Die Steuerspannung, mit der das Relais eingeschaltet wird, wird normalerweise zuerst angegeben, z. B. 6 V, 12 V oder 24 V. Danach folgt der maximale Strom, den das Relais schalten kann, in Ampere.<\/p>\n<p>Ein sogenanntes Mini-Relais kann oft nur den angegebenen Maximalstrom schalten und keine dar\u00fcber hinausgehenden Spitzen aushalten. Arbeits- oder Hochleistungsrelais sind \u2013 wie der Name schon sagt \u2013 f\u00fcr schwerere Anwendungen vorgesehen. Daher sieht man hier h\u00e4ufig zwei Stromangaben (kurz\/lang), z. B. um beim Einschalten eines Motors kurzzeitig hohe Anlaufstr\u00f6me zu bew\u00e4ltigen.<\/p>\n<p>Wenn Sie Fragen zur Funktion oder Anwendung eines Relais haben, kontaktieren Sie uns gerne.<\/p>\n<p>JAGUAR<br \/>\n27DAC7687<\/p>\n<p>FERRARI<br \/>\n110355<br \/>\n30331161<br \/>\n40130106<br \/>\nFENDT<br \/>\n4272432M1<br \/>\nACP0381790<br \/>\nX820250021<br \/>\nX830250007<br \/>\nX830250008<br \/>\nX830250024000<\/p>\n<p>MERCEDES-BENZ<br \/>\nA0005455505<br \/>\nA0005458305<br \/>\nA0005458405<br \/>\nA0005459705<br \/>\nA0008210163<br \/>\nA0009828123<br \/>\nA0015310260<br \/>\nA0015429219<br \/>\nA0015429519<br \/>\nA0018211847<br \/>\nA0025421419<br \/>\nA0025427419<br \/>\nA0025428919<br \/>\nA0035422705<br \/>\nA0035452705<br \/>\nA0035458603<br \/>\nA0035458605<br \/>\nA0054555505<br \/>\nCLAAS<br \/>\n21597490<\/p>\n<p>VAUXHALL<br \/>\n1238611<br \/>\nJOHN DEERE<br \/>\nAL208597<br \/>\nAL29657<br \/>\nAL77324<br \/>\nMAGIRUS-DEUTZ<br \/>\n01164017<br \/>\n01172944<br \/>\nMAN<br \/>\n39900580028<br \/>\n81259020056<br \/>\n81259020111<br \/>\n81259020130<br \/>\n81259020171<br \/>\n81259020199<br \/>\n81259020238<br \/>\n81259020248<br \/>\nHITACHI<br \/>\n132201<br \/>\n2502201<br \/>\nSCANIA<br \/>\n243460<\/p>\n<p>BMW<br \/>\n01154228<br \/>\n34511154228<br \/>\n61311154228<br \/>\n61311334372<\/p>\n<p>ALFA ROMEO<br \/>\n116006513524<br \/>\n116106513514<\/p>\n<p>LAND ROVER<br \/>\n27DAC7687<\/p>\n<p>IVECO<br \/>\n5155318<br \/>\n9950170<br \/>\nCASE IH<br \/>\n0845436660<br \/>\n0873294260<br \/>\n3221235R2<br \/>\n84543666<br \/>\n9818018<br \/>\nK\u00c4SSBOHRER<br \/>\n7375113000<br \/>\nK\u00d6GEL<br \/>\n79520<\/p>\n<p>PORSCHE<br \/>\n99965701190<br \/>\nPCG61510110<\/p>\n<p>VOLVO<br \/>\n11987137<br \/>\n1214764<br \/>\n1259926<br \/>\n1504951<br \/>\n1504952<br \/>\n20043732011<br \/>\n43733670<br \/>\n6212233<br \/>\n831725<br \/>\n872300<br \/>\n873604<br \/>\nKRAMER<br \/>\n1000193647<br \/>\nMASSEY FERGUSON<br \/>\n4272432M1<\/p>\n<p>VW<br \/>\n2D0943383<br \/>\n2E0937099<br \/>\n431951253D<br \/>\n443951254A<br \/>\n4A0927843<\/p>\n<p>OPEL<br \/>\n01238606<br \/>\n1238307<br \/>\n1238611<br \/>\n13500119<br \/>\n6238515<br \/>\n6238564<br \/>\n90272354<br \/>\n90491314<br \/>\n90543014<\/p>\n<p>AUDI<br \/>\n2E0937099<br \/>\n443951254A<br \/>\nSTEYR<br \/>\n39700580025<br \/>\n39900580028<br \/>\n527180176000<br \/>\nINTERNATIONAL HARV.<br \/>\n146461C1<br \/>\n3221235R2<br \/>\nFAUN<br \/>\n1731116<br \/>\n1731155<\/p>\n<p>MASERATI<br \/>\n303311610<\/p>\n<p>DAF<br \/>\n0910419<\/p>\n<p>ROLLS-ROYCE<br \/>\nUD22452<br \/>\nUD26633<\/p>\n<p>DAIMLER<br \/>\nA0005459705<\/p>\n<p>RENAULT<br \/>\n5000409318<br \/>\n5516038407<br \/>\n7700810926<br \/>\n7701032100<br \/>\n7701375547<\/p>\n<p>FIAT<br \/>\n40130106<br \/>\n60507061<br \/>\n60777239<br \/>\n9940353<br \/>\n9950170<\/p>\n<p>FORD<br \/>\n06053460<br \/>\n06165402<br \/>\n1519814<br \/>\n1574754<br \/>\n71BG10B926AA<br \/>\n81DB15K235AA<br \/>\n81DB15K235RA<br \/>\n87DB15K235AA<\/p>\n<p>LANCIA<br \/>\n9940353<\/p>\n","protected":false},"featured_media":402381,"comment_status":"open","ping_status":"closed","template":"","meta":[],"location":[3905],"product_brand":[],"product_cat":[1208,1273,1275],"product_tag":[],"class_list":{"0":"post-15010","1":"product","2":"type-product","3":"status-publish","4":"has-post-thumbnail","6":"location-ab-marine-service","7":"product_cat-elektrische-bauteile","8":"product_cat-relais-de","9":"product_cat-mini-relais-12v-de","10":"product_shipping_class-paket-0-10-kg","12":"first","13":"instock","14":"sale","15":"taxable","16":"shipping-taxable","17":"purchasable","18":"product-type-simple"},"group_of_quantity":0,"min_quantity":0,"max_quantity":"","exclude_order_quantity_value_rules":"no","exclude_category_quantity_rules":"no","combine_variations":"no","locations":[{"id":3905,"name":"AB Marine","slug":"ab-marine-service","quantity":""}],"_links":{"self":[{"href":"https:\/\/ab-marineservice.com\/de\/wp-json\/wp\/v2\/product\/15010","targetHints":{"allow":["GET"]}}],"collection":[{"href":"https:\/\/ab-marineservice.com\/de\/wp-json\/wp\/v2\/product"}],"about":[{"href":"https:\/\/ab-marineservice.com\/de\/wp-json\/wp\/v2\/types\/product"}],"replies":[{"embeddable":true,"href":"https:\/\/ab-marineservice.com\/de\/wp-json\/wp\/v2\/comments?post=15010"}],"wp:featuredmedia":[{"embeddable":true,"href":"https:\/\/ab-marineservice.com\/de\/wp-json\/wp\/v2\/media\/402381"}],"wp:attachment":[{"href":"https:\/\/ab-marineservice.com\/de\/wp-json\/wp\/v2\/media?parent=15010"}],"wp:term":[{"taxonomy":"location","embeddable":true,"href":"https:\/\/ab-marineservice.com\/de\/wp-json\/wp\/v2\/location?post=15010"},{"taxonomy":"product_brand","embeddable":true,"href":"https:\/\/ab-marineservice.com\/de\/wp-json\/wp\/v2\/product_brand?post=15010"},{"taxonomy":"product_cat","embeddable":true,"href":"https:\/\/ab-marineservice.com\/de\/wp-json\/wp\/v2\/product_cat?post=15010"},{"taxonomy":"product_tag","embeddable":true,"href":"https:\/\/ab-marineservice.com\/de\/wp-json\/wp\/v2\/product_tag?post=15010"}],"curies":[{"name":"wp","href":"https:\/\/api.w.org\/{rel}","templated":true}]}}