{"id":150313,"date":"2023-05-11T16:29:47","date_gmt":"2023-05-11T14:29:47","guid":{"rendered":"https:\/\/ab-marineservice.com\/?post_type=product&#038;p=150313"},"modified":"2025-12-18T16:06:59","modified_gmt":"2025-12-18T15:06:59","slug":"motorstutze-d1-30-mit-saildrive","status":"publish","type":"product","link":"https:\/\/ab-marineservice.com\/de\/produkt\/motorstutze-d1-30-mit-saildrive\/","title":{"rendered":"Motorst\u00fctze D1-30 mit Saildrive"},"content":{"rendered":"<p>Dieser Typ Motorst\u00fctze, ist ein kompakter Schwingungsd\u00e4mpfer, einfach zu montieren und bietet eine hohe Schwingungsisolierung.<br \/>\nDer interne Puffer dieses einzigartigen Schwingungsd\u00e4mpfers sorgt daf\u00fcr, dass die Motorbewegung in drei Richtungen begrenzt wird.<\/p>\n<p>Der Motorst\u00fctze wurde speziell f\u00fcr Schiffsmotoren entwickelt, die eine hohe Frequenz mit einer kleinen Amplitude erzeugen, wie Motoren mit 4 oder mehr Zylindern oder f\u00fcr Motoren mit 2 St\u00fctzen und einer Saildrive-St\u00fctze, bei der das Gewicht auf 3 St\u00fctzen anstelle von normalerweise 4 St\u00fctzen verteilt werden sollte.<\/p>\n<p>Durch den Aufbau dieses Schwingungsd\u00e4mpfers werden die hohen Schwingungsfrequenzen und die Belastbarkeit sehr gut reduziert und mit zwei Motorlagern f\u00fcr einen Saildrive absorbiert.<br \/>\nDadurch bildet es den perfekten Puffer zwischen Motor und Motorfundament.<br \/>\nSt\u00f6rende Schwingungen werden somit enorm begrenzt und beim Segeln auf ein angenehmes Ma\u00df reduziert.<\/p>\n<p>Die H\u00f6he ist verstellbar durch einen <span style=\"color: #0000ff;\"><a style=\"color: #0000ff;\" href=\"https:\/\/ab-marineservice.com\/de\/produkt-kategorie\/motorteile\/motorstutzen\/einstellstifte\/\">Einstellstift<\/a>.<\/span> Sie k\u00f6nnen zwischen Stiftgr\u00f6\u00dfe M12 oder Stiftgr\u00f6\u00dfe M16 w\u00e4hlen, diese k\u00f6nnen auch separat bestellt werden.<\/p>\n","protected":false},"excerpt":{"rendered":"<p>Motorst\u00fctze zur optimalen D\u00e4mpfung von mittelgro\u00dfen Motoren.<br \/>\nMaximale Last pro St\u00fctze 90 kg.<br \/>\nGummih\u00e4rte: 45 shore.<br \/>\n2X 10-MM-340-B-45<\/p>\n<p>A L\u00e4nge: 183 mm<br \/>\nB H\u00f6he: 76 mm<br \/>\nC Breite: 75 mm<br \/>\nD Stich: 120 mm<\/p>\n<p>Einstellung der Schwingungsd\u00e4mpfer: <a href=\"https:\/\/ab-marineservice.com\/wp-content\/uploads\/2025\/12\/Korrekte-Einstellung-von-flexiblen-Schwingungsdampfern-fur-einen-Schiffsmotor.pdf\">Bedingungen f\u00fcr die korrekte Einstellung<\/a><\/p>\n<p>Angewendet f\u00fcr:<br \/>\nVolvo Penta D1-30 Saildrive, D1-20 Saildrive, MD20203 Saildrive, MD2030 Saildrive<\/p>\n","protected":false},"featured_media":155122,"comment_status":"open","ping_status":"closed","template":"","meta":[],"location":[15440],"product_brand":[],"product_cat":[1222,1431,3977],"product_tag":[],"class_list":{"0":"post-150313","1":"product","2":"type-product","3":"status-publish","4":"has-post-thumbnail","6":"location-vce","7":"product_cat-motorteile","8":"product_cat-motorstutzen","9":"product_cat-motorstutzen-4-zylinder-max-60ps","10":"product_shipping_class-paket-0-10-kg","12":"first","13":"onbackorder","14":"sale","15":"taxable","16":"shipping-taxable","17":"purchasable","18":"product-type-simple"},"group_of_quantity":0,"min_quantity":0,"max_quantity":"","exclude_order_quantity_value_rules":"no","exclude_category_quantity_rules":"no","combine_variations":"no","locations":[{"id":15440,"name":"VCE","slug":"vce","quantity":""}],"_links":{"self":[{"href":"https:\/\/ab-marineservice.com\/de\/wp-json\/wp\/v2\/product\/150313","targetHints":{"allow":["GET"]}}],"collection":[{"href":"https:\/\/ab-marineservice.com\/de\/wp-json\/wp\/v2\/product"}],"about":[{"href":"https:\/\/ab-marineservice.com\/de\/wp-json\/wp\/v2\/types\/product"}],"replies":[{"embeddable":true,"href":"https:\/\/ab-marineservice.com\/de\/wp-json\/wp\/v2\/comments?post=150313"}],"wp:featuredmedia":[{"embeddable":true,"href":"https:\/\/ab-marineservice.com\/de\/wp-json\/wp\/v2\/media\/155122"}],"wp:attachment":[{"href":"https:\/\/ab-marineservice.com\/de\/wp-json\/wp\/v2\/media?parent=150313"}],"wp:term":[{"taxonomy":"location","embeddable":true,"href":"https:\/\/ab-marineservice.com\/de\/wp-json\/wp\/v2\/location?post=150313"},{"taxonomy":"product_brand","embeddable":true,"href":"https:\/\/ab-marineservice.com\/de\/wp-json\/wp\/v2\/product_brand?post=150313"},{"taxonomy":"product_cat","embeddable":true,"href":"https:\/\/ab-marineservice.com\/de\/wp-json\/wp\/v2\/product_cat?post=150313"},{"taxonomy":"product_tag","embeddable":true,"href":"https:\/\/ab-marineservice.com\/de\/wp-json\/wp\/v2\/product_tag?post=150313"}],"curies":[{"name":"wp","href":"https:\/\/api.w.org\/{rel}","templated":true}]}}