{"id":15426,"date":"2018-03-22T15:51:33","date_gmt":"2018-03-22T14:51:33","guid":{"rendered":"https:\/\/ab-marineservice.com\/product\/impellerpumpe-volvo-penta-d25a-mt-d25a-ms-d30a-mt-d30a-ms\/"},"modified":"2025-09-10T14:13:53","modified_gmt":"2025-09-10T12:13:53","slug":"impellerpumpe-volvo-penta-d25-d30-kuhlwasserpumpe","status":"publish","type":"product","link":"https:\/\/ab-marineservice.com\/de\/produkt\/impellerpumpe-volvo-penta-d25-d30-kuhlwasserpumpe\/","title":{"rendered":"Impellerpumpe Volvo Penta D25, D30 K\u00fchlwasserpumpe"},"content":{"rendered":"<p><strong>Die Pumpe wird inklusive Laufrad geliefert.<\/strong><\/p>\n<p>Impellerpumpe Volvo Penta D25 D30 K\u00fchlwasserpumpe Entwickelt und verbessert, daher ideal zum Ersetzen Ihrer originalen Bootspumpe<\/p>\n<p>Produktinformationen und Spezifikationen:<br \/>\nGebrauchtes JMP-Laufrad, Teilenummer: 9100-01K<br \/>\nAnschlussgr\u00f6\u00dfe: 2 1\/2&#8243;<br \/>\nAnschlussart: Flansch<br \/>\nPumpengr\u00f6\u00dfe (LxBxH): 295 mm x 213 mm x 186 mm<br \/>\nPumpengewicht (ca.): 22,05 kg<br \/>\nKleines Wartungskit: JSM0021 (*separat erh\u00e4ltlich)<br \/>\nDiese K\u00fchlwasserpumpe passt unter anderem f\u00fcr folgende Volvo Penta Schiffsmotoren D25A-MT, D25A-MS, D30A-MT, D30A-MS<br \/>\nErsetzt: Volvo Penta-Teil. 3835188<br \/>\nDiese K\u00fchlwasserpumpe passt f\u00fcr die folgenden Mitsubishi-Schiffsmotoren: S6A, S6B, S6R, S6R2<br \/>\nErsetzt: Mitsubishi-Teil. 37553-18102, 37553-28100, 37555-101N0, 37553-10100<\/p>\n<p>Antriebsradoptionen (separat erh\u00e4ltlich):<br \/>\nMotormodell S6A3 = Getriebe Nr. GEA0010 (Mitsubishi 42763-00200)<br \/>\nMotormodell S6B5 = Getriebe Nr. GEA0026 (Mitsubishi 34A53-01200)<br \/>\nMotormodell S6R, S6R2 = Getriebe Nr. GEA0019 (Mitsubishi F2330-22005)<\/p>\n<p>Direkter Ersatz<br \/>\nTeile intern kompatibel und austauschbar mit Original<br \/>\nPlug &amp; Play-Ersatz<br \/>\nGleitringdichtung<br \/>\nDickwandiges, robustes Pumpengeh\u00e4use aus Bronze, seewasserbest\u00e4ndig<br \/>\nHochwertige Antriebswelle aus Edelstahl (3X-Serie, nicht magnetisch)<br \/>\nEntwickelt f\u00fcr den einfachen Austausch von Ersatzteilen<br \/>\nLeistungsstarkes und flexibles Laufrad mit langer Lebensdauer<\/p>\n","protected":false},"excerpt":{"rendered":"<p><strong>Die Pumpe wird inklusive Laufrad geliefert.<\/strong><\/p>\n<p>Diese K\u00fchlwasserpumpe f\u00fcr die Volvo Penta-Schiffsmotoren ist ideal f\u00fcr den Ersatz der originalen Johnson-, Jabsco-, Ancor- oder Sherwood-Impellerpumpe. Die hochwertige und h\u00e4ufig verbesserte Version des Originals bietet eine zuverl\u00e4ssige L\u00f6sung f\u00fcr den Austausch Ihrer Bootspumpe. Alle Teile wie der Impeller und die innere Verschlei\u00dfteile sind die gleichen wie die Originalversion f\u00fcr Wartung oder \u00dcberholung, sodass Sie immer noch \u00fcberall hingehen k\u00f6nnen.<\/p>\n<p>Diese K\u00fchlwasserpumpe passt u.a. auf die folgenden Volvo Penta-Schiffsmotoren<br \/>\n<strong> D25A-MT, D25A-MS, D30A-MT, D30A-MS<\/strong>,<\/p>\n<p>Ersetzt: Volvo Penta <strong> 3835188<\/strong><\/p>\n<p><a href=\"https:\/\/ab-marineservice.com\/de\/produkt\/produkt-53\/\">Erzetz Impeller\u00a0<\/a><\/p>\n<p>Bei Fragen zu diesem Produkt, dieser Teile oder dem Typ oder der Anwendung wenden Sie sich bitte an uns.<br \/>\nEs kann verschiedene Typen oder Nummern geben, die auch zu diesem K\u00fchlpumpentyp passen.<\/p>\n","protected":false},"featured_media":18230,"comment_status":"open","ping_status":"closed","template":"","meta":[],"location":[3906],"product_brand":[],"product_cat":[1316,1320,1343],"product_tag":[],"class_list":{"0":"post-15426","1":"product","2":"type-product","3":"status-publish","4":"has-post-thumbnail","6":"location-dintra","7":"product_cat-impellerpumpen","8":"product_cat-impellerpumpen-motorspezifisch","9":"product_cat-volvo-penta-de-2","10":"product_shipping_class-paket-0-10-kg","12":"first","13":"outofstock","14":"taxable","15":"shipping-taxable","16":"purchasable","17":"product-type-simple"},"group_of_quantity":0,"min_quantity":0,"max_quantity":"","exclude_order_quantity_value_rules":"no","exclude_category_quantity_rules":"no","combine_variations":"no","locations":[{"id":3906,"name":"Dintra","slug":"dintra","quantity":""}],"_links":{"self":[{"href":"https:\/\/ab-marineservice.com\/de\/wp-json\/wp\/v2\/product\/15426","targetHints":{"allow":["GET"]}}],"collection":[{"href":"https:\/\/ab-marineservice.com\/de\/wp-json\/wp\/v2\/product"}],"about":[{"href":"https:\/\/ab-marineservice.com\/de\/wp-json\/wp\/v2\/types\/product"}],"replies":[{"embeddable":true,"href":"https:\/\/ab-marineservice.com\/de\/wp-json\/wp\/v2\/comments?post=15426"}],"wp:featuredmedia":[{"embeddable":true,"href":"https:\/\/ab-marineservice.com\/de\/wp-json\/wp\/v2\/media\/18230"}],"wp:attachment":[{"href":"https:\/\/ab-marineservice.com\/de\/wp-json\/wp\/v2\/media?parent=15426"}],"wp:term":[{"taxonomy":"location","embeddable":true,"href":"https:\/\/ab-marineservice.com\/de\/wp-json\/wp\/v2\/location?post=15426"},{"taxonomy":"product_brand","embeddable":true,"href":"https:\/\/ab-marineservice.com\/de\/wp-json\/wp\/v2\/product_brand?post=15426"},{"taxonomy":"product_cat","embeddable":true,"href":"https:\/\/ab-marineservice.com\/de\/wp-json\/wp\/v2\/product_cat?post=15426"},{"taxonomy":"product_tag","embeddable":true,"href":"https:\/\/ab-marineservice.com\/de\/wp-json\/wp\/v2\/product_tag?post=15426"}],"curies":[{"name":"wp","href":"https:\/\/api.w.org\/{rel}","templated":true}]}}