{"id":156879,"date":"2023-06-09T15:53:47","date_gmt":"2023-06-09T13:53:47","guid":{"rendered":"https:\/\/ab-marineservice.com\/product\/anschlussmutter-mit-flansch-3-4\/"},"modified":"2025-10-01T13:34:59","modified_gmt":"2025-10-01T11:34:59","slug":"anschlussmutter-mit-flansch-3-4","status":"publish","type":"product","link":"https:\/\/ab-marineservice.com\/de\/produkt\/anschlussmutter-mit-flansch-3-4\/","title":{"rendered":"Anschlussmutter mit Flansch 3\/4"},"content":{"rendered":"<p>Wichtiger Hinweis:<br \/>\nBei BSP-Gewinden (British Standard Pipe) entspricht die Zollgr\u00f6\u00dfe nicht dem Au\u00dfendurchmesser des Gewindes. Es ist daher nicht korrekt, den Durchmesser eines Rohrs oder Borddurchlasses selbst zu messen und diesen von Zoll in Millimeter umzurechnen; dies f\u00fchrt immer zu falschen Ma\u00dfen. Ma\u00dfgeblich ist n\u00e4mlich der Innendurchmesser der Durchlass\u00f6ffnung.<\/p>\n","protected":false},"excerpt":{"rendered":"<p>Anschlussmutter mit Flansch 3\/4<\/p>\n","protected":false},"featured_media":156242,"comment_status":"open","ping_status":"open","template":"","meta":[],"location":[4275,4276],"product_brand":[],"product_cat":[23584,4381,4618],"product_tag":[],"class_list":{"0":"post-156879","1":"product","2":"type-product","3":"status-publish","4":"has-post-thumbnail","6":"location-aes-emmeloord","7":"location-aes-lemmer","8":"product_cat-messingfitting","9":"product_cat-messing-fittinge-de","10":"product_cat-messing-muttern","11":"product_shipping_class-paket-0-10-kg","13":"first","14":"instock","15":"sale","16":"taxable","17":"shipping-taxable","18":"purchasable","19":"product-type-simple"},"group_of_quantity":0,"min_quantity":0,"max_quantity":"","exclude_order_quantity_value_rules":"no","exclude_category_quantity_rules":"no","combine_variations":"no","locations":[{"id":4275,"name":"AES Emmeloord","slug":"aes-emmeloord","quantity":""},{"id":4276,"name":"AES Lemmer","slug":"aes-lemmer","quantity":""}],"_links":{"self":[{"href":"https:\/\/ab-marineservice.com\/de\/wp-json\/wp\/v2\/product\/156879","targetHints":{"allow":["GET"]}}],"collection":[{"href":"https:\/\/ab-marineservice.com\/de\/wp-json\/wp\/v2\/product"}],"about":[{"href":"https:\/\/ab-marineservice.com\/de\/wp-json\/wp\/v2\/types\/product"}],"replies":[{"embeddable":true,"href":"https:\/\/ab-marineservice.com\/de\/wp-json\/wp\/v2\/comments?post=156879"}],"wp:featuredmedia":[{"embeddable":true,"href":"https:\/\/ab-marineservice.com\/de\/wp-json\/wp\/v2\/media\/156242"}],"wp:attachment":[{"href":"https:\/\/ab-marineservice.com\/de\/wp-json\/wp\/v2\/media?parent=156879"}],"wp:term":[{"taxonomy":"location","embeddable":true,"href":"https:\/\/ab-marineservice.com\/de\/wp-json\/wp\/v2\/location?post=156879"},{"taxonomy":"product_brand","embeddable":true,"href":"https:\/\/ab-marineservice.com\/de\/wp-json\/wp\/v2\/product_brand?post=156879"},{"taxonomy":"product_cat","embeddable":true,"href":"https:\/\/ab-marineservice.com\/de\/wp-json\/wp\/v2\/product_cat?post=156879"},{"taxonomy":"product_tag","embeddable":true,"href":"https:\/\/ab-marineservice.com\/de\/wp-json\/wp\/v2\/product_tag?post=156879"}],"curies":[{"name":"wp","href":"https:\/\/api.w.org\/{rel}","templated":true}]}}