{"id":156949,"date":"2023-06-09T15:55:44","date_gmt":"2023-06-09T13:55:44","guid":{"rendered":"https:\/\/ab-marineservice.com\/product\/schlauchtuelle-mit-aussengewinde-2-x-50-mm\/"},"modified":"2025-09-30T16:05:40","modified_gmt":"2025-09-30T14:05:40","slug":"schlauchtuelle-mit-aussengewinde-2-x-50-mm","status":"publish","type":"product","link":"https:\/\/ab-marineservice.com\/de\/produkt\/schlauchtuelle-mit-aussengewinde-2-x-50-mm\/","title":{"rendered":"Schlaucht\u00fclle mit Au\u00dfengewinde 2&#8243; x 50 mm"},"content":{"rendered":"","protected":false},"excerpt":{"rendered":"<p>Schlaucht\u00fclle mit Au\u00dfengewinde 2&#8243; x 50 mm<\/p>\n","protected":false},"featured_media":287190,"comment_status":"open","ping_status":"open","template":"","meta":[],"location":[4275,4276],"product_brand":[],"product_cat":[23584,4381,4526,4622],"product_tag":[],"class_list":{"0":"post-156949","1":"product","2":"type-product","3":"status-publish","4":"has-post-thumbnail","6":"location-aes-emmeloord","7":"location-aes-lemmer","8":"product_cat-messingfitting","9":"product_cat-messing-fittinge-de","10":"product_cat-messing-schlauchtuelle","11":"product_cat-messing-schlauchtuellen-aussengewinde","12":"product_shipping_class-paket-0-10-kg","14":"first","15":"instock","16":"sale","17":"taxable","18":"shipping-taxable","19":"purchasable","20":"product-type-simple"},"group_of_quantity":0,"min_quantity":0,"max_quantity":"","exclude_order_quantity_value_rules":"no","exclude_category_quantity_rules":"no","combine_variations":"no","locations":[{"id":4275,"name":"AES Emmeloord","slug":"aes-emmeloord","quantity":""},{"id":4276,"name":"AES Lemmer","slug":"aes-lemmer","quantity":""}],"_links":{"self":[{"href":"https:\/\/ab-marineservice.com\/de\/wp-json\/wp\/v2\/product\/156949","targetHints":{"allow":["GET"]}}],"collection":[{"href":"https:\/\/ab-marineservice.com\/de\/wp-json\/wp\/v2\/product"}],"about":[{"href":"https:\/\/ab-marineservice.com\/de\/wp-json\/wp\/v2\/types\/product"}],"replies":[{"embeddable":true,"href":"https:\/\/ab-marineservice.com\/de\/wp-json\/wp\/v2\/comments?post=156949"}],"wp:featuredmedia":[{"embeddable":true,"href":"https:\/\/ab-marineservice.com\/de\/wp-json\/wp\/v2\/media\/287190"}],"wp:attachment":[{"href":"https:\/\/ab-marineservice.com\/de\/wp-json\/wp\/v2\/media?parent=156949"}],"wp:term":[{"taxonomy":"location","embeddable":true,"href":"https:\/\/ab-marineservice.com\/de\/wp-json\/wp\/v2\/location?post=156949"},{"taxonomy":"product_brand","embeddable":true,"href":"https:\/\/ab-marineservice.com\/de\/wp-json\/wp\/v2\/product_brand?post=156949"},{"taxonomy":"product_cat","embeddable":true,"href":"https:\/\/ab-marineservice.com\/de\/wp-json\/wp\/v2\/product_cat?post=156949"},{"taxonomy":"product_tag","embeddable":true,"href":"https:\/\/ab-marineservice.com\/de\/wp-json\/wp\/v2\/product_tag?post=156949"}],"curies":[{"name":"wp","href":"https:\/\/api.w.org\/{rel}","templated":true}]}}