{"id":157394,"date":"2023-06-12T16:13:56","date_gmt":"2023-06-12T14:13:56","guid":{"rendered":"https:\/\/ab-marineservice.com\/?post_type=product&#038;p=157394"},"modified":"2025-12-18T16:25:52","modified_gmt":"2025-12-18T15:25:52","slug":"motorstutzensatz-yanmar-4jh4e","status":"publish","type":"product","link":"https:\/\/ab-marineservice.com\/de\/produkt\/motorstutzensatz-yanmar-4jh4e\/","title":{"rendered":"Motorst\u00fctzensatz Yanmar 4JH4E"},"content":{"rendered":"<p>Dieser Motorst\u00fctzensatz Yanmar 4JH4E ist ein kompakter Schwingungsd\u00e4mpfersatz von 4, mit hohem D\u00e4mpfungsverm\u00f6gen gegen gro\u00dfe Auslenkungen.<br \/>\nDieser Motorst\u00fctze wurde speziell f\u00fcr Yanmar-Motoren entwickelt, speziell f\u00fcr die YM- und GM-Serie.<br \/>\n<strong>OEM Nummer: 129670-08340 \/ 129670-08350 \/ 120149-08431<\/strong><\/p>\n<p>Aufgrund der Konstruktion und des hohen D\u00e4mpfungsverm\u00f6gens ist dieser Typ Motorst\u00fctze geeignet f\u00fcr folgenden 2, 3 oder 4 Zylinder Dieselmotoren.<br \/>\nDurch den integrierten Fahrbegrenzer kann die Sto\u00dfbewegung um bis zu 5G reduziert werden.<br \/>\nSt\u00f6rende Schwingungen werden somit enorm begrenzt und beim Segeln auf ein angenehmes Ma\u00df reduziert.<\/p>\n<p>YM-St\u00fctzen eignen sich sehr gut f\u00fcr mobile \/ maritime Anwendungen.<br \/>\nDie H\u00f6he ist durch einen Stift verstellbar.<\/p>\n","protected":false},"excerpt":{"rendered":"<p>Dieser Typ Motorst\u00fctzensatz Yanmar 4JH4E ist ein kompakter Schwingungsd\u00e4mpfer mit hohem D\u00e4mpfungsverm\u00f6gen gegen gro\u00dfe Auslenkungen, speziell f\u00fcr Yanmar-Motoren.<br \/>\nMotorst\u00fctze zur optimalen D\u00e4mpfung von kleinen bis mittelgro\u00dfen Yanmar Motoren.<br \/>\n<strong>OEM Nummer: 129670-08340\/ 129670-08350\/ 120149-08431\/ 129670-08350\/ 129670-08351\/ 129470-08350\/ 120147-08340\/ 129470-08351<\/strong><br \/>\nMaximale Last pro St\u00fctze 100 kg.<br \/>\nGummih\u00e4rte: 60 shore.<br \/>\nH\u00f6heneinstellstift: M16<\/p>\n<p>2 x 10-YM-200-B-60 (Typ 150)<br \/>\n2x 10-YM-200-B-70 (Typ 200)<\/p>\n<p>A L\u00e4nge: 206 mm<br \/>\nB H\u00f6he: 76 mm<br \/>\nC Breite: 60 mm<br \/>\nD Stich: 174 mm<\/p>\n<p>Einstellung der Schwingungsd\u00e4mpfer: <a href=\"https:\/\/ab-marineservice.com\/wp-content\/uploads\/2025\/12\/Korrekte-Einstellung-von-flexiblen-Schwingungsdampfern-fur-einen-Schiffsmotor.pdf\">Bedingungen f\u00fcr die korrekte Einstellung<\/a><\/p>\n<p>Dieser Motorst\u00fctzensatz kann f\u00fcr folgende Typen verwendet werden:<br \/>\nYanmar: 4JH4E,<\/p>\n","protected":false},"featured_media":140343,"comment_status":"open","ping_status":"closed","template":"","meta":[],"location":[15440],"product_brand":[],"product_cat":[1222,1431,4075],"product_tag":[],"class_list":{"0":"post-157394","1":"product","2":"type-product","3":"status-publish","4":"has-post-thumbnail","6":"location-vce","7":"product_cat-motorteile","8":"product_cat-motorstutzen","9":"product_cat-motorspezifisch","10":"product_shipping_class-paket-0-10-kg","12":"first","13":"onbackorder","14":"sale","15":"taxable","16":"shipping-taxable","17":"purchasable","18":"product-type-simple"},"group_of_quantity":0,"min_quantity":0,"max_quantity":"","exclude_order_quantity_value_rules":"no","exclude_category_quantity_rules":"no","combine_variations":"no","locations":[{"id":15440,"name":"VCE","slug":"vce","quantity":""}],"_links":{"self":[{"href":"https:\/\/ab-marineservice.com\/de\/wp-json\/wp\/v2\/product\/157394","targetHints":{"allow":["GET"]}}],"collection":[{"href":"https:\/\/ab-marineservice.com\/de\/wp-json\/wp\/v2\/product"}],"about":[{"href":"https:\/\/ab-marineservice.com\/de\/wp-json\/wp\/v2\/types\/product"}],"replies":[{"embeddable":true,"href":"https:\/\/ab-marineservice.com\/de\/wp-json\/wp\/v2\/comments?post=157394"}],"wp:featuredmedia":[{"embeddable":true,"href":"https:\/\/ab-marineservice.com\/de\/wp-json\/wp\/v2\/media\/140343"}],"wp:attachment":[{"href":"https:\/\/ab-marineservice.com\/de\/wp-json\/wp\/v2\/media?parent=157394"}],"wp:term":[{"taxonomy":"location","embeddable":true,"href":"https:\/\/ab-marineservice.com\/de\/wp-json\/wp\/v2\/location?post=157394"},{"taxonomy":"product_brand","embeddable":true,"href":"https:\/\/ab-marineservice.com\/de\/wp-json\/wp\/v2\/product_brand?post=157394"},{"taxonomy":"product_cat","embeddable":true,"href":"https:\/\/ab-marineservice.com\/de\/wp-json\/wp\/v2\/product_cat?post=157394"},{"taxonomy":"product_tag","embeddable":true,"href":"https:\/\/ab-marineservice.com\/de\/wp-json\/wp\/v2\/product_tag?post=157394"}],"curies":[{"name":"wp","href":"https:\/\/api.w.org\/{rel}","templated":true}]}}