{"id":157967,"date":"2023-06-17T17:04:03","date_gmt":"2023-06-17T15:04:04","guid":{"rendered":"https:\/\/ab-marineservice.com\/?post_type=product&#038;p=157967"},"modified":"2025-08-25T19:10:55","modified_gmt":"2025-08-25T17:10:55","slug":"volvo-penta-2003-kuhlwasser-gummi-ringensatz-14x","status":"publish","type":"product","link":"https:\/\/ab-marineservice.com\/de\/produkt\/volvo-penta-2003-kuhlwasser-gummi-ringensatz-14x\/","title":{"rendered":"Volvo Penta 2003  K\u00fchlwasser Gummi Ringensatz (14x)"},"content":{"rendered":"","protected":false},"excerpt":{"rendered":"<p>Dichtungssatz Wasserleitung (Frischwasser) und Dichtungen Kraftstoffleitung f\u00fcr den Motor.<\/p>\n<p>Dichtringensatz f\u00fcr Volvo Penta 2003<\/p>\n<p>Alle 2003-Motoren haben Frischwasserk\u00fchlung und W\u00e4rmetauscher, so dass unsere Kits Dichtungen f\u00fcr diese Rohrleitungen enthalten.<\/p>\n<p>Enth\u00e4lt u.a.<\/p>\n<p>418411 Dichtung Zirkulationspumpe<br \/>\n418445 Dichtung Leitung<br \/>\n418411 Dichtung Leitung<br \/>\n829714 Dichtung W\u00e4rmetauscher<\/p>\n","protected":false},"featured_media":157981,"comment_status":"open","ping_status":"closed","template":"","meta":[],"location":[3905,15434],"product_brand":[],"product_cat":[1316,2207,1343],"product_tag":[],"class_list":{"0":"post-157967","1":"product","2":"type-product","3":"status-publish","4":"has-post-thumbnail","6":"location-ab-marine-service","7":"location-parts4engines","8":"product_cat-impellerpumpen","9":"product_cat-impeller","10":"product_cat-volvo-penta-de-2","11":"product_shipping_class-paket-0-10-kg","13":"first","14":"instock","15":"sale","16":"taxable","17":"shipping-taxable","18":"purchasable","19":"product-type-simple"},"group_of_quantity":0,"min_quantity":0,"max_quantity":"","exclude_order_quantity_value_rules":"no","exclude_category_quantity_rules":"no","combine_variations":"no","locations":[{"id":3905,"name":"AB Marine","slug":"ab-marine-service","quantity":""},{"id":15434,"name":"Parts4Engines","slug":"parts4engines","quantity":""}],"_links":{"self":[{"href":"https:\/\/ab-marineservice.com\/de\/wp-json\/wp\/v2\/product\/157967","targetHints":{"allow":["GET"]}}],"collection":[{"href":"https:\/\/ab-marineservice.com\/de\/wp-json\/wp\/v2\/product"}],"about":[{"href":"https:\/\/ab-marineservice.com\/de\/wp-json\/wp\/v2\/types\/product"}],"replies":[{"embeddable":true,"href":"https:\/\/ab-marineservice.com\/de\/wp-json\/wp\/v2\/comments?post=157967"}],"wp:featuredmedia":[{"embeddable":true,"href":"https:\/\/ab-marineservice.com\/de\/wp-json\/wp\/v2\/media\/157981"}],"wp:attachment":[{"href":"https:\/\/ab-marineservice.com\/de\/wp-json\/wp\/v2\/media?parent=157967"}],"wp:term":[{"taxonomy":"location","embeddable":true,"href":"https:\/\/ab-marineservice.com\/de\/wp-json\/wp\/v2\/location?post=157967"},{"taxonomy":"product_brand","embeddable":true,"href":"https:\/\/ab-marineservice.com\/de\/wp-json\/wp\/v2\/product_brand?post=157967"},{"taxonomy":"product_cat","embeddable":true,"href":"https:\/\/ab-marineservice.com\/de\/wp-json\/wp\/v2\/product_cat?post=157967"},{"taxonomy":"product_tag","embeddable":true,"href":"https:\/\/ab-marineservice.com\/de\/wp-json\/wp\/v2\/product_tag?post=157967"}],"curies":[{"name":"wp","href":"https:\/\/api.w.org\/{rel}","templated":true}]}}