{"id":159013,"date":"2023-06-30T10:51:21","date_gmt":"2023-06-30T08:51:21","guid":{"rendered":"https:\/\/ab-marineservice.com\/?post_type=product&#038;p=159013"},"modified":"2025-12-18T16:23:56","modified_gmt":"2025-12-18T15:23:56","slug":"motorstutzensatz-volvo-penta-md7a","status":"publish","type":"product","link":"https:\/\/ab-marineservice.com\/de\/produkt\/motorstutzensatz-volvo-penta-md7a\/","title":{"rendered":"Motorst\u00fctzensatz Volvo Penta MD7A"},"content":{"rendered":"<p>Dieser Motorlagersatz (Volvo Penta MD7A) ist ein kompakter Schwingungsd\u00e4mpfer. Der Satz ist einfach zu montieren und bietet eine hohe Schwingungsisolierung. Die Bewegung des Motors wird in drei Richtungen durch den internen Puffer dieses einzigartigen Schwingungsd\u00e4mpfers begrenzt.<\/p>\n<p>Die Motorst\u00fctze ist speziell f\u00fcr Schiffsmotoren entwickelt, die eine hohe Frequenz erzeugen, wie Motoren mit 4 oder mehr Zylindern. Dank der Zusammensetzung dieses Schwingungsd\u00e4mpfers wird die Masse kontrolliert. Dadurch bietet der Satz die perfekte Pufferfunktion zwischen dem Motor und dem Motorfundament. Das Ergebnis ist, dass l\u00e4stige Vibrationen w\u00e4hrend der Fahrt erheblich reduziert und auf ein angenehmes Ma\u00df gebracht werden.<\/p>\n<p>Die H\u00f6he ist \u00fcber den Standard-M12-Stift einstellbar. Wenn die Lochgr\u00f6\u00dfe Ihrer St\u00fctzbeine\/Arme unterschiedlich ist, haben Sie die Wahl zwischen einem Stift M12 oder M18. Diese k\u00f6nnen separat bestellt werden.<\/p>\n<p>Mit diesem Motorlagersatz, speziell entwickelt f\u00fcr den Volvo Penta MD7A, werden Sie mit der D\u00e4mpfung zufrieden sein, die er bietet. Der Satz ist einfach zu bestellen und bietet die M\u00f6glichkeit, nach der Installation vibrationsfrei zu segeln.<\/p>\n","protected":false},"excerpt":{"rendered":"<p>Maximale Last pro St\u00fctze <span class=\"base\" data-ui-id=\"page-title-wrapper\">125<\/span>kg.<br \/>\nGummih\u00e4rte: 75 shore.<br \/>\n4x 10-IM-130-B-75<\/p>\n<p>A L\u00e4nge: 120 mm<br \/>\nB H\u00f6he: 34 mm<br \/>\nC Breite: 60 mm<br \/>\nD Stich: 100 mm<\/p>\n<p>Einstellung der Schwingungsd\u00e4mpfer: <a href=\"https:\/\/ab-marineservice.com\/wp-content\/uploads\/2025\/12\/Korrekte-Einstellung-von-flexiblen-Schwingungsdampfern-fur-einen-Schiffsmotor.pdf\">Bedingungen f\u00fcr die korrekte Einstellung<\/a><\/p>\n<p>Angewendet f\u00fcr die folgende Motoren:<br \/>\nVolvo Penta MD7A<\/p>\n","protected":false},"featured_media":155782,"comment_status":"open","ping_status":"closed","template":"","meta":[],"location":[15440],"product_brand":[],"product_cat":[1222,1431,4075],"product_tag":[],"class_list":{"0":"post-159013","1":"product","2":"type-product","3":"status-publish","4":"has-post-thumbnail","6":"location-vce","7":"product_cat-motorteile","8":"product_cat-motorstutzen","9":"product_cat-motorspezifisch","10":"product_shipping_class-paket-0-10-kg","12":"first","13":"onbackorder","14":"sale","15":"taxable","16":"shipping-taxable","17":"purchasable","18":"product-type-simple"},"group_of_quantity":0,"min_quantity":0,"max_quantity":"","exclude_order_quantity_value_rules":"no","exclude_category_quantity_rules":"no","combine_variations":"no","locations":[{"id":15440,"name":"VCE","slug":"vce","quantity":""}],"_links":{"self":[{"href":"https:\/\/ab-marineservice.com\/de\/wp-json\/wp\/v2\/product\/159013","targetHints":{"allow":["GET"]}}],"collection":[{"href":"https:\/\/ab-marineservice.com\/de\/wp-json\/wp\/v2\/product"}],"about":[{"href":"https:\/\/ab-marineservice.com\/de\/wp-json\/wp\/v2\/types\/product"}],"replies":[{"embeddable":true,"href":"https:\/\/ab-marineservice.com\/de\/wp-json\/wp\/v2\/comments?post=159013"}],"wp:featuredmedia":[{"embeddable":true,"href":"https:\/\/ab-marineservice.com\/de\/wp-json\/wp\/v2\/media\/155782"}],"wp:attachment":[{"href":"https:\/\/ab-marineservice.com\/de\/wp-json\/wp\/v2\/media?parent=159013"}],"wp:term":[{"taxonomy":"location","embeddable":true,"href":"https:\/\/ab-marineservice.com\/de\/wp-json\/wp\/v2\/location?post=159013"},{"taxonomy":"product_brand","embeddable":true,"href":"https:\/\/ab-marineservice.com\/de\/wp-json\/wp\/v2\/product_brand?post=159013"},{"taxonomy":"product_cat","embeddable":true,"href":"https:\/\/ab-marineservice.com\/de\/wp-json\/wp\/v2\/product_cat?post=159013"},{"taxonomy":"product_tag","embeddable":true,"href":"https:\/\/ab-marineservice.com\/de\/wp-json\/wp\/v2\/product_tag?post=159013"}],"curies":[{"name":"wp","href":"https:\/\/api.w.org\/{rel}","templated":true}]}}