{"id":159020,"date":"2023-06-22T15:51:26","date_gmt":"2023-06-22T13:51:26","guid":{"rendered":"https:\/\/ab-marineservice.com\/product\/klemmbuchse-taperlock-1108-o-12mm-keil\/"},"modified":"2023-06-22T15:51:26","modified_gmt":"2023-06-22T13:51:26","slug":"klemmbuchse-taperlock-1108-o-12mm-keil","status":"publish","type":"product","link":"https:\/\/ab-marineservice.com\/de\/produkt\/klemmbuchse-taperlock-1108-o-12mm-keil\/","title":{"rendered":"Klemmbuchse Taperlock 1108 \u00d8 12mm Keil"},"content":{"rendered":"<p>Klemmbuchse Taperlock 1108 \u00d8 12mm Keil 4mm Die Inbusschrauben werden serienm\u00e4\u00dfig geliefert. Dieser Taperlock ist f\u00fcr die von uns gelieferten Keilriemenscheiben geeignet.<\/p>\n<p><img loading=\"lazy\" decoding=\"async\" class=\"alignnone size-full wp-image-158407\" src=\"https:\/\/ab-marineservice.com\/wp-content\/uploads\/2023\/06\/taperlock.png\" alt=\"\" width=\"800\" height=\"803\" srcset=\"https:\/\/ab-marineservice.com\/wp-content\/uploads\/2023\/06\/taperlock.png 800w, https:\/\/ab-marineservice.com\/wp-content\/uploads\/2023\/06\/taperlock-598x600.png 598w, https:\/\/ab-marineservice.com\/wp-content\/uploads\/2023\/06\/taperlock-358x358.png 358w, https:\/\/ab-marineservice.com\/wp-content\/uploads\/2023\/06\/taperlock-462x464.png 462w, https:\/\/ab-marineservice.com\/wp-content\/uploads\/2023\/06\/taperlock-100x100.png 100w, https:\/\/ab-marineservice.com\/wp-content\/uploads\/2023\/06\/taperlock-32x32.png 32w\" sizes=\"auto, (max-width: 800px) 100vw, 800px\" \/><\/p>\n","protected":false},"excerpt":{"rendered":"<p>Bohrungsdurchmesser: 12 mm<br \/>\nD max.: 38 mm<br \/>\nKeil: 4mm<br \/>\nL\u00e4nge: 22,3 mm<br \/>\nHinweis: Die Buchsenschraube f\u00fcr die Klemmbuchse wird standardm\u00e4\u00dfig geliefert.<br \/>\nBolzen \u00d8: x L 1\/4 x 1\/2<br \/>\nB\u00fcchsentyp: 1108<br \/>\nDrehmoment: 5,7 Nm<\/p>\n","protected":false},"featured_media":158403,"comment_status":"open","ping_status":"closed","template":"","meta":[],"location":[15428],"product_brand":[],"product_cat":[1608,3888,14688],"product_tag":[],"class_list":{"0":"post-159020","1":"product","2":"type-product","3":"status-publish","4":"has-post-thumbnail","6":"location-indi","7":"product_cat-uncategorized","8":"product_cat-impellerpumpe-deckeldichtungen","9":"product_cat-riemenscheibe-impellerpumpe","10":"product_shipping_class-paket-0-10-kg","12":"first","13":"onbackorder","14":"sale","15":"taxable","16":"shipping-taxable","17":"purchasable","18":"product-type-simple"},"group_of_quantity":0,"min_quantity":0,"max_quantity":"","exclude_order_quantity_value_rules":"no","exclude_category_quantity_rules":"no","combine_variations":"no","locations":[{"id":15428,"name":"INDI","slug":"indi","quantity":""}],"_links":{"self":[{"href":"https:\/\/ab-marineservice.com\/de\/wp-json\/wp\/v2\/product\/159020","targetHints":{"allow":["GET"]}}],"collection":[{"href":"https:\/\/ab-marineservice.com\/de\/wp-json\/wp\/v2\/product"}],"about":[{"href":"https:\/\/ab-marineservice.com\/de\/wp-json\/wp\/v2\/types\/product"}],"replies":[{"embeddable":true,"href":"https:\/\/ab-marineservice.com\/de\/wp-json\/wp\/v2\/comments?post=159020"}],"wp:featuredmedia":[{"embeddable":true,"href":"https:\/\/ab-marineservice.com\/de\/wp-json\/wp\/v2\/media\/158403"}],"wp:attachment":[{"href":"https:\/\/ab-marineservice.com\/de\/wp-json\/wp\/v2\/media?parent=159020"}],"wp:term":[{"taxonomy":"location","embeddable":true,"href":"https:\/\/ab-marineservice.com\/de\/wp-json\/wp\/v2\/location?post=159020"},{"taxonomy":"product_brand","embeddable":true,"href":"https:\/\/ab-marineservice.com\/de\/wp-json\/wp\/v2\/product_brand?post=159020"},{"taxonomy":"product_cat","embeddable":true,"href":"https:\/\/ab-marineservice.com\/de\/wp-json\/wp\/v2\/product_cat?post=159020"},{"taxonomy":"product_tag","embeddable":true,"href":"https:\/\/ab-marineservice.com\/de\/wp-json\/wp\/v2\/product_tag?post=159020"}],"curies":[{"name":"wp","href":"https:\/\/api.w.org\/{rel}","templated":true}]}}