{"id":16086,"date":"2018-06-16T09:33:20","date_gmt":"2018-06-16T07:33:20","guid":{"rendered":"https:\/\/ab-marineservice.com\/?post_type=product&#038;p=16086"},"modified":"2026-03-24T17:30:35","modified_gmt":"2026-03-24T16:30:35","slug":"zahnrad-45-00-mm-12t-staal-daf-bosch","status":"publish","type":"product","link":"https:\/\/ab-marineservice.com\/de\/produkt\/zahnrad-45-00-mm-12t-staal-daf-bosch\/","title":{"rendered":"Zahnrad 45.00 mm 12T staal DAF \/ Bosch"},"content":{"rendered":"","protected":false},"excerpt":{"rendered":"<p>Physikalische Spezifikationen<br \/>\nA Au\u00dfendurchmesser in mm 45,00<br \/>\nB Gesamtl\u00e4nge mm: 61,00<br \/>\nZ\u00e4hnezahl: 12<br \/>\nC Innendurchmesser in mm 10,10<br \/>\nHersteller Remy<\/p>\n<p>Alle Gr\u00f6\u00dfen von Wechselzahnr\u00e4dern:<br \/>\n<a href=\"https:\/\/ab-marineservice.com\/product\/tandwiel-34-50-mm-9t-brons-daf-bosch\/\">Tandwiel 34.50 mm 9T brons DAF \/ Bosch<\/a><br \/>\n<a href=\"https:\/\/ab-marineservice.com\/de\/produkt\/zahnrad-34-50-mm-9t-staal-daf-bosch\/\">Zahnrad 34.50 mm 9T staal DAF \/ Bosch<\/a><br \/>\n<a href=\"https:\/\/ab-marineservice.com\/de\/produkt\/zahnrad-39-50-mm-10t-staal-daf-bosch\/\">Zahnrad 39.50 mm 10T staal DAF \/ Bosch<\/a><br \/>\n<a href=\"https:\/\/ab-marineservice.com\/product\/tandwiel-39-50-mm-10t-brons-daf-bosch\/\">Tandwiel 39.50 mm 10T brons DAF \/ Bosch<\/a><br \/>\n<a href=\"https:\/\/ab-marineservice.com\/product\/tandwiel-41-00-mm-11t-brons-daf-bosch\/\">Tandwiel 41.00 mm 11T brons DAF \/ Bosch<\/a><br \/>\n<a href=\"https:\/\/ab-marineservice.com\/de\/produkt\/zahnrad-41-00-mm-11t-staal-daf-bosch\/\">Zahnrad 41.00 mm 11T staal DAF \/ Bosch<\/a><br \/>\n<a href=\"https:\/\/ab-marineservice.com\/de\/produkt\/zahnrad-42-00-mm-11t-staal-daf-bosch\/\">Zahnrad 42.00 mm 11T staal DAF \/ Bosch<\/a><br \/>\n<a href=\"https:\/\/ab-marineservice.com\/de\/produkt\/zahnrad-45-00-mm-12t-staal-daf-bosch\/\">Tandwiel 45.00 mm 12T staal DAF \/ Bosch<\/a><\/p>\n","protected":false},"featured_media":351900,"comment_status":"open","ping_status":"closed","template":"","meta":[],"location":[3905],"product_brand":[26252],"product_cat":[1463,1464,1473],"product_tag":[],"class_list":{"0":"post-16086","1":"product","2":"type-product","3":"status-publish","4":"has-post-thumbnail","6":"location-ab-marine-service","7":"product_brand-wai-global","8":"product_cat-anlasser","9":"product_cat-innenbordstarter","10":"product_cat-daf-de","11":"product_shipping_class-paket-0-10-kg","13":"first","14":"instock","15":"sale","16":"taxable","17":"shipping-taxable","18":"purchasable","19":"product-type-simple"},"group_of_quantity":0,"min_quantity":0,"max_quantity":"","exclude_order_quantity_value_rules":"no","exclude_category_quantity_rules":"no","combine_variations":"no","locations":[{"id":3905,"name":"AB Marine","slug":"ab-marine-service","quantity":""}],"_links":{"self":[{"href":"https:\/\/ab-marineservice.com\/de\/wp-json\/wp\/v2\/product\/16086","targetHints":{"allow":["GET"]}}],"collection":[{"href":"https:\/\/ab-marineservice.com\/de\/wp-json\/wp\/v2\/product"}],"about":[{"href":"https:\/\/ab-marineservice.com\/de\/wp-json\/wp\/v2\/types\/product"}],"replies":[{"embeddable":true,"href":"https:\/\/ab-marineservice.com\/de\/wp-json\/wp\/v2\/comments?post=16086"}],"wp:featuredmedia":[{"embeddable":true,"href":"https:\/\/ab-marineservice.com\/de\/wp-json\/wp\/v2\/media\/351900"}],"wp:attachment":[{"href":"https:\/\/ab-marineservice.com\/de\/wp-json\/wp\/v2\/media?parent=16086"}],"wp:term":[{"taxonomy":"location","embeddable":true,"href":"https:\/\/ab-marineservice.com\/de\/wp-json\/wp\/v2\/location?post=16086"},{"taxonomy":"product_brand","embeddable":true,"href":"https:\/\/ab-marineservice.com\/de\/wp-json\/wp\/v2\/product_brand?post=16086"},{"taxonomy":"product_cat","embeddable":true,"href":"https:\/\/ab-marineservice.com\/de\/wp-json\/wp\/v2\/product_cat?post=16086"},{"taxonomy":"product_tag","embeddable":true,"href":"https:\/\/ab-marineservice.com\/de\/wp-json\/wp\/v2\/product_tag?post=16086"}],"curies":[{"name":"wp","href":"https:\/\/api.w.org\/{rel}","templated":true}]}}