{"id":172704,"date":"2023-07-31T23:00:29","date_gmt":"2023-07-31T21:00:29","guid":{"rendered":"https:\/\/ab-marineservice.com\/product\/lichtmaschine-28\/"},"modified":"2026-03-11T18:59:36","modified_gmt":"2026-03-11T17:59:36","slug":"alternator-suzuki-40a","status":"publish","type":"product","link":"https:\/\/ab-marineservice.com\/de\/produkt\/alternator-suzuki-40a\/","title":{"rendered":"Alternator Suzuki 40A"},"content":{"rendered":"<p><strong>Technische Daten:<\/strong><\/p>\n<p>Spannung: 12V<\/p>\n<p>Stromst\u00e4rke: 40A<\/p>\n<p>Freilaufriemenscheibe: Nein<\/p>\n<p>Riemenscheibe: 69,00 mm<\/p>\n<p>Rippen: 1<\/p>\n<p>B+: M6<\/p>\n<p>Anzahl der Montageschraubenl\u00f6cher: 3<\/p>\n<p>Stand (\u00b0): 0<\/p>\n<p><strong>Kreuzreferenzen:<\/strong><\/p>\n<p>0210006840 Denso<\/p>\n<p>0210008660 Denso<\/p>\n<p>111195 HC-Cargo<\/p>\n<p>12055N WAI<\/p>\n<p>1210000600 Denso<\/p>\n<p>1525364010 Kubota<\/p>\n<p>1525364012 Kubota<\/p>\n<p>1532164010 Kubota<\/p>\n<p>1532164012 Kubota<\/p>\n<p>1541164010 Kubota<\/p>\n<p>1541164011 Kubota<\/p>\n<p>1547164010 Kubota<\/p>\n<p>1547164011 Kubota<\/p>\n<p>1560664010 Kubota<\/p>\n<p>1560664011 Kubota<\/p>\n<p>1562164010 Kubota<\/p>\n<p>1562164011 Kubota<\/p>\n<p>1576364010 Kubota<\/p>\n<p>1576364011 Kubota<\/p>\n<p>1576364012 Kubota<\/p>\n<p>695002035 PSH<\/p>\n<p>9702109684 Denso<\/p>\n<p>ALT30060 Wood Auto<\/p>\n<p>ALT7305 Wood Auto<\/p>\n<p>ALT7307 Wood Auto<\/p>\n<p>F032111195 HC-Cargo<\/p>\n<p>LRA02577 Lucas<\/p>\n<p>LRA2577 Lucas<\/p>\n<p>WOOALT30060 Wood Auto<\/p>\n","protected":false},"excerpt":{"rendered":"<p>Lichtmaschine Suzuki 40A, 12V Spannung und 40A Stromst\u00e4rke, entwickelt f\u00fcr zuverl\u00e4ssige Energieerzeugung in Suzuki-Motoren. Diese Lichtmaschine hat eine 69 mm Riemenscheibe und ist ideal f\u00fcr den Einsatz in maritimen und industriellen Anwendungen.<\/p>\n","protected":false},"featured_media":429395,"comment_status":"open","ping_status":"closed","template":"","meta":[],"location":[],"product_brand":[],"product_cat":[1222,1229,1404],"product_tag":[],"class_list":{"0":"post-172704","1":"product","2":"type-product","3":"status-publish","4":"has-post-thumbnail","6":"product_cat-motorteile","7":"product_cat-lichtmaschinen","8":"product_cat-universell-lichtmaschinen","9":"product_shipping_class-paket-0-10-kg","11":"first","12":"instock","13":"sale","14":"taxable","15":"shipping-taxable","16":"purchasable","17":"product-type-simple"},"group_of_quantity":0,"min_quantity":0,"max_quantity":"","exclude_order_quantity_value_rules":"no","exclude_category_quantity_rules":"no","combine_variations":"no","locations":[{"id":3905,"name":"AB Marine","slug":"ab-marine-service","quantity":""},{"id":4160,"name":"PSH","slug":"psh","quantity":""},{"id":20835,"name":"PSH Poland","slug":"psh-poland","quantity":""}],"_links":{"self":[{"href":"https:\/\/ab-marineservice.com\/de\/wp-json\/wp\/v2\/product\/172704","targetHints":{"allow":["GET"]}}],"collection":[{"href":"https:\/\/ab-marineservice.com\/de\/wp-json\/wp\/v2\/product"}],"about":[{"href":"https:\/\/ab-marineservice.com\/de\/wp-json\/wp\/v2\/types\/product"}],"replies":[{"embeddable":true,"href":"https:\/\/ab-marineservice.com\/de\/wp-json\/wp\/v2\/comments?post=172704"}],"wp:featuredmedia":[{"embeddable":true,"href":"https:\/\/ab-marineservice.com\/de\/wp-json\/wp\/v2\/media\/429395"}],"wp:attachment":[{"href":"https:\/\/ab-marineservice.com\/de\/wp-json\/wp\/v2\/media?parent=172704"}],"wp:term":[{"taxonomy":"location","embeddable":true,"href":"https:\/\/ab-marineservice.com\/de\/wp-json\/wp\/v2\/location?post=172704"},{"taxonomy":"product_brand","embeddable":true,"href":"https:\/\/ab-marineservice.com\/de\/wp-json\/wp\/v2\/product_brand?post=172704"},{"taxonomy":"product_cat","embeddable":true,"href":"https:\/\/ab-marineservice.com\/de\/wp-json\/wp\/v2\/product_cat?post=172704"},{"taxonomy":"product_tag","embeddable":true,"href":"https:\/\/ab-marineservice.com\/de\/wp-json\/wp\/v2\/product_tag?post=172704"}],"curies":[{"name":"wp","href":"https:\/\/api.w.org\/{rel}","templated":true}]}}