{"id":172883,"date":"2023-07-31T23:10:14","date_gmt":"2023-07-31T21:10:14","guid":{"rendered":"https:\/\/ab-marineservice.com\/product\/anlasser-132\/"},"modified":"2026-04-08T19:59:51","modified_gmt":"2026-04-08T17:59:51","slug":"anlasser-citroen-1-2-kw-12v-9-zahne","status":"publish","type":"product","link":"https:\/\/ab-marineservice.com\/de\/produkt\/anlasser-citroen-1-2-kw-12v-9-zahne\/","title":{"rendered":"Anlasser Citro\u00ebn 1.2 kW &#8211; 12V, 9 Z\u00e4hne"},"content":{"rendered":"<p><strong>Technische Daten:<\/strong><br \/>\nSpannung: 12V<br \/>\nLeistung: 1,2 kW<br \/>\nFittingkante: 65,60 mm<br \/>\nAnzahl der Z\u00e4hne: 9<br \/>\nBasisposition des Antriebszahnrads: 20,00 mm<br \/>\nB+: M8<br \/>\nAnzahl der Montagebohrungen: 2<br \/>\nPosition: +140\u00b0<br \/>\nRotation: CCW<\/p>\n<p><strong>Cross-Referenzen:<\/strong><br \/>\n0986011730 Bosch Exchange<br \/>\n0986011731 Bosch Exchange<br \/>\n10130172 Mahle<br \/>\n111100 HC-Cargo<br \/>\n11130007 Mahle<br \/>\n14130018 AES<br \/>\n17089 Talbot<br \/>\n220013092 PSH<br \/>\n310007U Valeo<br \/>\n32041N WAI<br \/>\n432558 Valeo<br \/>\n433200 Valeo<br \/>\n453021 Valeo<br \/>\n5426014 PSA<br \/>\n5433495 PSA<br \/>\n5490308 PSA<br \/>\n5491448 PSA<br \/>\n579494 Valeo<br \/>\n5802Q4 PSA<br \/>\n6202 Valeo<br \/>\n6202A Ducellier<br \/>\n6202B Ducellier<br \/>\n6202C Ducellier<br \/>\n6202D Ducellier<br \/>\n6202F Ducellier<br \/>\n726125 Valeo<br \/>\n75491723 PSA<br \/>\n75492566 PSA<br \/>\n9000141010 Bosch<br \/>\n9000141015 Bosch<br \/>\n9000141104 Bosch<br \/>\n9000330130 Bosch<br \/>\n944280117310 Magneti Marelli<br \/>\n95494247 PSA<br \/>\n95580161 PSA<br \/>\n95580161R PSA<br \/>\n95607007 PSA<br \/>\n95618773 PSA<br \/>\n95818773 PSA<br \/>\nAM53305J PSA<br \/>\nAM533264A PSA<br \/>\nAZD0305 Mahle<br \/>\nAZE0305 Mahle<br \/>\nCS126 HC-Parts<br \/>\nD6RA43 Valeo<br \/>\nD6RA431 Valeo<br \/>\nD8E116 Valeo<br \/>\nD8E148 Valeo<br \/>\nD8E99 Valeo<br \/>\nD9E93 Valeo<br \/>\nDRS1731 Delco Remy<br \/>\nF032111100 HC-Cargo<br \/>\nF042S0H015 Bosch<br \/>\nHCS126 HC-Parts<br \/>\nIS0007 Mahle<br \/>\nLRS00231 Lucas<br \/>\nLRS00980 Lucas<br \/>\nLRS231 Lucas<br \/>\nLRS980 Lucas<br \/>\nMSR355 Magneti Marelli<br \/>\nND050 Valeo<br \/>\nRNLD6RA43 RNL<br \/>\nS23451 Hitachi<br \/>\nSTM647 Rolling Components<br \/>\nSTR54039 Wood Auto<br \/>\nSTRH015 Unipoint<br \/>\nVS132 Valeo<br \/>\nWOOSTR54039 Wood Auto<\/p>\n","protected":false},"excerpt":{"rendered":"<p>Anlasser Citro\u00ebn mit 12V Spannung und 1,2 kW Leistung. Dieser Anlasser hat 9 Z\u00e4hne, eine Fittingkante von 65,60 mm und ist f\u00fcr zuverl\u00e4ssige Leistung in verschiedenen Citro\u00ebn-Fahrzeugen entwickelt. Mit einer Basisposition des Antriebszahnrads von 20,00 mm und einer CCW-Rotation ist dieser Anlasser perfekt f\u00fcr anspruchsvolle Bedingungen.<\/p>\n","protected":false},"featured_media":431010,"comment_status":"open","ping_status":"closed","template":"","meta":[],"location":[],"product_brand":[26252],"product_cat":[1222,1463,1464,1474],"product_tag":[],"class_list":{"0":"post-172883","1":"product","2":"type-product","3":"status-publish","4":"has-post-thumbnail","6":"product_brand-wai-global","7":"product_cat-motorteile","8":"product_cat-anlasser","9":"product_cat-innenbordstarter","10":"product_cat-verschiedene-de","11":"product_shipping_class-paket-0-10-kg","13":"first","14":"instock","15":"sale","16":"taxable","17":"shipping-taxable","18":"purchasable","19":"product-type-simple"},"group_of_quantity":0,"min_quantity":0,"max_quantity":"","exclude_order_quantity_value_rules":"no","exclude_category_quantity_rules":"no","combine_variations":"no","locations":[{"id":4160,"name":"PSH","slug":"psh","quantity":""},{"id":20835,"name":"PSH Poland","slug":"psh-poland","quantity":""}],"_links":{"self":[{"href":"https:\/\/ab-marineservice.com\/de\/wp-json\/wp\/v2\/product\/172883","targetHints":{"allow":["GET"]}}],"collection":[{"href":"https:\/\/ab-marineservice.com\/de\/wp-json\/wp\/v2\/product"}],"about":[{"href":"https:\/\/ab-marineservice.com\/de\/wp-json\/wp\/v2\/types\/product"}],"replies":[{"embeddable":true,"href":"https:\/\/ab-marineservice.com\/de\/wp-json\/wp\/v2\/comments?post=172883"}],"wp:featuredmedia":[{"embeddable":true,"href":"https:\/\/ab-marineservice.com\/de\/wp-json\/wp\/v2\/media\/431010"}],"wp:attachment":[{"href":"https:\/\/ab-marineservice.com\/de\/wp-json\/wp\/v2\/media?parent=172883"}],"wp:term":[{"taxonomy":"location","embeddable":true,"href":"https:\/\/ab-marineservice.com\/de\/wp-json\/wp\/v2\/location?post=172883"},{"taxonomy":"product_brand","embeddable":true,"href":"https:\/\/ab-marineservice.com\/de\/wp-json\/wp\/v2\/product_brand?post=172883"},{"taxonomy":"product_cat","embeddable":true,"href":"https:\/\/ab-marineservice.com\/de\/wp-json\/wp\/v2\/product_cat?post=172883"},{"taxonomy":"product_tag","embeddable":true,"href":"https:\/\/ab-marineservice.com\/de\/wp-json\/wp\/v2\/product_tag?post=172883"}],"curies":[{"name":"wp","href":"https:\/\/api.w.org\/{rel}","templated":true}]}}