{"id":172886,"date":"2023-07-31T23:10:14","date_gmt":"2023-07-31T21:10:14","guid":{"rendered":"https:\/\/ab-marineservice.com\/product\/anlasser-135\/"},"modified":"2026-05-02T10:38:35","modified_gmt":"2026-05-02T08:38:35","slug":"starter-motor-volkswagen-2-0-kw","status":"publish","type":"product","link":"https:\/\/ab-marineservice.com\/de\/produkt\/starter-motor-volkswagen-2-0-kw\/","title":{"rendered":"Starter motor Volkswagen 2.0 kW"},"content":{"rendered":"<p><strong>Technische Daten:<\/strong><br \/>\nSpannung: 12V<br \/>\nLeistung: 2.0 kW<br \/>\nFittingkante: 82,00 mm<br \/>\nZ\u00e4hne: 9<br \/>\nBasisposition des Antriebszahnrads: 20,00 mm<br \/>\nB+: M10<br \/>\nAnzahl der Montagebohrungen: 2<br \/>\nDrehung: CW<\/p>\n<p><strong>Kompatibel mit:<\/strong><br \/>\nAUDI A6 (05-1994 &#8211; 09-1997)<\/p>\n<p><strong>Cross-Referenzen:<\/strong><br \/>\n0001362069 Bosch<br \/>\n0001362070 Bosch<br \/>\n0001362077 Bosch<br \/>\n0001362078 Bosch<br \/>\n069911023 Volkswagen AG<br \/>\n069911023A Volkswagen AG<br \/>\n069911023AX Volkswagen AG<br \/>\n069911023V Volkswagen AG<br \/>\n0986011090 Bosch Exchange<br \/>\n111112 HC-Cargo<br \/>\n1257938 Volvo<br \/>\n436038 Valeo<br \/>\n5001867 Volvo<br \/>\n810004092 PSH<br \/>\n91156849 Wilson<br \/>\n91156881 Wilson<br \/>\n943251634 Magneti Marelli<br \/>\nCS347 HC-Parts<br \/>\nDRS1090 Delco Remy<br \/>\nF032111112 HC-Cargo<br \/>\nIS0885 Mahle<br \/>\nLRS00372 Lucas<br \/>\nLRS372 Lucas<br \/>\nS23756 Hitachi<br \/>\nSTR50243 Wood Auto<br \/>\nWOOSTR50243 Wood Auto<\/p>\n","protected":false},"excerpt":{"rendered":"<p>Dieser Anlasser liefert eine Leistung von 2,0 kW und hat eine Spannung von 12V, ideal f\u00fcr zuverl\u00e4ssige Leistung in Fahrzeugen. Der Anlasser hat 9 Z\u00e4hne, eine Fittingkante von 82,00 mm und eine Basisposition des Antriebszahnrads von 20,00 mm. Der B+ Anschluss ist M10 und das Produkt verf\u00fcgt \u00fcber zwei Montagebohrungen. Die Drehung ist CW, was f\u00fcr eine optimale Funktion in verschiedenen Anwendungen sorgt.<\/p>\n","protected":false},"featured_media":431963,"comment_status":"open","ping_status":"closed","template":"","meta":[],"location":[],"product_brand":[26252],"product_cat":[1222,1463,1464,1474],"product_tag":[],"class_list":{"0":"post-172886","1":"product","2":"type-product","3":"status-publish","4":"has-post-thumbnail","6":"product_brand-wai-global","7":"product_cat-motorteile","8":"product_cat-anlasser","9":"product_cat-innenbordstarter","10":"product_cat-verschiedene-de","11":"product_shipping_class-paket-0-10-kg","13":"first","14":"outofstock","15":"sale","16":"taxable","17":"shipping-taxable","18":"purchasable","19":"product-type-simple"},"group_of_quantity":0,"min_quantity":0,"max_quantity":"","exclude_order_quantity_value_rules":"no","exclude_category_quantity_rules":"no","combine_variations":"no","locations":[{"id":4160,"name":"PSH","slug":"psh","quantity":""},{"id":20835,"name":"PSH Poland","slug":"psh-poland","quantity":""}],"_links":{"self":[{"href":"https:\/\/ab-marineservice.com\/de\/wp-json\/wp\/v2\/product\/172886","targetHints":{"allow":["GET"]}}],"collection":[{"href":"https:\/\/ab-marineservice.com\/de\/wp-json\/wp\/v2\/product"}],"about":[{"href":"https:\/\/ab-marineservice.com\/de\/wp-json\/wp\/v2\/types\/product"}],"replies":[{"embeddable":true,"href":"https:\/\/ab-marineservice.com\/de\/wp-json\/wp\/v2\/comments?post=172886"}],"wp:featuredmedia":[{"embeddable":true,"href":"https:\/\/ab-marineservice.com\/de\/wp-json\/wp\/v2\/media\/431963"}],"wp:attachment":[{"href":"https:\/\/ab-marineservice.com\/de\/wp-json\/wp\/v2\/media?parent=172886"}],"wp:term":[{"taxonomy":"location","embeddable":true,"href":"https:\/\/ab-marineservice.com\/de\/wp-json\/wp\/v2\/location?post=172886"},{"taxonomy":"product_brand","embeddable":true,"href":"https:\/\/ab-marineservice.com\/de\/wp-json\/wp\/v2\/product_brand?post=172886"},{"taxonomy":"product_cat","embeddable":true,"href":"https:\/\/ab-marineservice.com\/de\/wp-json\/wp\/v2\/product_cat?post=172886"},{"taxonomy":"product_tag","embeddable":true,"href":"https:\/\/ab-marineservice.com\/de\/wp-json\/wp\/v2\/product_tag?post=172886"}],"curies":[{"name":"wp","href":"https:\/\/api.w.org\/{rel}","templated":true}]}}