{"id":172974,"date":"2023-07-31T23:15:08","date_gmt":"2023-07-31T21:15:08","guid":{"rendered":"https:\/\/ab-marineservice.com\/product\/anlasser-173\/"},"modified":"2026-05-02T10:38:05","modified_gmt":"2026-05-02T08:38:05","slug":"volvo-starter-motor-1-1-kw","status":"publish","type":"product","link":"https:\/\/ab-marineservice.com\/de\/produkt\/volvo-starter-motor-1-1-kw\/","title":{"rendered":"Volvo starter motor 1.1 kW"},"content":{"rendered":"<p><strong>Technische Daten:<\/strong><br \/>\nSpannung: 12V<br \/>\nLeistung: 1,1 kW<br \/>\nRiemenscheibenma\u00df: 82,00 mm<br \/>\nZ\u00e4hneanzahl: 9<br \/>\nBasisposition des Antriebszahnrades: 35,00 mm<br \/>\nB+: M8<br \/>\nAnzahl der Montagebohrungen: 2<br \/>\nWinkel: +45\u00b0<br \/>\nDrehung: CW<\/p>\n<p><strong>Cross-Referenz:<\/strong><br \/>\n0986013600 Bosch Exchange<br \/>\n111404 HC-Cargo<br \/>\n17315N WAI<br \/>\n432696 Valeo<br \/>\n5015877 Meat &#038; Doria<br \/>\n594100 Valeo<br \/>\n859553 Volvo<br \/>\n872241 Volvo<br \/>\n8722415 Volvo<br \/>\n872888 Volvo<br \/>\n873549 Volvo<br \/>\n8735490 Volvo<br \/>\n91203516 Wilson<br \/>\n970502092 PSH<br \/>\nCS991 HC-Parts<br \/>\nD6RA11 Valeo<br \/>\nD6RA40 Valeo<br \/>\nDRS0396 Delco Remy<br \/>\nDRS0497 Delco Remy<br \/>\nF032111404 HC-Cargo<br \/>\nLRS01180 Lucas<br \/>\nLRS01223 Lucas<br \/>\nLRS1180 Lucas<br \/>\nLRS1223 Lucas<br \/>\nND150 Valeo<br \/>\nRNLD6RA40 RNL<br \/>\nSTR54064 Wood Auto<br \/>\nSTR80136 Wood Auto<br \/>\nWOOSTR54064 Wood Auto<br \/>\nWOOSTR80136 Wood Auto<\/p>\n","protected":false},"excerpt":{"rendered":"<p>Volvo Anlasser mit 12V Spannung und 1,1 kW Leistung. Dieser Anlasser hat 9 Z\u00e4hne, eine Riemenscheibenma\u00df von 82,00 mm und wurde f\u00fcr zuverl\u00e4ssige Leistung in verschiedenen Volvo-Anwendungen entwickelt. Mit einer Basisposition des Antriebszahnrades von 35,00 mm und einer Drehung im Uhrzeigersinn (CW) ist dieser Anlasser ideal f\u00fcr anspruchsvolle Einsatzbedingungen.<\/p>\n","protected":false},"featured_media":431213,"comment_status":"open","ping_status":"closed","template":"","meta":[],"location":[],"product_brand":[26252],"product_cat":[1222,1463,1464,1496],"product_tag":[],"class_list":{"0":"post-172974","1":"product","2":"type-product","3":"status-publish","4":"has-post-thumbnail","6":"product_brand-wai-global","7":"product_cat-motorteile","8":"product_cat-anlasser","9":"product_cat-innenbordstarter","10":"product_cat-volvo-penta-de","11":"product_shipping_class-paket-0-10-kg","13":"first","14":"instock","15":"sale","16":"taxable","17":"shipping-taxable","18":"purchasable","19":"product-type-simple"},"group_of_quantity":0,"min_quantity":0,"max_quantity":"","exclude_order_quantity_value_rules":"no","exclude_category_quantity_rules":"no","combine_variations":"no","locations":[{"id":4160,"name":"PSH","slug":"psh","quantity":""},{"id":20835,"name":"PSH Poland","slug":"psh-poland","quantity":""}],"_links":{"self":[{"href":"https:\/\/ab-marineservice.com\/de\/wp-json\/wp\/v2\/product\/172974","targetHints":{"allow":["GET"]}}],"collection":[{"href":"https:\/\/ab-marineservice.com\/de\/wp-json\/wp\/v2\/product"}],"about":[{"href":"https:\/\/ab-marineservice.com\/de\/wp-json\/wp\/v2\/types\/product"}],"replies":[{"embeddable":true,"href":"https:\/\/ab-marineservice.com\/de\/wp-json\/wp\/v2\/comments?post=172974"}],"wp:featuredmedia":[{"embeddable":true,"href":"https:\/\/ab-marineservice.com\/de\/wp-json\/wp\/v2\/media\/431213"}],"wp:attachment":[{"href":"https:\/\/ab-marineservice.com\/de\/wp-json\/wp\/v2\/media?parent=172974"}],"wp:term":[{"taxonomy":"location","embeddable":true,"href":"https:\/\/ab-marineservice.com\/de\/wp-json\/wp\/v2\/location?post=172974"},{"taxonomy":"product_brand","embeddable":true,"href":"https:\/\/ab-marineservice.com\/de\/wp-json\/wp\/v2\/product_brand?post=172974"},{"taxonomy":"product_cat","embeddable":true,"href":"https:\/\/ab-marineservice.com\/de\/wp-json\/wp\/v2\/product_cat?post=172974"},{"taxonomy":"product_tag","embeddable":true,"href":"https:\/\/ab-marineservice.com\/de\/wp-json\/wp\/v2\/product_tag?post=172974"}],"curies":[{"name":"wp","href":"https:\/\/api.w.org\/{rel}","templated":true}]}}