{"id":173081,"date":"2023-07-31T23:21:12","date_gmt":"2023-07-31T21:21:12","guid":{"rendered":"https:\/\/ab-marineservice.com\/product\/anlasser-218\/"},"modified":"2026-03-24T17:36:23","modified_gmt":"2026-03-24T16:36:23","slug":"anlasser-volkswagen-1-1-kw-valeo-typ-12v-9-zahne","status":"publish","type":"product","link":"https:\/\/ab-marineservice.com\/de\/produkt\/anlasser-volkswagen-1-1-kw-valeo-typ-12v-9-zahne\/","title":{"rendered":"Anlasser Volkswagen 1.1 kW (Valeo-Typ) &#8211; 12V, 9 Z\u00e4hne"},"content":{"rendered":"<p><strong>Technische Daten:<\/strong><br \/>\nSpannung: 12V<br \/>\nLeistung: 1,1 kW<br \/>\nFittingkante: 76,00 mm<br \/>\nZ\u00e4hnezahl: 9<br \/>\nBasisposition des Antriebzahnrads: 33,00 mm<br \/>\nB+: M8<br \/>\nAnzahl der Montageschraubenl\u00f6cher: 3<br \/>\nWinkel: -40\u00b0<br \/>\nDrehung: CCW<\/p>\n<p><strong>Anwendung:<\/strong><br \/>\nAUDI A3 (08-1996 &#8211; 08-2006)<br \/>\nSEAT Alhambra (02-1996 &#8211; 02-2010)<br \/>\nSEAT Inca (10-1995 &#8211; 04-1997)<br \/>\nSEAT Leon (10-1999 &#8211; 05-2006)<br \/>\nSEAT Toledo (09-1998 &#8211; 09-2005)<br \/>\nSKODA Octavia (09-1996 &#8211; 03-1999)<br \/>\nVOLKSWAGEN Bora (08-1998 &#8211; 04-2005)<br \/>\nVOLKSWAGEN Caddy (04-2000 &#8211; 04-2005)<br \/>\nVOLKSWAGEN Golf (07-1991 &#8211; 11-1997)<br \/>\nVOLKSWAGEN Golf Cabrio (12-1994 &#8211; 11-1997)<br \/>\nVOLKSWAGEN New Beetle (12-1997 &#8211; 08-2010)<br \/>\nVOLKSWAGEN Passat (03-1988 &#8211; 06-1992)<br \/>\nVOLKSWAGEN Polo Classic (11-1995 &#8211; 08-2001)<br \/>\nVOLKSWAGEN Sharan (08-1995 &#8211; 02-2010)<br \/>\nVOLKSWAGEN Vento (12-1991 &#8211; 11-1997)<\/p>\n<p><strong>Kreuzreferenzen:<\/strong><br \/>\n0986016290 Bosch Exchange<br \/>\n0986016297 Bosch Exchange<br \/>\n0986018207 Bosch Exchange<br \/>\n1029411 Ford<br \/>\n11130854 Mahle<br \/>\n11139415 Mahle<br \/>\n111748 HC-Cargo<br \/>\n17415N WAI<br \/>\n17415R WAI<br \/>\n20500785 Prestolite<br \/>\n300513093 PSH<br \/>\n438205 Valeo<br \/>\n455548 Valeo<br \/>\n5010154 Meat &#038; Doria<br \/>\n5010280 Meat &#038; Doria<br \/>\n63720618 Magneti Marelli<br \/>\n944280185610 Magneti Marelli<br \/>\nACS964 ATK<br \/>\nASM1275 Apec<br \/>\nAZD3519 Mahle<br \/>\nCS886 HC-Parts<br \/>\nD6RA76 Valeo<br \/>\nDRS3277 Delco Remy<br \/>\nF032111748 HC-Cargo<br \/>\nF042S0H025 Bosch<br \/>\nHCS886 HC-Parts<br \/>\nIS0854 Mahle<br \/>\nIS9409 Mahle<br \/>\nLES0174 Lucas<br \/>\nLRT00101 Lucas<br \/>\nLRT101 Lucas<br \/>\nMD308088 Mitsubishi<br \/>\nMD308088R Mitsubishi<br \/>\nMS106 Mahle<br \/>\nRNL1856 RNL<br \/>\nRNL1856T RNL<br \/>\nRNLD6RA76 RNL<br \/>\nS27057 Hitachi<br \/>\nSMD308088 Mitsubishi<br \/>\nSTM534 Rolling Components<br \/>\nSTR10007 Wood Auto<br \/>\nSTR54011 Wood Auto<br \/>\nSTRH025 Unipoint<br \/>\nTM000A16001 Mando<br \/>\nTT15575PRO Tesla Technics<br \/>\nVAL432673 Wood Auto<br \/>\nVALD6RA76 Wood Auto<br \/>\nWOOSTR10007 Wood Auto<br \/>\nWOOSTR54011 Wood Auto<\/p>\n","protected":false},"excerpt":{"rendered":"<p>Anlasser Volkswagen 1.1 kW (Valeo-Typ) mit 12V Spannung und 1,1 kW Leistung. Dieser Anlasser ist f\u00fcr Volkswagen-Motoren entwickelt, mit 9 Z\u00e4hnen und einer Fittingkante von 76,00 mm f\u00fcr zuverl\u00e4ssige Leistung und effizientes Starten.<\/p>\n","protected":false},"featured_media":430471,"comment_status":"open","ping_status":"closed","template":"","meta":[],"location":[],"product_brand":[26252],"product_cat":[1222,1463,1464,25568],"product_tag":[],"class_list":{"0":"post-173081","1":"product","2":"type-product","3":"status-publish","4":"has-post-thumbnail","6":"product_brand-wai-global","7":"product_cat-motorteile","8":"product_cat-anlasser","9":"product_cat-innenbordstarter","10":"product_cat-vw-marine-anlasser","11":"product_shipping_class-paket-0-10-kg","13":"first","14":"instock","15":"sale","16":"taxable","17":"shipping-taxable","18":"purchasable","19":"product-type-simple"},"group_of_quantity":0,"min_quantity":0,"max_quantity":"","exclude_order_quantity_value_rules":"no","exclude_category_quantity_rules":"no","combine_variations":"no","locations":[{"id":4160,"name":"PSH","slug":"psh","quantity":""},{"id":20835,"name":"PSH Poland","slug":"psh-poland","quantity":""}],"_links":{"self":[{"href":"https:\/\/ab-marineservice.com\/de\/wp-json\/wp\/v2\/product\/173081","targetHints":{"allow":["GET"]}}],"collection":[{"href":"https:\/\/ab-marineservice.com\/de\/wp-json\/wp\/v2\/product"}],"about":[{"href":"https:\/\/ab-marineservice.com\/de\/wp-json\/wp\/v2\/types\/product"}],"replies":[{"embeddable":true,"href":"https:\/\/ab-marineservice.com\/de\/wp-json\/wp\/v2\/comments?post=173081"}],"wp:featuredmedia":[{"embeddable":true,"href":"https:\/\/ab-marineservice.com\/de\/wp-json\/wp\/v2\/media\/430471"}],"wp:attachment":[{"href":"https:\/\/ab-marineservice.com\/de\/wp-json\/wp\/v2\/media?parent=173081"}],"wp:term":[{"taxonomy":"location","embeddable":true,"href":"https:\/\/ab-marineservice.com\/de\/wp-json\/wp\/v2\/location?post=173081"},{"taxonomy":"product_brand","embeddable":true,"href":"https:\/\/ab-marineservice.com\/de\/wp-json\/wp\/v2\/product_brand?post=173081"},{"taxonomy":"product_cat","embeddable":true,"href":"https:\/\/ab-marineservice.com\/de\/wp-json\/wp\/v2\/product_cat?post=173081"},{"taxonomy":"product_tag","embeddable":true,"href":"https:\/\/ab-marineservice.com\/de\/wp-json\/wp\/v2\/product_tag?post=173081"}],"curies":[{"name":"wp","href":"https:\/\/api.w.org\/{rel}","templated":true}]}}