{"id":173145,"date":"2023-07-31T23:24:29","date_gmt":"2023-07-31T21:24:29","guid":{"rendered":"https:\/\/ab-marineservice.com\/product\/anlasser-248\/"},"modified":"2026-05-02T10:37:41","modified_gmt":"2026-05-02T08:37:41","slug":"anlasser-suzuki-0-5-kw-12v-14-zahne","status":"publish","type":"product","link":"https:\/\/ab-marineservice.com\/de\/produkt\/anlasser-suzuki-0-5-kw-12v-14-zahne\/","title":{"rendered":"Anlasser Suzuki 0.5 kW &#8211; 12V, 14 Z\u00e4hne"},"content":{"rendered":"<p><strong>Technische Daten:<\/strong><br \/>\nSpannung: 12V<br \/>\nLeistung: 0,5 kW<br \/>\nFittingkante: 47,00 mm<br \/>\nAnzahl der Z\u00e4hne: 14<br \/>\nBasisposition des Antriebszahnrads: 18,00 mm<br \/>\nAnzahl der Montagebohrungen: 2<br \/>\nRotation: CCW<\/p>\n<p><strong>Cross-Referenzen:<\/strong><br \/>\n111922 HC-Cargo<br \/>\n18332N WAI<br \/>\n21163S003 Kawasaki<br \/>\n22186MT9 WAI<br \/>\n24205101 Dixie<br \/>\n25226A Lucas<br \/>\n3110040B01 Suzuki<br \/>\n31100LT80 Suzuki<br \/>\n400023142 PSH<br \/>\n91262030 Wilson<br \/>\nF032111922 HC-Cargo<br \/>\nLT80CS90 Mitsuba<br \/>\nRS41185 Delco Remy<br \/>\nS99230 Hitachi<br \/>\nSM10230 United Technologies<br \/>\nST226 FAI<br \/>\nSTR27000 Wood Auto<br \/>\nWOOSTR27000 Wood Auto<\/p>\n","protected":false},"excerpt":{"rendered":"<p>Anlasser Suzuki mit 12V Spannung und 0,5 kW Leistung. Dieser kompakte Anlasser ist f\u00fcr Suzuki-Motoren entwickelt, mit 14 Z\u00e4hnen und einer Fittingkante von 47,00 mm f\u00fcr zuverl\u00e4ssige Leistung und effiziente Starts unter verschiedenen Bedingungen.<\/p>\n","protected":false},"featured_media":430753,"comment_status":"open","ping_status":"closed","template":"","meta":[],"location":[],"product_brand":[26252],"product_cat":[1222,1463,1499,1508],"product_tag":[],"class_list":{"0":"post-173145","1":"product","2":"type-product","3":"status-publish","4":"has-post-thumbnail","6":"product_brand-wai-global","7":"product_cat-motorteile","8":"product_cat-anlasser","9":"product_cat-aussenbord-jetski-starter","10":"product_cat-suzuki-de","11":"product_shipping_class-paket-0-10-kg","13":"first","14":"instock","15":"sale","16":"taxable","17":"shipping-taxable","18":"purchasable","19":"product-type-simple"},"group_of_quantity":0,"min_quantity":0,"max_quantity":"","exclude_order_quantity_value_rules":"no","exclude_category_quantity_rules":"no","combine_variations":"no","locations":[{"id":4160,"name":"PSH","slug":"psh","quantity":""},{"id":20835,"name":"PSH Poland","slug":"psh-poland","quantity":""}],"_links":{"self":[{"href":"https:\/\/ab-marineservice.com\/de\/wp-json\/wp\/v2\/product\/173145","targetHints":{"allow":["GET"]}}],"collection":[{"href":"https:\/\/ab-marineservice.com\/de\/wp-json\/wp\/v2\/product"}],"about":[{"href":"https:\/\/ab-marineservice.com\/de\/wp-json\/wp\/v2\/types\/product"}],"replies":[{"embeddable":true,"href":"https:\/\/ab-marineservice.com\/de\/wp-json\/wp\/v2\/comments?post=173145"}],"wp:featuredmedia":[{"embeddable":true,"href":"https:\/\/ab-marineservice.com\/de\/wp-json\/wp\/v2\/media\/430753"}],"wp:attachment":[{"href":"https:\/\/ab-marineservice.com\/de\/wp-json\/wp\/v2\/media?parent=173145"}],"wp:term":[{"taxonomy":"location","embeddable":true,"href":"https:\/\/ab-marineservice.com\/de\/wp-json\/wp\/v2\/location?post=173145"},{"taxonomy":"product_brand","embeddable":true,"href":"https:\/\/ab-marineservice.com\/de\/wp-json\/wp\/v2\/product_brand?post=173145"},{"taxonomy":"product_cat","embeddable":true,"href":"https:\/\/ab-marineservice.com\/de\/wp-json\/wp\/v2\/product_cat?post=173145"},{"taxonomy":"product_tag","embeddable":true,"href":"https:\/\/ab-marineservice.com\/de\/wp-json\/wp\/v2\/product_tag?post=173145"}],"curies":[{"name":"wp","href":"https:\/\/api.w.org\/{rel}","templated":true}]}}