{"id":173147,"date":"2023-07-31T23:25:03","date_gmt":"2023-07-31T21:25:03","guid":{"rendered":"https:\/\/ab-marineservice.com\/product\/anlasser-250\/"},"modified":"2026-03-24T17:36:11","modified_gmt":"2026-03-24T16:36:11","slug":"mercedes-anlasser-10-kw-12v-8-zahne","status":"publish","type":"product","link":"https:\/\/ab-marineservice.com\/de\/produkt\/mercedes-anlasser-10-kw-12v-8-zahne\/","title":{"rendered":"Mercedes Anlasser 1,0 kW &#8211; 12V, 8 Z\u00e4hne"},"content":{"rendered":"<p><strong>Technische Daten:<\/strong><br \/>\nSpannung: 12V<br \/>\nLeistung: 1,0 kW<br \/>\nFittingkante: 69,90 mm<br \/>\nAnzahl Z\u00e4hne: 8<br \/>\nBasisposition des Antriebszahnrads: 15,00 mm<br \/>\nB+: M8<br \/>\nAnzahl Montagebohrungen: 2<br \/>\nDrehung: CW<\/p>\n<p><strong>Anwendung:<\/strong><br \/>\nGeeignet f\u00fcr die folgenden Mercedes-Benz-Modelle:<br \/>\nMERCEDES-BENZ A140 (06-1997 &#8211; 07-2004)<br \/>\nMERCEDES-BENZ A140 (12-1999 &#8211; 05-2005)<br \/>\nMERCEDES-BENZ A150 (08-2004 &#8211; 05-2012)<br \/>\nMERCEDES-BENZ A160 (06-1997 &#8211; 07-2005)<br \/>\nMERCEDES-BENZ A160 (03-2009 &#8211; 05-2012)<br \/>\nMERCEDES-BENZ A170 (08-2004 &#8211; 05-2012)<br \/>\nMERCEDES-BENZ A180 (03-2009 &#8211; 05-2012)<br \/>\nMERCEDES-BENZ A200 (08-2004 &#8211; 05-2012)<br \/>\nMERCEDES-BENZ A200 (01-2005 &#8211; 05-2012)<br \/>\nMERCEDES-BENZ B150 (02-2005 &#8211; 10-2011)<br \/>\nMERCEDES-BENZ B160 (03-2009 &#8211; 10-2011)<br \/>\nMERCEDES-BENZ B170 (02-2005 &#8211; 10-2011)<br \/>\nMERCEDES-BENZ B170 (03-2008 &#8211; 10-2011)<br \/>\nMERCEDES-BENZ B180 (03-2008 &#8211; 10-2011)<br \/>\nMERCEDES-BENZ B180 (03-2009 &#8211; 10-2011)<br \/>\nMERCEDES-BENZ B200 (02-2005 &#8211; 10-2011)<br \/>\nMERCEDES-BENZ B200 (02-2005 &#8211; 10-2011)<br \/>\nMERCEDES-BENZ Vaneo (09-2001 &#8211; 10-2005)<\/p>\n<p><strong>Cross-Referenzen:<\/strong><br \/>\n0041518501 Mercedes-Benz<br \/>\n004151850180 Mercedes-Benz<br \/>\n0051212101 Mercedes-Benz<br \/>\n0051512101 Mercedes-Benz<br \/>\n005151210180 Mercedes-Benz<br \/>\n0051514701 Mercedes-Benz<br \/>\n006151030180 Mercedes-Benz<br \/>\n063721117010 Magneti Marelli<br \/>\n0986018570 Bosch Exchange<br \/>\n0986018571 Bosch Exchange<br \/>\n111931 HC-Cargo<br \/>\n12130130 AES<br \/>\n14130148 AES<br \/>\n191724 Valeo<br \/>\n2605406160 Denso<br \/>\n31204N WAI<br \/>\n438027 Valeo<br \/>\n443115185040 Magneton<br \/>\n455747 Valeo<br \/>\n5015072 Meat &#038; Doria<br \/>\n5121010080 Mercedes-Benz<br \/>\n550514082 PSH<br \/>\n63721117010 Magneti Marelli<br \/>\n726151 Valeo<br \/>\n726951 Valeo<br \/>\n838009 Valeo<br \/>\n944280185710 Magneti Marelli<br \/>\nA0051212101 Mercedes-Benz<br \/>\nA0051514701 Mercedes-Benz<br \/>\nA006151030180 Mercedes-Benz<br \/>\nA5121010080 Mercedes-Benz<br \/>\nASM1369 Apec<br \/>\nCS1117 HC-Parts<br \/>\nD6RAP229 Valeo<br \/>\nD7E18 Valeo<br \/>\nD7E38 Valeo<br \/>\nD7E38RB RNL<br \/>\nD7E4 Valeo<br \/>\nD7E8 Valeo<br \/>\nDRS8571 Delco Remy<br \/>\nDSN3036 Denso<br \/>\nF000AL0101 Bosch<br \/>\nF000AL0127 Bosch<br \/>\nF032111931 HC-Cargo<br \/>\nF042S0H033 Bosch<br \/>\nHCS1117 HC-Parts<br \/>\nLES0240 Lucas<br \/>\nLRT00205 Lucas<br \/>\nLRT205 Lucas<br \/>\nND209 Valeo<br \/>\nOSM10875 Optimum<br \/>\nRAS39682 Delco Remy<br \/>\nRNLD7E38 RNL<br \/>\nSTM500 Rolling Components<br \/>\nSTM651 Rolling Components<br \/>\nSTM651RC Rolling Components<br \/>\nSTR54036 Wood Auto<br \/>\nSTRH033 Unipoint<br \/>\nTT16509 Tesla Technics<br \/>\nTT16509PRO Tesla Technics<br \/>\nVAL438027 Wood Auto<br \/>\nVALD7E38 Wood Auto<br \/>\nWOOSTR54036 Wood Auto<\/p>\n","protected":false},"excerpt":{"rendered":"<p>Anlasser Mercedes mit 12V Spannung und 1,0 kW Leistung. Dieser Anlasser ist f\u00fcr Mercedes-Motoren entwickelt, mit 8 Z\u00e4hnen und einer Fittingkante von 69,90 mm f\u00fcr zuverl\u00e4ssige Leistung und effizientes Starten unter verschiedenen Bedingungen.<\/p>\n","protected":false},"featured_media":430385,"comment_status":"open","ping_status":"closed","template":"","meta":[],"location":[],"product_brand":[26252],"product_cat":[1222,1463,1464,1484],"product_tag":[],"class_list":{"0":"post-173147","1":"product","2":"type-product","3":"status-publish","4":"has-post-thumbnail","6":"product_brand-wai-global","7":"product_cat-motorteile","8":"product_cat-anlasser","9":"product_cat-innenbordstarter","10":"product_cat-mercedes-de-3","11":"product_shipping_class-paket-0-10-kg","13":"first","14":"instock","15":"sale","16":"taxable","17":"shipping-taxable","18":"purchasable","19":"product-type-simple"},"group_of_quantity":0,"min_quantity":0,"max_quantity":"","exclude_order_quantity_value_rules":"no","exclude_category_quantity_rules":"no","combine_variations":"no","locations":[{"id":4160,"name":"PSH","slug":"psh","quantity":""},{"id":20835,"name":"PSH Poland","slug":"psh-poland","quantity":""}],"_links":{"self":[{"href":"https:\/\/ab-marineservice.com\/de\/wp-json\/wp\/v2\/product\/173147","targetHints":{"allow":["GET"]}}],"collection":[{"href":"https:\/\/ab-marineservice.com\/de\/wp-json\/wp\/v2\/product"}],"about":[{"href":"https:\/\/ab-marineservice.com\/de\/wp-json\/wp\/v2\/types\/product"}],"replies":[{"embeddable":true,"href":"https:\/\/ab-marineservice.com\/de\/wp-json\/wp\/v2\/comments?post=173147"}],"wp:featuredmedia":[{"embeddable":true,"href":"https:\/\/ab-marineservice.com\/de\/wp-json\/wp\/v2\/media\/430385"}],"wp:attachment":[{"href":"https:\/\/ab-marineservice.com\/de\/wp-json\/wp\/v2\/media?parent=173147"}],"wp:term":[{"taxonomy":"location","embeddable":true,"href":"https:\/\/ab-marineservice.com\/de\/wp-json\/wp\/v2\/location?post=173147"},{"taxonomy":"product_brand","embeddable":true,"href":"https:\/\/ab-marineservice.com\/de\/wp-json\/wp\/v2\/product_brand?post=173147"},{"taxonomy":"product_cat","embeddable":true,"href":"https:\/\/ab-marineservice.com\/de\/wp-json\/wp\/v2\/product_cat?post=173147"},{"taxonomy":"product_tag","embeddable":true,"href":"https:\/\/ab-marineservice.com\/de\/wp-json\/wp\/v2\/product_tag?post=173147"}],"curies":[{"name":"wp","href":"https:\/\/api.w.org\/{rel}","templated":true}]}}