{"id":173266,"date":"2023-07-31T23:31:13","date_gmt":"2023-07-31T21:31:13","guid":{"rendered":"https:\/\/ab-marineservice.com\/product\/anlasser-303\/"},"modified":"2026-04-08T19:58:26","modified_gmt":"2026-04-08T17:58:26","slug":"honda-anlasser-0-6-kw-12v-14-zahne","status":"publish","type":"product","link":"https:\/\/ab-marineservice.com\/de\/produkt\/honda-anlasser-0-6-kw-12v-14-zahne\/","title":{"rendered":"Honda Anlasser 0.6 kW &#8211; 12V, 14 Z\u00e4hne"},"content":{"rendered":"<p><strong>Technische Daten:<\/strong><br \/>\nSpannung: 12V<br \/>\nLeistung: 0,6 kW<br \/>\nFittingkante: 61,60 mm<br \/>\nZ\u00e4hne: 14<br \/>\nBasisposition des Antriebszahnrads: 10,00 mm<br \/>\nB+: M6<br \/>\nAnzahl der Montagebohrungen: 2<br \/>\nDrehung: CCW<\/p>\n<p><strong>Cross-Referenz:<\/strong><br \/>\n0280006110 Denso<br \/>\n0280006111 Denso<br \/>\n028000841 Denso<br \/>\n0280008410 Denso<br \/>\n0280008411 Denso<br \/>\n112246 HC-Cargo<br \/>\n120021142 PSH<br \/>\n128000295 Denso<br \/>\n1280002950 Denso<br \/>\n1280004600 Denso<br \/>\n1280004601 Denso<br \/>\n1280005290 Denso<br \/>\n18350N WAI<br \/>\n22641ND WAI<br \/>\n25113 Lucas<br \/>\n31100ZA10030 Honda<br \/>\n312000889831 Honda<br \/>\n31200889831 Honda<br \/>\n31200ZA0701 Honda<br \/>\n31200ZA0701RM Honda<br \/>\n31200ZA0L01 Honda<br \/>\n31200ZA0L01RM Honda<br \/>\n31200ZA0P01 Honda<br \/>\n31200ZA1003 Honda<br \/>\n31200ZA10030 Honda<br \/>\n31200ZA1003RM Honda<br \/>\n31200ZE8003 Honda<br \/>\n31200ZE8003RM Honda<br \/>\n31200ZE8801 Honda<br \/>\n31200ZE88010 Honda<br \/>\n31200ZE8801RM Honda<br \/>\n31200ZE9L310 Honda<br \/>\nAHS219 ATK<br \/>\nBB5X2 Honda<br \/>\nDB5D6 Honda<br \/>\nDB5DP Honda<br \/>\nDB5X2 Honda<br \/>\nDB5X8 Honda<br \/>\nDRS0586 Delco Remy<br \/>\nF032112246 HC-Cargo<br \/>\nLRS01149 Lucas<br \/>\nLRS02278 Lucas<br \/>\nLRS1149 Lucas<br \/>\nLRS2278 Lucas<br \/>\nRS41270 Delco Remy<br \/>\nS9964 Lucas<br \/>\nST313 FAI<br \/>\nSTR30031 Wood Auto<br \/>\nWOOSTR30031 Wood Auto<\/p>\n","protected":false},"excerpt":{"rendered":"<p>Dieser Anlasser hat eine Leistung von 0,6 kW und eine Spannung von 12V, entwickelt f\u00fcr Honda-Anwendungen und andere \u00e4hnliche Fahrzeuge. Der Anlasser hat 14 Z\u00e4hne, eine Fittingkante von 61,60 mm und eine Basisposition des Antriebszahnrads von 10,00 mm. Das B+ hat einen M6-Anschluss, und der Motor hat zwei Montagebohrungen. Die Drehung ist CCW, ideal f\u00fcr den Einsatz in Fahrzeugen, die gegen den Uhrzeigersinn drehen.<\/p>\n","protected":false},"featured_media":432252,"comment_status":"open","ping_status":"closed","template":"","meta":[],"location":[],"product_brand":[26252],"product_cat":[1222,1463,1464,1501],"product_tag":[],"class_list":{"0":"post-173266","1":"product","2":"type-product","3":"status-publish","4":"has-post-thumbnail","6":"product_brand-wai-global","7":"product_cat-motorteile","8":"product_cat-anlasser","9":"product_cat-innenbordstarter","10":"product_cat-honda-de","11":"product_shipping_class-paket-0-10-kg","13":"first","14":"instock","15":"sale","16":"taxable","17":"shipping-taxable","18":"purchasable","19":"product-type-simple"},"group_of_quantity":0,"min_quantity":0,"max_quantity":"","exclude_order_quantity_value_rules":"no","exclude_category_quantity_rules":"no","combine_variations":"no","locations":[{"id":4160,"name":"PSH","slug":"psh","quantity":""},{"id":20835,"name":"PSH Poland","slug":"psh-poland","quantity":""}],"_links":{"self":[{"href":"https:\/\/ab-marineservice.com\/de\/wp-json\/wp\/v2\/product\/173266","targetHints":{"allow":["GET"]}}],"collection":[{"href":"https:\/\/ab-marineservice.com\/de\/wp-json\/wp\/v2\/product"}],"about":[{"href":"https:\/\/ab-marineservice.com\/de\/wp-json\/wp\/v2\/types\/product"}],"replies":[{"embeddable":true,"href":"https:\/\/ab-marineservice.com\/de\/wp-json\/wp\/v2\/comments?post=173266"}],"wp:featuredmedia":[{"embeddable":true,"href":"https:\/\/ab-marineservice.com\/de\/wp-json\/wp\/v2\/media\/432252"}],"wp:attachment":[{"href":"https:\/\/ab-marineservice.com\/de\/wp-json\/wp\/v2\/media?parent=173266"}],"wp:term":[{"taxonomy":"location","embeddable":true,"href":"https:\/\/ab-marineservice.com\/de\/wp-json\/wp\/v2\/location?post=173266"},{"taxonomy":"product_brand","embeddable":true,"href":"https:\/\/ab-marineservice.com\/de\/wp-json\/wp\/v2\/product_brand?post=173266"},{"taxonomy":"product_cat","embeddable":true,"href":"https:\/\/ab-marineservice.com\/de\/wp-json\/wp\/v2\/product_cat?post=173266"},{"taxonomy":"product_tag","embeddable":true,"href":"https:\/\/ab-marineservice.com\/de\/wp-json\/wp\/v2\/product_tag?post=173266"}],"curies":[{"name":"wp","href":"https:\/\/api.w.org\/{rel}","templated":true}]}}