{"id":173325,"date":"2023-07-31T23:34:38","date_gmt":"2023-07-31T21:34:38","guid":{"rendered":"https:\/\/ab-marineservice.com\/product\/anlasser-329\/"},"modified":"2026-03-24T17:35:48","modified_gmt":"2026-03-24T16:35:48","slug":"anlasser-yanmar-2-0-kw-12v-9-zahne","status":"publish","type":"product","link":"https:\/\/ab-marineservice.com\/de\/produkt\/anlasser-yanmar-2-0-kw-12v-9-zahne\/","title":{"rendered":"Anlasser Yanmar 2.0 kW &#8211; 12V, 9 Z\u00e4hne"},"content":{"rendered":"<p><strong>Technische Daten:<\/strong><br \/>\nSpannung: 12V<br \/>\nLeistung: 2.0 kW<br \/>\nFittingkante: 95,00 mm<br \/>\nAnzahl der Z\u00e4hne: 9<br \/>\nBasisposition des Antriebszahnrads: 21,50 mm<br \/>\nB+: M8<br \/>\nAnzahl der Montagebohrungen: 2<br \/>\nPosition: +145\u00b0<br \/>\nDrehung: CW<br \/>\nDoppelt isoliert: nein<\/p>\n<p><strong>Cross-Referenzen:<\/strong><br \/>\n0986UR1493 Bosch Exchange<br \/>\n0986UR1495 Bosch Exchange<br \/>\n10451688 Delco Remy<br \/>\n112371 HC-Cargo<br \/>\n12648677010 Yanmar<br \/>\n12648677011 Yanmar<br \/>\n12948677010 Yanmar<br \/>\n12948677011 Yanmar<br \/>\n18490N WAI<br \/>\n1986S10144 Bosch<br \/>\n20451688 Carrier<br \/>\n20452323 Carrier<br \/>\n20513057 Prestolite<br \/>\n22318HI WAI<br \/>\n231603 HC-Cargo<br \/>\n24020105 Dixie<br \/>\n2506945 Hitachi<br \/>\n451688 Thermo King<br \/>\n452323 Thermo King<br \/>\n461688 Thermo King<br \/>\n68510 Delco Remy<br \/>\n8451688 Thermo King<br \/>\n8452323 Thermo King<br \/>\n91251170 Wilson<br \/>\n93591 Delco Remy<br \/>\n980528092 PSH<br \/>\nAYS107 ATK<br \/>\nF032112371 HC-Cargo<br \/>\nHITS13207 Wood Auto<br \/>\nLRS01609 Lucas<br \/>\nLRS1609 Lucas<br \/>\nMHI207 Prestolite<br \/>\nS13207 Hitachi<br \/>\nS13207A Hitachi<br \/>\nS13207B Hitachi<br \/>\nS13207C Hitachi<br \/>\nS80052 Dixie<br \/>\nSR5059X Bosch (USA)<br \/>\nSR5062X Bosch (USA)<br \/>\nSTR6009 Unipoint<br \/>\nSTR72009 Wood Auto<br \/>\nTRS140 TWA<br \/>\nWOOSTR72009 Wood Auto<\/p>\n","protected":false},"excerpt":{"rendered":"<p>Anlasser Yanmar mit 12V Spannung und 2.0 kW Leistung. Dieser Anlasser hat 9 Z\u00e4hne, eine Fittingkante von 95,00 mm und ist f\u00fcr zuverl\u00e4ssige Leistung in verschiedenen Yanmar-Anwendungen konzipiert. Mit einer Basisposition des Antriebszahnrads von 21,50 mm und einer Drehung im Uhrzeigersinn ist dieser Anlasser ideal f\u00fcr schwere Bedingungen.<\/p>\n","protected":false},"featured_media":431695,"comment_status":"open","ping_status":"closed","template":"","meta":[],"location":[],"product_brand":[26252],"product_cat":[1222,1463,1464,1497],"product_tag":[],"class_list":{"0":"post-173325","1":"product","2":"type-product","3":"status-publish","4":"has-post-thumbnail","6":"product_brand-wai-global","7":"product_cat-motorteile","8":"product_cat-anlasser","9":"product_cat-innenbordstarter","10":"product_cat-yanmar-de-3","11":"product_shipping_class-paket-0-10-kg","13":"first","14":"instock","15":"sale","16":"taxable","17":"shipping-taxable","18":"purchasable","19":"product-type-simple"},"group_of_quantity":0,"min_quantity":0,"max_quantity":"","exclude_order_quantity_value_rules":"no","exclude_category_quantity_rules":"no","combine_variations":"no","locations":[{"id":4160,"name":"PSH","slug":"psh","quantity":""},{"id":20835,"name":"PSH Poland","slug":"psh-poland","quantity":""}],"_links":{"self":[{"href":"https:\/\/ab-marineservice.com\/de\/wp-json\/wp\/v2\/product\/173325","targetHints":{"allow":["GET"]}}],"collection":[{"href":"https:\/\/ab-marineservice.com\/de\/wp-json\/wp\/v2\/product"}],"about":[{"href":"https:\/\/ab-marineservice.com\/de\/wp-json\/wp\/v2\/types\/product"}],"replies":[{"embeddable":true,"href":"https:\/\/ab-marineservice.com\/de\/wp-json\/wp\/v2\/comments?post=173325"}],"wp:featuredmedia":[{"embeddable":true,"href":"https:\/\/ab-marineservice.com\/de\/wp-json\/wp\/v2\/media\/431695"}],"wp:attachment":[{"href":"https:\/\/ab-marineservice.com\/de\/wp-json\/wp\/v2\/media?parent=173325"}],"wp:term":[{"taxonomy":"location","embeddable":true,"href":"https:\/\/ab-marineservice.com\/de\/wp-json\/wp\/v2\/location?post=173325"},{"taxonomy":"product_brand","embeddable":true,"href":"https:\/\/ab-marineservice.com\/de\/wp-json\/wp\/v2\/product_brand?post=173325"},{"taxonomy":"product_cat","embeddable":true,"href":"https:\/\/ab-marineservice.com\/de\/wp-json\/wp\/v2\/product_cat?post=173325"},{"taxonomy":"product_tag","embeddable":true,"href":"https:\/\/ab-marineservice.com\/de\/wp-json\/wp\/v2\/product_tag?post=173325"}],"curies":[{"name":"wp","href":"https:\/\/api.w.org\/{rel}","templated":true}]}}