{"id":173535,"date":"2023-07-31T23:46:49","date_gmt":"2023-07-31T21:46:49","guid":{"rendered":"https:\/\/ab-marineservice.com\/product\/anlasser-411\/"},"modified":"2026-03-24T17:35:37","modified_gmt":"2026-03-24T16:35:37","slug":"opel-anlasser-11-kw-12v-9-zahne","status":"publish","type":"product","link":"https:\/\/ab-marineservice.com\/de\/produkt\/opel-anlasser-11-kw-12v-9-zahne\/","title":{"rendered":"Opel Anlasser 1,1 kW &#8211; 12V, 9 Z\u00e4hne"},"content":{"rendered":"<p><strong>Technische Daten:<\/strong><br \/>\nSpannung: 12V<br \/>\nLeistung: 1,1 kW<br \/>\nFittingkante: 68,00 mm<br \/>\nAnzahl Z\u00e4hne: 9<br \/>\nBasisposition des Antriebszahnrads: 19,00 mm<br \/>\nB+: M8<br \/>\nAnzahl Montagebohrungen: 2<br \/>\nPosition: +75\u00b0<br \/>\nDrehung: CW<\/p>\n<p><strong>Anwendung:<\/strong><br \/>\nGeeignet f\u00fcr die folgenden Opel- und Vauxhall-Modelle:<br \/>\nOPEL Agila (07-2003 &#8211; 03-2008)<br \/>\nOPEL Astra (02-1998 &#8211; 07-2000)<br \/>\nOPEL Astra (08-1991 &#8211; 08-1993)<br \/>\nOPEL Astra (02-2003 &#8211; 06-2004)<br \/>\nOPEL Astra (02-1998 &#8211; 12-2004)<br \/>\nOPEL Astra (08-2000 &#8211; 12-2004)<br \/>\nOPEL Astra Van (08-1998 &#8211; 07-2000)<br \/>\nOPEL Combo (03-2005 &#8211; 11-2011)<br \/>\nOPEL Combo Tour (03-2005 &#8211; 12-2010)<br \/>\nOPEL Corsa (03-1993 &#8211; 07-1994)<br \/>\nOPEL Corsa Van (12-2009 &#8211; 07-2014)<br \/>\nOPEL Vectra (07-1999 &#8211; 09-2001)<br \/>\nOPEL Zafira (12-2005 &#8211; 11-2011)<br \/>\nVAUXHALL Astra (08-1998 &#8211; 04-2005)<br \/>\nVAUXHALL Astra (08-1999 &#8211; 05-2003)<br \/>\nVAUXHALL Astra (01-1998 &#8211; 11-2000)<br \/>\nVAUXHALL Astra Van (08-2000 &#8211; 09-2004)<br \/>\nVAUXHALL Combo (07-1999 &#8211; 09-2001)<br \/>\nVAUXHALL Vectra (10-1996 &#8211; 08-2000)<\/p>\n<p><strong>Cross-Referenzen:<\/strong><br \/>\n0001107401 Bosch<br \/>\n0001107413 Bosch<br \/>\n063524163010 Magneti Marelli<br \/>\n091151190 Opel<br \/>\n09151190 Opel<br \/>\n0986017120 Bosch Exchange<br \/>\n0986019870 Bosch Exchange<br \/>\n0986019873 Bosch Exchange<br \/>\n11131903 Mahle<br \/>\n113276 HC-Cargo<br \/>\n12596233 General Motors<br \/>\n130533092 PSH<br \/>\n1986S00668 Bosch<br \/>\n24436877 Opel<br \/>\n25187957 Opel<br \/>\n2605405010 Denso<br \/>\n3110084AE Suzuki<br \/>\n3110084EB Suzuki<br \/>\n5010281 Meat &#038; Doria<br \/>\n6004AA0020 Bosch<br \/>\n6202013 Opel<br \/>\n6202016 Opel<br \/>\n6202020 Opel<br \/>\n6202072 Opel<br \/>\n6202077 Opel<br \/>\n6202088 Opel<br \/>\n63524163010 Magneti Marelli<br \/>\n72736055 Mahle<br \/>\n8000188 Delco Remy<br \/>\n8000188P Delco Remy<br \/>\n90421877 Opel<br \/>\n9115197 Opel<br \/>\n913837N Opel<br \/>\n9151190 Opel<br \/>\n9190838 Opel<br \/>\n93171936 Opel<br \/>\n93171950 Opel<br \/>\n93184533 Opel<br \/>\n944280208700 Magneti Marelli<br \/>\n95524889 Opel<br \/>\nASM1187 Apec<br \/>\nAZD2126 Mahle<br \/>\nBOS0001107401 Wood Auto<br \/>\nDENDSN3009 Wood Auto<br \/>\nDRS3836 Delco Remy<br \/>\nDRS3837 Delco Remy<br \/>\nDRS3837N Delco Remy<br \/>\nDSN3009 Denso<br \/>\nF032113276 HC-Cargo<br \/>\nF042202534 Bosch<br \/>\nF042S02170 Bosch<br \/>\nIS1265 Mahle<br \/>\nMS427 Mahle<br \/>\nND134 Valeo<br \/>\nOSM10681 Optimum<br \/>\nOSM11359 Optimum<br \/>\nR1040008 Vauxhall<br \/>\nR1540011 Opel<br \/>\nRAS38231 Delco Remy<br \/>\nRNL1712B RNL<br \/>\nRNL1987 RNL<\/p>\n","protected":false},"excerpt":{"rendered":"<p>Opel Anlasser mit 12V Spannung und 1,1 kW Leistung. Dieser Anlasser wurde f\u00fcr Opel-Motoren entwickelt, mit 9 Z\u00e4hnen und einer Fittingkante von 68,00 mm, ideal f\u00fcr zuverl\u00e4ssige und effiziente Leistung unter verschiedenen Bedingungen.<\/p>\n","protected":false},"featured_media":430412,"comment_status":"open","ping_status":"closed","template":"","meta":[],"location":[],"product_brand":[26252],"product_cat":[1222,1463,75,1464,28129],"product_tag":[],"class_list":{"0":"post-173535","1":"product","2":"type-product","3":"status-publish","4":"has-post-thumbnail","6":"product_brand-wai-global","7":"product_cat-motorteile","8":"product_cat-anlasser","9":"product_cat-startmotoren-motordelen","10":"product_cat-innenbordstarter","11":"product_cat-opel-anlasser","12":"product_shipping_class-paket-0-10-kg","14":"first","15":"instock","16":"sale","17":"taxable","18":"shipping-taxable","19":"purchasable","20":"product-type-simple"},"group_of_quantity":0,"min_quantity":0,"max_quantity":"","exclude_order_quantity_value_rules":"no","exclude_category_quantity_rules":"no","combine_variations":"no","locations":[{"id":4160,"name":"PSH","slug":"psh","quantity":""},{"id":20835,"name":"PSH Poland","slug":"psh-poland","quantity":""}],"_links":{"self":[{"href":"https:\/\/ab-marineservice.com\/de\/wp-json\/wp\/v2\/product\/173535","targetHints":{"allow":["GET"]}}],"collection":[{"href":"https:\/\/ab-marineservice.com\/de\/wp-json\/wp\/v2\/product"}],"about":[{"href":"https:\/\/ab-marineservice.com\/de\/wp-json\/wp\/v2\/types\/product"}],"replies":[{"embeddable":true,"href":"https:\/\/ab-marineservice.com\/de\/wp-json\/wp\/v2\/comments?post=173535"}],"wp:featuredmedia":[{"embeddable":true,"href":"https:\/\/ab-marineservice.com\/de\/wp-json\/wp\/v2\/media\/430412"}],"wp:attachment":[{"href":"https:\/\/ab-marineservice.com\/de\/wp-json\/wp\/v2\/media?parent=173535"}],"wp:term":[{"taxonomy":"location","embeddable":true,"href":"https:\/\/ab-marineservice.com\/de\/wp-json\/wp\/v2\/location?post=173535"},{"taxonomy":"product_brand","embeddable":true,"href":"https:\/\/ab-marineservice.com\/de\/wp-json\/wp\/v2\/product_brand?post=173535"},{"taxonomy":"product_cat","embeddable":true,"href":"https:\/\/ab-marineservice.com\/de\/wp-json\/wp\/v2\/product_cat?post=173535"},{"taxonomy":"product_tag","embeddable":true,"href":"https:\/\/ab-marineservice.com\/de\/wp-json\/wp\/v2\/product_tag?post=173535"}],"curies":[{"name":"wp","href":"https:\/\/api.w.org\/{rel}","templated":true}]}}