{"id":173641,"date":"2023-07-31T23:53:19","date_gmt":"2023-07-31T21:53:19","guid":{"rendered":"https:\/\/ab-marineservice.com\/product\/anlasser-452\/"},"modified":"2026-03-24T18:59:18","modified_gmt":"2026-03-24T17:59:18","slug":"anlasser-briggs-stratton-0-7-kw-12v-15-zahne","status":"publish","type":"product","link":"https:\/\/ab-marineservice.com\/de\/produkt\/anlasser-briggs-stratton-0-7-kw-12v-15-zahne\/","title":{"rendered":"Anlasser Briggs Stratton 0.7 kW &#8211; 12V, 15 Z\u00e4hne"},"content":{"rendered":"<p><strong>Technische Daten:<\/strong><br \/>\nSpannung: 12V<br \/>\nLeistung: 0,7 kW<br \/>\nAnzahl der Z\u00e4hne: 15<br \/>\nBasisposition des Antriebszahnrads: 41,00 mm<br \/>\nB+: M6<br \/>\nAnzahl der Montagebohrungen: 2<br \/>\nRotation: CCW<\/p>\n<p><strong>Cross-Referenzen:<\/strong><br \/>\n0C2881 Generac<br \/>\n113539 HC-Cargo<br \/>\n20607123 Dixie<br \/>\n22407 Lucas<br \/>\n400082152 PSH<br \/>\n5072553 Meat &#038; Doria<br \/>\n5776N WAI<br \/>\n691564 Briggs Stratton<br \/>\n693469 Briggs Stratton<br \/>\n72881 Generac<br \/>\n808106 Briggs Stratton<br \/>\n843258 Briggs Stratton<br \/>\n843259 Briggs Stratton<br \/>\n844717 Briggs Stratton<br \/>\n846451 Briggs Stratton<br \/>\nC2881 Generac<br \/>\nC2881A Generac<br \/>\nF032113539 HC-Cargo<br \/>\nM143512 John Deere<br \/>\nM7844D12001E0 Briggs Stratton<br \/>\nMS6005 Dixie<br \/>\nRAS41081 Delco Remy<br \/>\nRNL691564 RNL<br \/>\nRS41081 Delco Remy<br \/>\nST317 FAI<br \/>\nSTR88004 Wood Auto<br \/>\nWOOSTR88004 Wood Auto<\/p>\n","protected":false},"excerpt":{"rendered":"<p>Anlasser Briggs &#038; Stratton mit 12V Spannung und 0,7 kW Leistung. Dieser kompakte Anlasser ist f\u00fcr zuverl\u00e4ssige Leistung in kleineren Motoren entwickelt, mit 15 Z\u00e4hnen und einer Basisposition des Antriebszahnrads von 41,00 mm.<\/p>\n","protected":false},"featured_media":430690,"comment_status":"open","ping_status":"closed","template":"","meta":[],"location":[],"product_brand":[26252],"product_cat":[1222,1463,1464,1474],"product_tag":[],"class_list":{"0":"post-173641","1":"product","2":"type-product","3":"status-publish","4":"has-post-thumbnail","6":"product_brand-wai-global","7":"product_cat-motorteile","8":"product_cat-anlasser","9":"product_cat-innenbordstarter","10":"product_cat-verschiedene-de","11":"product_shipping_class-paket-0-10-kg","13":"first","14":"instock","15":"sale","16":"taxable","17":"shipping-taxable","18":"purchasable","19":"product-type-simple"},"group_of_quantity":0,"min_quantity":0,"max_quantity":"","exclude_order_quantity_value_rules":"no","exclude_category_quantity_rules":"no","combine_variations":"no","locations":[{"id":4160,"name":"PSH","slug":"psh","quantity":""},{"id":20835,"name":"PSH Poland","slug":"psh-poland","quantity":""}],"_links":{"self":[{"href":"https:\/\/ab-marineservice.com\/de\/wp-json\/wp\/v2\/product\/173641","targetHints":{"allow":["GET"]}}],"collection":[{"href":"https:\/\/ab-marineservice.com\/de\/wp-json\/wp\/v2\/product"}],"about":[{"href":"https:\/\/ab-marineservice.com\/de\/wp-json\/wp\/v2\/types\/product"}],"replies":[{"embeddable":true,"href":"https:\/\/ab-marineservice.com\/de\/wp-json\/wp\/v2\/comments?post=173641"}],"wp:featuredmedia":[{"embeddable":true,"href":"https:\/\/ab-marineservice.com\/de\/wp-json\/wp\/v2\/media\/430690"}],"wp:attachment":[{"href":"https:\/\/ab-marineservice.com\/de\/wp-json\/wp\/v2\/media?parent=173641"}],"wp:term":[{"taxonomy":"location","embeddable":true,"href":"https:\/\/ab-marineservice.com\/de\/wp-json\/wp\/v2\/location?post=173641"},{"taxonomy":"product_brand","embeddable":true,"href":"https:\/\/ab-marineservice.com\/de\/wp-json\/wp\/v2\/product_brand?post=173641"},{"taxonomy":"product_cat","embeddable":true,"href":"https:\/\/ab-marineservice.com\/de\/wp-json\/wp\/v2\/product_cat?post=173641"},{"taxonomy":"product_tag","embeddable":true,"href":"https:\/\/ab-marineservice.com\/de\/wp-json\/wp\/v2\/product_tag?post=173641"}],"curies":[{"name":"wp","href":"https:\/\/api.w.org\/{rel}","templated":true}]}}