{"id":173996,"date":"2023-08-01T00:14:41","date_gmt":"2023-07-31T22:14:41","guid":{"rendered":"https:\/\/ab-marineservice.com\/product\/anlasser-636\/"},"modified":"2026-05-02T10:35:14","modified_gmt":"2026-05-02T08:35:14","slug":"anlasser-suzuki-0-7-kw-12v-9-zahne","status":"publish","type":"product","link":"https:\/\/ab-marineservice.com\/de\/produkt\/anlasser-suzuki-0-7-kw-12v-9-zahne\/","title":{"rendered":"Anlasser Suzuki 0.7 kW &#8211; 12V, 9 Z\u00e4hne"},"content":{"rendered":"<p><strong>Technische Daten:<\/strong><br \/>\nSpannung: 12V<br \/>\nLeistung: 0,7 kW<br \/>\nFittingkante: 30,00 mm<br \/>\nAnzahl der Z\u00e4hne: 9<br \/>\nBasisposition des Antriebszahnrads: 44,00 mm<br \/>\nB+: M5<br \/>\nAnzahl der Montagebohrungen: 2<br \/>\nRotation: CW<\/p>\n<p><strong>Cross-Referenzen:<\/strong><br \/>\n114182 HC-Cargo<br \/>\n180017092 PSH<br \/>\n18886N WAI<br \/>\n2280007540 Denso<br \/>\n2280007541 Denso<br \/>\n3110006H00 Suzuki<br \/>\n3110006H01 Suzuki<br \/>\n3110014F00 Suzuki<br \/>\n3110014F00000 Suzuki<br \/>\n3110014F01 Suzuki<br \/>\n3110014F01000 Suzuki<br \/>\nF032114182 HC-Cargo<br \/>\nSTR70465 Wood Auto<br \/>\nWOOSTR70465 Wood Auto<\/p>\n","protected":false},"excerpt":{"rendered":"<p>Anlasser Suzuki mit 12V Spannung und 0,7 kW Leistung. Dieser kompakte Anlasser ist f\u00fcr Suzuki-Motoren entwickelt, mit 9 Z\u00e4hnen und einer Fittingkante von 30,00 mm f\u00fcr zuverl\u00e4ssige Leistung und effizienten Betrieb in verschiedenen Anwendungen.<\/p>\n","protected":false},"featured_media":430915,"comment_status":"open","ping_status":"closed","template":"","meta":[],"location":[],"product_brand":[26252],"product_cat":[1222,1463,75,1499,1508],"product_tag":[],"class_list":{"0":"post-173996","1":"product","2":"type-product","3":"status-publish","4":"has-post-thumbnail","6":"product_brand-wai-global","7":"product_cat-motorteile","8":"product_cat-anlasser","9":"product_cat-startmotoren-motordelen","10":"product_cat-aussenbord-jetski-starter","11":"product_cat-suzuki-de","12":"product_shipping_class-paket-0-10-kg","14":"first","15":"instock","16":"sale","17":"taxable","18":"shipping-taxable","19":"purchasable","20":"product-type-simple"},"group_of_quantity":0,"min_quantity":0,"max_quantity":"","exclude_order_quantity_value_rules":"no","exclude_category_quantity_rules":"no","combine_variations":"no","locations":[{"id":4160,"name":"PSH","slug":"psh","quantity":""},{"id":20835,"name":"PSH Poland","slug":"psh-poland","quantity":""}],"_links":{"self":[{"href":"https:\/\/ab-marineservice.com\/de\/wp-json\/wp\/v2\/product\/173996","targetHints":{"allow":["GET"]}}],"collection":[{"href":"https:\/\/ab-marineservice.com\/de\/wp-json\/wp\/v2\/product"}],"about":[{"href":"https:\/\/ab-marineservice.com\/de\/wp-json\/wp\/v2\/types\/product"}],"replies":[{"embeddable":true,"href":"https:\/\/ab-marineservice.com\/de\/wp-json\/wp\/v2\/comments?post=173996"}],"wp:featuredmedia":[{"embeddable":true,"href":"https:\/\/ab-marineservice.com\/de\/wp-json\/wp\/v2\/media\/430915"}],"wp:attachment":[{"href":"https:\/\/ab-marineservice.com\/de\/wp-json\/wp\/v2\/media?parent=173996"}],"wp:term":[{"taxonomy":"location","embeddable":true,"href":"https:\/\/ab-marineservice.com\/de\/wp-json\/wp\/v2\/location?post=173996"},{"taxonomy":"product_brand","embeddable":true,"href":"https:\/\/ab-marineservice.com\/de\/wp-json\/wp\/v2\/product_brand?post=173996"},{"taxonomy":"product_cat","embeddable":true,"href":"https:\/\/ab-marineservice.com\/de\/wp-json\/wp\/v2\/product_cat?post=173996"},{"taxonomy":"product_tag","embeddable":true,"href":"https:\/\/ab-marineservice.com\/de\/wp-json\/wp\/v2\/product_tag?post=173996"}],"curies":[{"name":"wp","href":"https:\/\/api.w.org\/{rel}","templated":true}]}}