{"id":18367,"date":"2018-11-30T11:01:38","date_gmt":"2018-11-30T10:01:38","guid":{"rendered":"https:\/\/ab-marineservice.com\/product\/18367\/"},"modified":"2024-05-30T19:13:44","modified_gmt":"2024-05-30T17:13:44","slug":"18367","status":"publish","type":"product","link":"https:\/\/ab-marineservice.com\/de\/produkt\/18367\/","title":{"rendered":"Kupplung recht 5mm Kraftstoff- und K\u00fchlmittelschlauch"},"content":{"rendered":"","protected":false},"excerpt":{"rendered":"<p>Innendurchmesser 5 mm und 3\/16&#8221;<\/p>\n<p>\u203a\u203a Einzigartige Konstruktion mit erh\u00f6htem Rand garantiert eine leckagefreie Verbindung<br \/>\n\u203a\u203a Best\u00e4ndig gegen K\u00fchlmittelzus\u00e4tze, Benzin, Diesel, \u00d6l und LPG<br \/>\n\u203a\u203a Mit Glasfaser verst\u00e4rktes Nylon und widerstandsf\u00e4hig gegen extreme Temperaturen von<br \/>\n65\u00b0C bis +250\u00b0C<br \/>\n\u203a\u203a Betriebsdruck bis 2 MPa (20 kg\/cm\u00b2)<\/p>\n","protected":false},"featured_media":18236,"comment_status":"open","ping_status":"closed","template":"","meta":[],"location":[3905,4275,4276],"product_brand":[],"product_cat":[1222,1437,2087,2091],"product_tag":[],"class_list":{"0":"post-18367","1":"product","2":"type-product","3":"status-publish","4":"has-post-thumbnail","6":"location-ab-marine-service","7":"location-aes-emmeloord","8":"location-aes-lemmer","9":"product_cat-motorteile","10":"product_cat-schlauch-und-rohrleitung","11":"product_cat-kupplungen-fur-kraftstoffschlauche","12":"product_cat-kupplungen-kraftstoffschlauch-recht","13":"product_shipping_class-paket-0-10-kg","15":"first","16":"instock","17":"taxable","18":"shipping-taxable","19":"purchasable","20":"product-type-simple"},"group_of_quantity":0,"min_quantity":0,"max_quantity":"","exclude_order_quantity_value_rules":"no","exclude_category_quantity_rules":"no","combine_variations":"no","locations":[{"id":3905,"name":"AB Marine","slug":"ab-marine-service","quantity":""},{"id":4275,"name":"AES Emmeloord","slug":"aes-emmeloord","quantity":""},{"id":4276,"name":"AES Lemmer","slug":"aes-lemmer","quantity":""}],"_links":{"self":[{"href":"https:\/\/ab-marineservice.com\/de\/wp-json\/wp\/v2\/product\/18367","targetHints":{"allow":["GET"]}}],"collection":[{"href":"https:\/\/ab-marineservice.com\/de\/wp-json\/wp\/v2\/product"}],"about":[{"href":"https:\/\/ab-marineservice.com\/de\/wp-json\/wp\/v2\/types\/product"}],"replies":[{"embeddable":true,"href":"https:\/\/ab-marineservice.com\/de\/wp-json\/wp\/v2\/comments?post=18367"}],"wp:featuredmedia":[{"embeddable":true,"href":"https:\/\/ab-marineservice.com\/de\/wp-json\/wp\/v2\/media\/18236"}],"wp:attachment":[{"href":"https:\/\/ab-marineservice.com\/de\/wp-json\/wp\/v2\/media?parent=18367"}],"wp:term":[{"taxonomy":"location","embeddable":true,"href":"https:\/\/ab-marineservice.com\/de\/wp-json\/wp\/v2\/location?post=18367"},{"taxonomy":"product_brand","embeddable":true,"href":"https:\/\/ab-marineservice.com\/de\/wp-json\/wp\/v2\/product_brand?post=18367"},{"taxonomy":"product_cat","embeddable":true,"href":"https:\/\/ab-marineservice.com\/de\/wp-json\/wp\/v2\/product_cat?post=18367"},{"taxonomy":"product_tag","embeddable":true,"href":"https:\/\/ab-marineservice.com\/de\/wp-json\/wp\/v2\/product_tag?post=18367"}],"curies":[{"name":"wp","href":"https:\/\/api.w.org\/{rel}","templated":true}]}}