{"id":18835,"date":"2019-01-11T14:01:42","date_gmt":"2019-01-11T13:01:42","guid":{"rendered":"https:\/\/ab-marineservice.com\/product\/albin-o21-o22-warmetauscher\/"},"modified":"2025-05-21T12:28:20","modified_gmt":"2025-05-21T10:28:20","slug":"albin-o21-o22-warmetauscher","status":"publish","type":"product","link":"https:\/\/ab-marineservice.com\/de\/produkt\/albin-o21-o22-warmetauscher\/","title":{"rendered":"Albin O21-O22 W\u00e4rmetauscher"},"content":{"rendered":"","protected":false},"excerpt":{"rendered":"<p>Zur Umr\u00fcstung von Motoren mit Direktk\u00fchlung auf ein geschlossenes K\u00fchlsystem f\u00fcr die ALBIN 021 und 022 Motoren.<br \/>\nDiese W\u00e4rmetauscher wurden als Satz f\u00fcr eine gro\u00dfe Anzahl von Motoren geliefert und direkt an den Motor angeschlossen. Einschlie\u00dflich alle Schlauch- und Rohrmaterialien.<br \/>\nDar\u00fcber hinaus werden Standard-Umbaus\u00e4tze f\u00fcr verschiedene Motorleistungen geliefert. Diese W\u00e4rmetauscher werden an einer Wand montiert.<br \/>\nAlle MARTEC K\u00fchlwassertauscher wird komplett mit Expansionstank, elektischer Johnson Umw\u00e4lzpumpe und Montagematerial geliefert.<\/p>\n<p>Achtung: jeder Satz enth\u00e4lt spezifische Teile.<br \/>\nWeitere Informationen und Lieferzeiten \u00fcber unser Kontaktformular.<\/p>\n","protected":false},"featured_media":18777,"comment_status":"open","ping_status":"closed","template":"","meta":[],"location":[15431],"product_brand":[],"product_cat":[1310,1363],"product_tag":[],"class_list":{"0":"post-18835","1":"product","2":"type-product","3":"status-publish","4":"has-post-thumbnail","6":"location-martec","7":"product_cat-kuhlungsteile","8":"product_cat-warmetauscher","9":"product_shipping_class-paket-0-10-kg","11":"first","12":"onbackorder","13":"sale","14":"taxable","15":"shipping-taxable","16":"purchasable","17":"product-type-simple"},"group_of_quantity":0,"min_quantity":0,"max_quantity":"","exclude_order_quantity_value_rules":"no","exclude_category_quantity_rules":"no","combine_variations":"no","locations":[{"id":15431,"name":"Martec","slug":"martec","quantity":""}],"_links":{"self":[{"href":"https:\/\/ab-marineservice.com\/de\/wp-json\/wp\/v2\/product\/18835","targetHints":{"allow":["GET"]}}],"collection":[{"href":"https:\/\/ab-marineservice.com\/de\/wp-json\/wp\/v2\/product"}],"about":[{"href":"https:\/\/ab-marineservice.com\/de\/wp-json\/wp\/v2\/types\/product"}],"replies":[{"embeddable":true,"href":"https:\/\/ab-marineservice.com\/de\/wp-json\/wp\/v2\/comments?post=18835"}],"wp:featuredmedia":[{"embeddable":true,"href":"https:\/\/ab-marineservice.com\/de\/wp-json\/wp\/v2\/media\/18777"}],"wp:attachment":[{"href":"https:\/\/ab-marineservice.com\/de\/wp-json\/wp\/v2\/media?parent=18835"}],"wp:term":[{"taxonomy":"location","embeddable":true,"href":"https:\/\/ab-marineservice.com\/de\/wp-json\/wp\/v2\/location?post=18835"},{"taxonomy":"product_brand","embeddable":true,"href":"https:\/\/ab-marineservice.com\/de\/wp-json\/wp\/v2\/product_brand?post=18835"},{"taxonomy":"product_cat","embeddable":true,"href":"https:\/\/ab-marineservice.com\/de\/wp-json\/wp\/v2\/product_cat?post=18835"},{"taxonomy":"product_tag","embeddable":true,"href":"https:\/\/ab-marineservice.com\/de\/wp-json\/wp\/v2\/product_tag?post=18835"}],"curies":[{"name":"wp","href":"https:\/\/api.w.org\/{rel}","templated":true}]}}