{"id":19368,"date":"2019-02-02T15:11:28","date_gmt":"2019-02-02T14:11:28","guid":{"rendered":"https:\/\/ab-marineservice.com\/product\/olwechselsystem-elektrisch-12v-24v\/"},"modified":"2024-08-16T20:15:08","modified_gmt":"2024-08-16T18:15:08","slug":"olwechselsystem-elektrisch-12v-24v","status":"publish","type":"product","link":"https:\/\/ab-marineservice.com\/de\/produkt\/olwechselsystem-elektrisch-12v-24v\/","title":{"rendered":"\u00d6lwechselsystem elektrisch 12V \/ 24V"},"content":{"rendered":"","protected":false},"excerpt":{"rendered":"<p>Mit dem station\u00e4ren elektrischen \u00d6lschnellwechselsystem von AB Marine Service kann das \u00d6l von Motor, Wendegetriebe und Generator schnell und einfach ausgetauscht werden. Ohne schmutzige H\u00e4nde!<\/p>\n<p>Durch das Anschlie\u00dfen der Absperrventile mit Leitungen oder Schl\u00e4uchen an die herk\u00f6mmlichen Ablassstellen kann das \u00d6l abgelassen und mit neuen gef\u00fcllt werden. Die Pumpe ist selbstansaugend.<\/p>\n<p>Mit dem Verteilerventil f\u00fcr ein- und ausstr\u00f6menden \u00d6lstrom kann zwischen \u00d6lablass oder \u00d6lzufuhr gew\u00e4hlt werden.<\/p>\n<p>Das \u00d6l kann durch Vorw\u00e4rts- oder R\u00fcckw\u00e4rtsdrehen der Pumpe gewechselt werden.<\/p>\n<p>Geben Sie bei einer Bestellung auf: 12 oder 24 Volt<\/p>\n<p>Spezifikationen<\/p>\n<p>Kapazit\u00e4t: 15L\/min<\/p>\n","protected":false},"featured_media":19315,"comment_status":"open","ping_status":"closed","template":"","meta":[],"location":[],"product_brand":[],"product_cat":[2187,2193],"product_tag":[],"class_list":{"0":"post-19368","1":"product","2":"type-product","3":"status-publish","4":"has-post-thumbnail","6":"product_cat-schmiermittel","7":"product_cat-olwechselpumpe","8":"product_shipping_class-paket-0-10-kg","10":"first","11":"instock","12":"taxable","13":"shipping-taxable","14":"purchasable","15":"product-type-simple"},"group_of_quantity":0,"min_quantity":0,"max_quantity":"","exclude_order_quantity_value_rules":"no","exclude_category_quantity_rules":"no","combine_variations":"no","locations":[],"_links":{"self":[{"href":"https:\/\/ab-marineservice.com\/de\/wp-json\/wp\/v2\/product\/19368","targetHints":{"allow":["GET"]}}],"collection":[{"href":"https:\/\/ab-marineservice.com\/de\/wp-json\/wp\/v2\/product"}],"about":[{"href":"https:\/\/ab-marineservice.com\/de\/wp-json\/wp\/v2\/types\/product"}],"replies":[{"embeddable":true,"href":"https:\/\/ab-marineservice.com\/de\/wp-json\/wp\/v2\/comments?post=19368"}],"wp:featuredmedia":[{"embeddable":true,"href":"https:\/\/ab-marineservice.com\/de\/wp-json\/wp\/v2\/media\/19315"}],"wp:attachment":[{"href":"https:\/\/ab-marineservice.com\/de\/wp-json\/wp\/v2\/media?parent=19368"}],"wp:term":[{"taxonomy":"location","embeddable":true,"href":"https:\/\/ab-marineservice.com\/de\/wp-json\/wp\/v2\/location?post=19368"},{"taxonomy":"product_brand","embeddable":true,"href":"https:\/\/ab-marineservice.com\/de\/wp-json\/wp\/v2\/product_brand?post=19368"},{"taxonomy":"product_cat","embeddable":true,"href":"https:\/\/ab-marineservice.com\/de\/wp-json\/wp\/v2\/product_cat?post=19368"},{"taxonomy":"product_tag","embeddable":true,"href":"https:\/\/ab-marineservice.com\/de\/wp-json\/wp\/v2\/product_tag?post=19368"}],"curies":[{"name":"wp","href":"https:\/\/api.w.org\/{rel}","templated":true}]}}