{"id":19439,"date":"2019-01-24T14:44:55","date_gmt":"2019-01-24T13:44:55","guid":{"rendered":"https:\/\/ab-marineservice.com\/product\/impeller-volvo-3830459\/"},"modified":"2025-09-29T14:35:45","modified_gmt":"2025-09-29T12:35:45","slug":"impeller-volvo-3830459","status":"publish","type":"product","link":"https:\/\/ab-marineservice.com\/de\/produkt\/impeller-volvo-3830459\/","title":{"rendered":"Impeller Volvo: 3830459"},"content":{"rendered":"<p>Flexible Impeller Volvo: 383045 Besserer Sitz, weniger Vibration und Verschlei\u00df, dadurch l\u00e4ngere Lebensdauer Ihrer K\u00fchlwasserpumpe.<\/p>\n<p>Onze Impellers onderscheiden zich door &#8220;IN HOUSE MANUFACTURING&#8221;.  Nichts vom Prozess wird ausgelagert, das gilt f\u00fcr das Mischen der Materialien und den Zusammenbau des Laufrads.<br \/>\nDies gew\u00e4hrleistet die h\u00f6chsten Standards der Qualit\u00e4tskontrolle und stellt sicher, dass Sie als Benutzer volles Vertrauen in die &#8220;QUALIT\u00c4T &#038; LEISTUNG&#8221; Sie bekommen was Sie suchen!<\/p>\n<p>Auch der Schutz der Meeresbewohner liegt uns am Herzen, weshalb wir in der Produktion keine sch\u00e4dlichen Industriechemikalien verwenden.<\/p>\n<p>Unsere einzigartige Formel ist eine formulierte Mischung, die speziell f\u00fcr Meerwasser- und Rohwasseranwendungen entwickelt wurde. Das Ergebnis ist ein haltbareres Produkt mit einer l\u00e4ngeren Lebensdauer als Neopren und Nitril. Die Impeller, die wir verkaufen, gehen in der Entwicklung einen Schritt weiter, durch den Prozess namens &#8220;WAX BRANDING&#8221;. Durch das Mischen eines speziellen Wachses mit dem Gummi wird der Impeller selbstschmierend, sodass die Impeller 2-3 Mal l\u00e4nger halten.<\/p>\n<p>Durch die Verwendung von &#8220;MESSING INSERTS&#8221; gegen\u00fcber Edelstahl wird die Bearbeitung genauer und von besserer Qualit\u00e4t. Es bietet ein besseren Sitz, weniger Vibrationen und Verschlei\u00df, was zu einer l\u00e4ngeren Lebensdauer Ihrer K\u00fchlwasserpumpe f\u00fchrt.<\/p>\n","protected":false},"excerpt":{"rendered":"<p>JMP Nr. JIKJMP047<br \/>\nImpeller-Kit 8326K<br \/>\nImpeller 8326-01<\/p>\n<p>Abmessungen und Spezifikationen des Impellers:<br \/>\nA\u00d8: 95.00 mm<br \/>\nB: 95.00 mm<br \/>\nC\u00d8: 25.00 mm<\/p>\n<p>Anzahl der Schaufeln: 12<br \/>\nInnere Ausf\u00fchrung: 7 Spline<\/p>\n<p>Lieferumfang:<br \/>\nImpeller 1x<br \/>\nORG0015 (O-Ring) 1x<br \/>\nORG0059 (O-Ring) 1x<br \/>\nSchmiermittel (Impeller) 1x<\/p>\n<p><em>Ersetzt:<\/em><br \/>\nJabsco 17938-0001<br \/>\nVolvo Penta 3830459<\/p>\n<p><em>Die folgenden Pumpen verwenden diesen Impeller:<\/em><br \/>\n<a href=\"https:\/\/ab-marineservice.com\/de\/produkt\/impellerpumpe-volvo-penta-3838207-865295\/\">VP0120D<\/a> (Volvo Penta Replacement)<br \/>\n<a href=\"https:\/\/ab-marineservice.com\/de\/produkt\/impellerpumpe-volvo-penta-3886848\/\">VP0130D<\/a> (Volvo Penta Replacement)<br \/>\n<a href=\"https:\/\/ab-marineservice.com\/de\/produkt\/impellerpumpe-volvo-penta-3589104\/\">VP0160D<\/a> (Volvo Penta Replacement)<\/p>\n","protected":false},"featured_media":18955,"comment_status":"open","ping_status":"closed","template":"","meta":[],"location":[3906],"product_brand":[],"product_cat":[1316,2207],"product_tag":[],"class_list":{"0":"post-19439","1":"product","2":"type-product","3":"status-publish","4":"has-post-thumbnail","6":"location-dintra","7":"product_cat-impellerpumpen","8":"product_cat-impeller","9":"product_shipping_class-paket-0-10-kg","11":"first","12":"instock","13":"sale","14":"taxable","15":"shipping-taxable","16":"purchasable","17":"product-type-simple"},"group_of_quantity":0,"min_quantity":0,"max_quantity":"","exclude_order_quantity_value_rules":"no","exclude_category_quantity_rules":"no","combine_variations":"no","locations":[{"id":3906,"name":"Dintra","slug":"dintra","quantity":""}],"_links":{"self":[{"href":"https:\/\/ab-marineservice.com\/de\/wp-json\/wp\/v2\/product\/19439","targetHints":{"allow":["GET"]}}],"collection":[{"href":"https:\/\/ab-marineservice.com\/de\/wp-json\/wp\/v2\/product"}],"about":[{"href":"https:\/\/ab-marineservice.com\/de\/wp-json\/wp\/v2\/types\/product"}],"replies":[{"embeddable":true,"href":"https:\/\/ab-marineservice.com\/de\/wp-json\/wp\/v2\/comments?post=19439"}],"wp:featuredmedia":[{"embeddable":true,"href":"https:\/\/ab-marineservice.com\/de\/wp-json\/wp\/v2\/media\/18955"}],"wp:attachment":[{"href":"https:\/\/ab-marineservice.com\/de\/wp-json\/wp\/v2\/media?parent=19439"}],"wp:term":[{"taxonomy":"location","embeddable":true,"href":"https:\/\/ab-marineservice.com\/de\/wp-json\/wp\/v2\/location?post=19439"},{"taxonomy":"product_brand","embeddable":true,"href":"https:\/\/ab-marineservice.com\/de\/wp-json\/wp\/v2\/product_brand?post=19439"},{"taxonomy":"product_cat","embeddable":true,"href":"https:\/\/ab-marineservice.com\/de\/wp-json\/wp\/v2\/product_cat?post=19439"},{"taxonomy":"product_tag","embeddable":true,"href":"https:\/\/ab-marineservice.com\/de\/wp-json\/wp\/v2\/product_tag?post=19439"}],"curies":[{"name":"wp","href":"https:\/\/api.w.org\/{rel}","templated":true}]}}