{"id":20263,"date":"2019-03-02T18:00:23","date_gmt":"2019-03-02T17:00:23","guid":{"rendered":"https:\/\/ab-marineservice.com\/product\/hitzebestandiger-glasfaserband-auspuffschutz-abschirmung\/"},"modified":"2025-01-08T19:49:36","modified_gmt":"2025-01-08T18:49:36","slug":"hitzebestandiger-glasfaserband-auspuffschutz-abschirmung","status":"publish","type":"product","link":"https:\/\/ab-marineservice.com\/de\/produkt\/hitzebestandiger-glasfaserband-auspuffschutz-abschirmung\/","title":{"rendered":"Hitzebest\u00e4ndiger Glasfaserband Auspuffschutz F\u00fcr trockene Auslass"},"content":{"rendered":"","protected":false},"excerpt":{"rendered":"<p>Mit dem hitzebest\u00e4ndigen Glasfaserband k\u00f6nnen Sie die warmen Teile der Auspuffanlage, die nicht gek\u00fchlt werden, einwickeln und vor der Umgebung sch\u00fctzen.<\/p>\n<p>Wir empfehlen, die Anfangs- und Endst\u00fccke mit Stahldraht- oder Schlauchschellen zu spannen.<\/p>\n<p>Breite: 60 mm<br \/>\nRolle max. 50.00 m<\/p>\n<p>Lieferung pro Meter in einem St\u00fcck.<\/p>\n","protected":false},"featured_media":21812,"comment_status":"open","ping_status":"closed","template":"","meta":[],"location":[3905,4275,4276],"product_brand":[],"product_cat":[1358,15039,25728],"product_tag":[],"class_list":{"0":"post-20263","1":"product","2":"type-product","3":"status-publish","4":"has-post-thumbnail","6":"location-ab-marine-service","7":"location-aes-emmeloord","8":"location-aes-lemmer","9":"product_cat-zubehor-auspuff","10":"product_cat-federbalg-trockenauslass","11":"product_cat-glasfasertape","12":"product_shipping_class-paket-0-10-kg","14":"first","15":"instock","16":"taxable","17":"shipping-taxable","18":"purchasable","19":"product-type-simple"},"group_of_quantity":0,"min_quantity":0,"max_quantity":"","exclude_order_quantity_value_rules":"no","exclude_category_quantity_rules":"no","combine_variations":"no","locations":[{"id":3905,"name":"AB Marine","slug":"ab-marine-service","quantity":""},{"id":4275,"name":"AES Emmeloord","slug":"aes-emmeloord","quantity":""},{"id":4276,"name":"AES Lemmer","slug":"aes-lemmer","quantity":""}],"_links":{"self":[{"href":"https:\/\/ab-marineservice.com\/de\/wp-json\/wp\/v2\/product\/20263","targetHints":{"allow":["GET"]}}],"collection":[{"href":"https:\/\/ab-marineservice.com\/de\/wp-json\/wp\/v2\/product"}],"about":[{"href":"https:\/\/ab-marineservice.com\/de\/wp-json\/wp\/v2\/types\/product"}],"replies":[{"embeddable":true,"href":"https:\/\/ab-marineservice.com\/de\/wp-json\/wp\/v2\/comments?post=20263"}],"wp:featuredmedia":[{"embeddable":true,"href":"https:\/\/ab-marineservice.com\/de\/wp-json\/wp\/v2\/media\/21812"}],"wp:attachment":[{"href":"https:\/\/ab-marineservice.com\/de\/wp-json\/wp\/v2\/media?parent=20263"}],"wp:term":[{"taxonomy":"location","embeddable":true,"href":"https:\/\/ab-marineservice.com\/de\/wp-json\/wp\/v2\/location?post=20263"},{"taxonomy":"product_brand","embeddable":true,"href":"https:\/\/ab-marineservice.com\/de\/wp-json\/wp\/v2\/product_brand?post=20263"},{"taxonomy":"product_cat","embeddable":true,"href":"https:\/\/ab-marineservice.com\/de\/wp-json\/wp\/v2\/product_cat?post=20263"},{"taxonomy":"product_tag","embeddable":true,"href":"https:\/\/ab-marineservice.com\/de\/wp-json\/wp\/v2\/product_tag?post=20263"}],"curies":[{"name":"wp","href":"https:\/\/api.w.org\/{rel}","templated":true}]}}