{"id":202676,"date":"2023-08-01T18:55:07","date_gmt":"2023-08-01T16:55:07","guid":{"rendered":"https:\/\/ab-marineservice.com\/product\/anlasser-768\/"},"modified":"2026-03-24T17:33:54","modified_gmt":"2026-03-24T16:33:54","slug":"bmw-starter-motor-1-1-kw","status":"publish","type":"product","link":"https:\/\/ab-marineservice.com\/de\/produkt\/bmw-starter-motor-1-1-kw\/","title":{"rendered":"BMW starter motor 1.1 kW"},"content":{"rendered":"<p><strong>Spezifikationen:<\/strong><br \/>\nSpannung: 12V<br \/>\nLeistung: 1,1 kW<br \/>\nFittingkante: 76,00 mm<br \/>\nAnzahl der Z\u00e4hne: 9<br \/>\nGrundposition Ritzel: 25,00 mm<br \/>\nB+: M8<br \/>\nAnzahl der Montagebohrungen: 2<br \/>\nDrehrichtung: CW<\/p>\n<p><strong>Cross-references:<\/strong><br \/>\n0001107423 Bosch<br \/>\n0001107424 Bosch<br \/>\n0001107527 Bosch<br \/>\n0001107528 Bosch<br \/>\n0986021500 Bosch Exchange<br \/>\n0986021507 Bosch Exchange<br \/>\n0986UR1728 Bosch Exchange<br \/>\n114740 HC-Cargo<br \/>\n12130356 AES<br \/>\n12412344243 BMW<br \/>\n12412354701 BMW<br \/>\n12417521116 BMW<br \/>\n12417521122 BMW<br \/>\n12417521123 BMW<br \/>\n12417526236 BMW<br \/>\n12417526237 BMW<br \/>\n12417526239 BMW<br \/>\n12417579155 BMW<br \/>\n12417579156 BMW<br \/>\n12417594292 BMW<br \/>\n12417610343 BMW<br \/>\n12417610350 BMW<br \/>\n12427521123 BMW<br \/>\n15130069 AES<br \/>\n16026 Delco Remy<br \/>\n17922N WAI<br \/>\n17922R WAI<br \/>\n19824N WAI<br \/>\n1986S00687 Bosch<br \/>\n20130106 AES<br \/>\n210525092 PSH<br \/>\n2344243 BMW<br \/>\n2354701 BMW<br \/>\n4280001760 Denso<br \/>\n4280001760RA RNL<br \/>\n4280001760RP RNL<br \/>\n4280004490 Denso<br \/>\n4280004491 Denso<br \/>\n4280004492 Denso<br \/>\n4280004493 Denso<br \/>\n4280804493 Denso<br \/>\n5010241 Meat &#038; Doria<br \/>\n5010241G Meat &#038; Doria<br \/>\n63721412010 Magneti Marelli<br \/>\n7521116 BMW<br \/>\n7521122 BMW<br \/>\n7521123 BMW<br \/>\n7526236 BMW<br \/>\n7579155 BMW<br \/>\n7579156 BMW<br \/>\n7594292 BMW<br \/>\n7616500 BMW<br \/>\n7616502 BMW<br \/>\n944280215000 Magneti Marelli<br \/>\nASM1504 Apec<br \/>\nBOS0001107423 Wood Auto<br \/>\nBOS0001107527 Wood Auto<br \/>\nCS1412 HC-Parts<br \/>\nDENDSN1375 Wood Auto<br \/>\nDRT1500 Delco Remy<br \/>\nDSN1375 Denso<br \/>\nF032114740 HC-Cargo<br \/>\nHCS1412 HC-Parts<br \/>\nLES0525 Lucas<br \/>\nLRS02298 Lucas<br \/>\nLRS2298 Lucas<br \/>\nRAS42611 Delco Remy<br \/>\nRNL2150 RNL<br \/>\nRNL4280001760 RNL<br \/>\nS1008B Prestolite<br \/>\nSEG0001107527 Wood Auto<br \/>\nSR0492N Bosch (USA)<br \/>\nSR0492X Bosch (USA)<br \/>\nSTM535 Rolling Components<br \/>\nSTR50508 Wood Auto<br \/>\nTRS168 TWA<br \/>\nTT16332PRO Tesla Technics<br \/>\nWOOSTR50508 Wood Auto<\/p>\n<p><strong>Anwendung:<\/strong><br \/>\nFIAT Ducato 10 (05-1990 &#8211; 04-1994)<br \/>\nFIAT Ducato 10 (05-1994 &#8211; 03-1998)<br \/>\nFIAT Ducato 10 (10-1994 &#8211; 07-1998)<br \/>\nFIAT Ducato 10 (05-1996 &#8211; 07-1998)<br \/>\nFIAT Ducato 14 (05-1990 &#8211; 04-1994)<br \/>\nFIAT Ducato 15 (05-1990 &#8211; 04-1994)<br \/>\nFIAT Talento (08-1989 &#8211; 03-1994)<\/p>\n","protected":false},"excerpt":{"rendered":"<p>Anlasser BMW 1,1 kW mit 12V Spannung, ausgelegt f\u00fcr zuverl\u00e4ssige und kraftvolle Starts von BMW-Motoren. Dieser Anlasser verf\u00fcgt \u00fcber 9 Z\u00e4hne und eine Fittingkante von 76 mm, ideal f\u00fcr einen reibungslosen Betrieb und eine lange Lebensdauer des Motors.<\/p>\n","protected":false},"featured_media":428765,"comment_status":"open","ping_status":"closed","template":"","meta":[],"location":[],"product_brand":[26252],"product_cat":[1222,1463,1464,25576],"product_tag":[],"class_list":{"0":"post-202676","1":"product","2":"type-product","3":"status-publish","4":"has-post-thumbnail","6":"product_brand-wai-global","7":"product_cat-motorteile","8":"product_cat-anlasser","9":"product_cat-innenbordstarter","10":"product_cat-bmw-marine-anlasser","11":"product_shipping_class-paket-0-10-kg","13":"first","14":"instock","15":"sale","16":"taxable","17":"shipping-taxable","18":"purchasable","19":"product-type-simple"},"group_of_quantity":0,"min_quantity":0,"max_quantity":"","exclude_order_quantity_value_rules":"no","exclude_category_quantity_rules":"no","combine_variations":"no","locations":[{"id":4160,"name":"PSH","slug":"psh","quantity":""},{"id":20835,"name":"PSH Poland","slug":"psh-poland","quantity":""}],"_links":{"self":[{"href":"https:\/\/ab-marineservice.com\/de\/wp-json\/wp\/v2\/product\/202676","targetHints":{"allow":["GET"]}}],"collection":[{"href":"https:\/\/ab-marineservice.com\/de\/wp-json\/wp\/v2\/product"}],"about":[{"href":"https:\/\/ab-marineservice.com\/de\/wp-json\/wp\/v2\/types\/product"}],"replies":[{"embeddable":true,"href":"https:\/\/ab-marineservice.com\/de\/wp-json\/wp\/v2\/comments?post=202676"}],"wp:featuredmedia":[{"embeddable":true,"href":"https:\/\/ab-marineservice.com\/de\/wp-json\/wp\/v2\/media\/428765"}],"wp:attachment":[{"href":"https:\/\/ab-marineservice.com\/de\/wp-json\/wp\/v2\/media?parent=202676"}],"wp:term":[{"taxonomy":"location","embeddable":true,"href":"https:\/\/ab-marineservice.com\/de\/wp-json\/wp\/v2\/location?post=202676"},{"taxonomy":"product_brand","embeddable":true,"href":"https:\/\/ab-marineservice.com\/de\/wp-json\/wp\/v2\/product_brand?post=202676"},{"taxonomy":"product_cat","embeddable":true,"href":"https:\/\/ab-marineservice.com\/de\/wp-json\/wp\/v2\/product_cat?post=202676"},{"taxonomy":"product_tag","embeddable":true,"href":"https:\/\/ab-marineservice.com\/de\/wp-json\/wp\/v2\/product_tag?post=202676"}],"curies":[{"name":"wp","href":"https:\/\/api.w.org\/{rel}","templated":true}]}}