{"id":202946,"date":"2023-08-01T20:17:39","date_gmt":"2023-08-01T18:17:39","guid":{"rendered":"https:\/\/ab-marineservice.com\/product\/anlasser-886\/"},"modified":"2026-03-18T16:34:58","modified_gmt":"2026-03-18T15:34:58","slug":"anlasser-nissan-0-7-kw-12v-8-zahne","status":"publish","type":"product","link":"https:\/\/ab-marineservice.com\/de\/produkt\/anlasser-nissan-0-7-kw-12v-8-zahne\/","title":{"rendered":"Anlasser Nissan 0.7 kW &#8211; 12V, 8 Z\u00e4hne"},"content":{"rendered":"<p><strong>Technische Daten:<\/strong><br \/>\nSpannung: 12V<br \/>\nLeistung: 0,7 kW<br \/>\nFittingkante: 70,00 mm<br \/>\nZ\u00e4hnezahl: 8<br \/>\nBasisposition des Antriebzahnrads: 6,50 mm<br \/>\nB+: M8<br \/>\nAnzahl der Montageschraubenl\u00f6cher: 2<br \/>\nStand: +35\u00b0<br \/>\nDrehung: CW<\/p>\n<p><strong>Anwendung:<\/strong><br \/>\nGeeignet f\u00fcr die folgenden Nissan-Modelle:<br \/>\nNISSAN March (07-1992 &#8211; 07-2000)<br \/>\nNISSAN March (08-2000 &#8211; 11-2002)<br \/>\nNISSAN Micra (06-2000 &#8211; 01-2003)<\/p>\n<p><strong>Kreuzreferenzen:<\/strong><br \/>\n0001116009 Bosch<br \/>\n115522 HC-Cargo<br \/>\n160551082 PSH<br \/>\n190677 Valeo<br \/>\n233001F700 Nissan<br \/>\n233001F760 Nissan<br \/>\n233001F761 Nissan<br \/>\n32651N WAI<br \/>\n32651R WAI<br \/>\n438135 Valeo<br \/>\n455984 Valeo<br \/>\n5015160 Meat &#038; Doria<br \/>\n944280801960 Magneti Marelli<br \/>\nASM1532 Apec<br \/>\nD7E29 Valeo<br \/>\nDRS3946 Delco Remy<br \/>\nDS5056 Delco Remy<br \/>\nF032115522 HC-Cargo<br \/>\nHJS1305 HC-Parts<br \/>\nJS1305 HC-Parts<br \/>\nLRS01635 Lucas<br \/>\nLRS01651 Lucas<br \/>\nLRS1635 Lucas<br \/>\nLRS1651 Lucas<br \/>\nOSM11076 Optimum<br \/>\nRAS34057 Delco Remy<br \/>\nRNLD7E29 RNL<br \/>\nRNLD7E29T RNL<br \/>\nSTM1153 Rolling Components<br \/>\nSTR54020 Wood Auto<br \/>\nVAL438135 Wood Auto<br \/>\nVALD7E29 Wood Auto<br \/>\nWOOSTR54020 Wood Auto<\/p>\n","protected":false},"excerpt":{"rendered":"<p>Anlasser Nissan 0.7 kW mit 12V Spannung, entwickelt f\u00fcr zuverl\u00e4ssige und effiziente Starts von Nissan-Motoren. Dieser Anlasser hat 8 Z\u00e4hne und eine Fittingkante von 70 mm, ideal f\u00fcr einen reibungslosen Betrieb und lange Lebensdauer.<\/p>\n","protected":false},"featured_media":429021,"comment_status":"open","ping_status":"closed","template":"","meta":[],"location":[4160,20835],"product_brand":[26252],"product_cat":[1222,1463,1464,1474],"product_tag":[],"class_list":{"0":"post-202946","1":"product","2":"type-product","3":"status-publish","4":"has-post-thumbnail","6":"location-psh","7":"location-psh-poland","8":"product_brand-wai-global","9":"product_cat-motorteile","10":"product_cat-anlasser","11":"product_cat-innenbordstarter","12":"product_cat-verschiedene-de","13":"product_shipping_class-paket-0-10-kg","15":"first","16":"instock","17":"sale","18":"taxable","19":"shipping-taxable","20":"purchasable","21":"product-type-simple"},"group_of_quantity":0,"min_quantity":0,"max_quantity":"","exclude_order_quantity_value_rules":"no","exclude_category_quantity_rules":"no","combine_variations":"no","locations":[{"id":4160,"name":"PSH","slug":"psh","quantity":""},{"id":20835,"name":"PSH Poland","slug":"psh-poland","quantity":""}],"_links":{"self":[{"href":"https:\/\/ab-marineservice.com\/de\/wp-json\/wp\/v2\/product\/202946","targetHints":{"allow":["GET"]}}],"collection":[{"href":"https:\/\/ab-marineservice.com\/de\/wp-json\/wp\/v2\/product"}],"about":[{"href":"https:\/\/ab-marineservice.com\/de\/wp-json\/wp\/v2\/types\/product"}],"replies":[{"embeddable":true,"href":"https:\/\/ab-marineservice.com\/de\/wp-json\/wp\/v2\/comments?post=202946"}],"wp:featuredmedia":[{"embeddable":true,"href":"https:\/\/ab-marineservice.com\/de\/wp-json\/wp\/v2\/media\/429021"}],"wp:attachment":[{"href":"https:\/\/ab-marineservice.com\/de\/wp-json\/wp\/v2\/media?parent=202946"}],"wp:term":[{"taxonomy":"location","embeddable":true,"href":"https:\/\/ab-marineservice.com\/de\/wp-json\/wp\/v2\/location?post=202946"},{"taxonomy":"product_brand","embeddable":true,"href":"https:\/\/ab-marineservice.com\/de\/wp-json\/wp\/v2\/product_brand?post=202946"},{"taxonomy":"product_cat","embeddable":true,"href":"https:\/\/ab-marineservice.com\/de\/wp-json\/wp\/v2\/product_cat?post=202946"},{"taxonomy":"product_tag","embeddable":true,"href":"https:\/\/ab-marineservice.com\/de\/wp-json\/wp\/v2\/product_tag?post=202946"}],"curies":[{"name":"wp","href":"https:\/\/api.w.org\/{rel}","templated":true}]}}