{"id":203250,"date":"2023-08-01T21:52:36","date_gmt":"2023-08-01T19:52:36","guid":{"rendered":"https:\/\/ab-marineservice.com\/product\/anlasser-1011\/"},"modified":"2026-04-01T17:22:16","modified_gmt":"2026-04-01T15:22:16","slug":"anlasser-kubota-2-0-kw-12v-15-zahne","status":"publish","type":"product","link":"https:\/\/ab-marineservice.com\/de\/produkt\/anlasser-kubota-2-0-kw-12v-15-zahne\/","title":{"rendered":"Anlasser Kubota 2.0 kW &#8211; 12V, 15 Z\u00e4hne"},"content":{"rendered":"<p><strong>Technische Daten:<\/strong><br \/>\nSpannung: 12V<br \/>\nLeistung: 2.0 kW<br \/>\nPasrand: 82,10 mm<br \/>\nZ\u00e4hne: 15<br \/>\nBasisposition des Antriebszahnrads: 26,00 mm<br \/>\nB+: M8<br \/>\nAnzahl der Montageschrauben: 2<br \/>\nWinkel (\u00b0): +55<br \/>\nDrehung: CW<\/p>\n<p><strong>Querverweise:<\/strong><br \/>\n031013180 Poong Sung<br \/>\n115968 HC-Cargo<br \/>\n19188N WAI<br \/>\n24625172 Dixie<br \/>\n30051000021 Doosan<br \/>\n4900574 Cummins<br \/>\n690525152 PSH<br \/>\n91331001 Wilson<br \/>\nDRS0237 Delco Remy<br \/>\nF032115968 HC-Cargo<br \/>\nLRS03955 Lucas<br \/>\nLRS3955 Lucas<br \/>\nRNL031013180 RNL<br \/>\nRNL31013180 RNL<br \/>\nS0001205651 Valeo<br \/>\nSTR85400 Wood Auto<br \/>\nWOOSTR85400 Wood Auto<\/p>\n","protected":false},"excerpt":{"rendered":"<p>Dieser Startermotor liefert 2,0 kW Leistung bei 12V, ideal f\u00fcr zuverl\u00e4ssige Leistung in verschiedenen Anwendungen. Der Startermotor hat 15 Z\u00e4hne, eine Pasrand von 82,10 mm und eine Basisposition des Antriebszahnrads von 26,00 mm. Das B+ hat einen M8-Anschluss, und der Motor verf\u00fcgt \u00fcber zwei Montageschrauben. Die Drehung ist CW, mit einem Winkel von +55\u00b0. Dieser Startermotor wurde f\u00fcr langlebige Leistung in unterschiedlichen Anwendungen entwickelt.<\/p>\n","protected":false},"featured_media":433512,"comment_status":"open","ping_status":"closed","template":"","meta":[],"location":[],"product_brand":[26252],"product_cat":[1474],"product_tag":[],"class_list":{"0":"post-203250","1":"product","2":"type-product","3":"status-publish","4":"has-post-thumbnail","6":"product_brand-wai-global","7":"product_cat-verschiedene-de","8":"product_shipping_class-paket-0-10-kg","10":"first","11":"instock","12":"sale","13":"taxable","14":"shipping-taxable","15":"purchasable","16":"product-type-simple"},"group_of_quantity":0,"min_quantity":0,"max_quantity":"","exclude_order_quantity_value_rules":"no","exclude_category_quantity_rules":"no","combine_variations":"no","locations":[{"id":4160,"name":"PSH","slug":"psh","quantity":""},{"id":20835,"name":"PSH Poland","slug":"psh-poland","quantity":""}],"_links":{"self":[{"href":"https:\/\/ab-marineservice.com\/de\/wp-json\/wp\/v2\/product\/203250","targetHints":{"allow":["GET"]}}],"collection":[{"href":"https:\/\/ab-marineservice.com\/de\/wp-json\/wp\/v2\/product"}],"about":[{"href":"https:\/\/ab-marineservice.com\/de\/wp-json\/wp\/v2\/types\/product"}],"replies":[{"embeddable":true,"href":"https:\/\/ab-marineservice.com\/de\/wp-json\/wp\/v2\/comments?post=203250"}],"wp:featuredmedia":[{"embeddable":true,"href":"https:\/\/ab-marineservice.com\/de\/wp-json\/wp\/v2\/media\/433512"}],"wp:attachment":[{"href":"https:\/\/ab-marineservice.com\/de\/wp-json\/wp\/v2\/media?parent=203250"}],"wp:term":[{"taxonomy":"location","embeddable":true,"href":"https:\/\/ab-marineservice.com\/de\/wp-json\/wp\/v2\/location?post=203250"},{"taxonomy":"product_brand","embeddable":true,"href":"https:\/\/ab-marineservice.com\/de\/wp-json\/wp\/v2\/product_brand?post=203250"},{"taxonomy":"product_cat","embeddable":true,"href":"https:\/\/ab-marineservice.com\/de\/wp-json\/wp\/v2\/product_cat?post=203250"},{"taxonomy":"product_tag","embeddable":true,"href":"https:\/\/ab-marineservice.com\/de\/wp-json\/wp\/v2\/product_tag?post=203250"}],"curies":[{"name":"wp","href":"https:\/\/api.w.org\/{rel}","templated":true}]}}