{"id":203454,"date":"2023-08-01T23:05:23","date_gmt":"2023-08-01T21:05:23","guid":{"rendered":"https:\/\/ab-marineservice.com\/product\/anlasser-1072\/"},"modified":"2026-03-31T14:20:51","modified_gmt":"2026-03-31T12:20:51","slug":"ford-anlasser-2-2-kw-12v-12-zahne","status":"publish","type":"product","link":"https:\/\/ab-marineservice.com\/de\/produkt\/ford-anlasser-2-2-kw-12v-12-zahne\/","title":{"rendered":"Ford Anlasser 2.2 kW &#8211; 12V, 12 Z\u00e4hne"},"content":{"rendered":"<p><strong>Technische Daten:<\/strong><br \/>\nSpannung: 12V<br \/>\nLeistung: 2,2 kW<br \/>\nFittingkante: 86,70 mm<br \/>\nZ\u00e4hne: 12<br \/>\nBasisposition des Antriebszahnrads: 34,50 mm<br \/>\nB+: M6<br \/>\nAnzahl der Montagebohrungen: 2<br \/>\nDrehung: CW<\/p>\n<p><strong>Verwendet bei:<\/strong><br \/>\nFORD Transit 290 (07-2013 &#8211; 11-2018)<br \/>\nFORD Transit 310 (07-2013 &#8211; 11-2018)<br \/>\nFORD Transit 330 (11-2014 &#8211; 11-2018)<\/p>\n<p><strong>Cross-Referenz:<\/strong><br \/>\n0986UR1823 Bosch Austausch<br \/>\n116247 HC-Cargo<br \/>\n1731775 Ford<br \/>\n1912881 Ford<br \/>\n2380307 Ford<br \/>\n2605406310 Denso<br \/>\n30581N WAI<br \/>\n30581OS WAI<br \/>\n36002854 Volvo<br \/>\n36013582 Volvo<br \/>\n438307 Valeo<br \/>\n438320 Valeo<br \/>\n458746 Valeo<br \/>\n590906122 PSH<br \/>\nASM1617 Apec<br \/>\nBK3T11000CB Ford<br \/>\nBK3T11000CC Ford<br \/>\nBK3T11000DB Ford<br \/>\nBK3TCB Ford<br \/>\nBK3TCC Ford<br \/>\nBK3TDB Ford<br \/>\nDRS1142 Delco Remy<br \/>\nDS2252 Delco Remy<br \/>\nDSN3051 Denso<br \/>\nF032116247 HC-Cargo<br \/>\nLRS03962 Lucas<br \/>\nLRS3962 Lucas<br \/>\nRNLTS2234 RNL<br \/>\nSTM1350 Rolling Components<br \/>\nSTR54199 Wood Auto<br \/>\nTS2234 Valeo<br \/>\nTS22E28 Valeo<br \/>\nTS22E34 Valeo<br \/>\nTT17058PRO Tesla Technics<br \/>\nVALTS2234 Wood Auto<br \/>\nWOOSTR54199 Wood Auto<\/p>\n","protected":false},"excerpt":{"rendered":"<p>Dieser Anlasser hat eine Leistung von 2,2 kW und eine Spannung von 12V, entwickelt f\u00fcr zuverl\u00e4ssige Leistung in verschiedenen Ford Transit Modellen. Der Anlasser hat 12 Z\u00e4hne, eine Fittingkante von 86,70 mm und eine Basisposition des Antriebszahnrads von 34,50 mm. Das B+ hat einen M6-Anschluss, und das Produkt verf\u00fcgt \u00fcber zwei Montagebohrungen. Die Drehung ist CW, was ihn ideal f\u00fcr Fahrzeuge macht, die robuste Leistung erfordern.<\/p>\n","protected":false},"featured_media":432459,"comment_status":"open","ping_status":"closed","template":"","meta":[],"location":[],"product_brand":[26252],"product_cat":[1222,1463,1464,1476],"product_tag":[],"class_list":{"0":"post-203454","1":"product","2":"type-product","3":"status-publish","4":"has-post-thumbnail","6":"product_brand-wai-global","7":"product_cat-motorteile","8":"product_cat-anlasser","9":"product_cat-innenbordstarter","10":"product_cat-ford-de-3","11":"product_shipping_class-paket-0-10-kg","13":"first","14":"instock","15":"sale","16":"taxable","17":"shipping-taxable","18":"purchasable","19":"product-type-simple"},"group_of_quantity":0,"min_quantity":0,"max_quantity":"","exclude_order_quantity_value_rules":"no","exclude_category_quantity_rules":"no","combine_variations":"no","locations":[{"id":4160,"name":"PSH","slug":"psh","quantity":""},{"id":20835,"name":"PSH Poland","slug":"psh-poland","quantity":""}],"_links":{"self":[{"href":"https:\/\/ab-marineservice.com\/de\/wp-json\/wp\/v2\/product\/203454","targetHints":{"allow":["GET"]}}],"collection":[{"href":"https:\/\/ab-marineservice.com\/de\/wp-json\/wp\/v2\/product"}],"about":[{"href":"https:\/\/ab-marineservice.com\/de\/wp-json\/wp\/v2\/types\/product"}],"replies":[{"embeddable":true,"href":"https:\/\/ab-marineservice.com\/de\/wp-json\/wp\/v2\/comments?post=203454"}],"wp:featuredmedia":[{"embeddable":true,"href":"https:\/\/ab-marineservice.com\/de\/wp-json\/wp\/v2\/media\/432459"}],"wp:attachment":[{"href":"https:\/\/ab-marineservice.com\/de\/wp-json\/wp\/v2\/media?parent=203454"}],"wp:term":[{"taxonomy":"location","embeddable":true,"href":"https:\/\/ab-marineservice.com\/de\/wp-json\/wp\/v2\/location?post=203454"},{"taxonomy":"product_brand","embeddable":true,"href":"https:\/\/ab-marineservice.com\/de\/wp-json\/wp\/v2\/product_brand?post=203454"},{"taxonomy":"product_cat","embeddable":true,"href":"https:\/\/ab-marineservice.com\/de\/wp-json\/wp\/v2\/product_cat?post=203454"},{"taxonomy":"product_tag","embeddable":true,"href":"https:\/\/ab-marineservice.com\/de\/wp-json\/wp\/v2\/product_tag?post=203454"}],"curies":[{"name":"wp","href":"https:\/\/api.w.org\/{rel}","templated":true}]}}