{"id":203464,"date":"2023-08-01T23:08:41","date_gmt":"2023-08-01T21:08:41","guid":{"rendered":"https:\/\/ab-marineservice.com\/product\/anlasser-1082\/"},"modified":"2026-05-01T16:14:51","modified_gmt":"2026-05-01T14:14:51","slug":"bmw-anlasser-21-kw-12v-9-zahne","status":"publish","type":"product","link":"https:\/\/ab-marineservice.com\/de\/produkt\/bmw-anlasser-21-kw-12v-9-zahne\/","title":{"rendered":"BMW Anlasser 2,1 kW &#8211; 12V, 9 Z\u00e4hne"},"content":{"rendered":"<p><strong>Spezifikationen:<\/strong><br \/>\nSpannung: 12V<br \/>\nLeistung: 2,1 kW<br \/>\nFittingkante: 76,00 mm<br \/>\nAnzahl der Z\u00e4hne: 9<br \/>\nGrundposition Ritzel: 26,00 mm<br \/>\nB+: M8<br \/>\nAnzahl der Montagebohrungen: 2<br \/>\nDrehrichtung: CW<\/p>\n<p><strong>Cross-references:<\/strong><br \/>\n0001147424 SEG<br \/>\n0001147425 SEG<br \/>\n0986025017 Bosch Exchange<br \/>\n116259 HC-Cargo<br \/>\n12130451 AES<br \/>\n12130452 AES<br \/>\n12418612576 BMW<br \/>\n12418614519 BMW<br \/>\n19308N WAI<br \/>\n210554112 PSH<br \/>\n458913 Valeo<br \/>\n5010886G Meat &#038; Doria<br \/>\n8612576 BMW<br \/>\n8614519 BMW<br \/>\nBOS0001147424 Wood Auto<br \/>\nDRS1161 Delco Remy<br \/>\nF032116259 HC-Cargo<br \/>\nLRS04002 Lucas<br \/>\nLRS4002 Lucas<br \/>\nRNL147425 RNL<br \/>\nSEG0001147425 Wood Auto<br \/>\nSTM1391 Rolling Components<br \/>\nSTR50667 Wood Auto<br \/>\nWOOSTR50667 Wood Auto<\/p>\n<p><strong>Anwendung:<\/strong><br \/>\nBMW 220i Cabrio (09-2014 &#8211; 05-2021)<br \/>\nBMW 220i Coupe (09-2013 &#8211; 05-2021)<br \/>\nBMW 228i Cabrio (09-2014 &#8211; 05-2016)<br \/>\nBMW 228i Coupe (06-2014 &#8211; 05-2016)<br \/>\nBMW 320i (02-2012 &#8211; 09-2018)<br \/>\nBMW 320i Gran Turismo (02-2013 &#8211; 04-2017)<br \/>\nBMW 320i Touring (10-2012 &#8211; 05-2015)<br \/>\nBMW 328i (10-2011 &#8211; 09-2018)<br \/>\nBMW 328i Gran Turismo (02-2013 &#8211; 05-2016)<br \/>\nBMW 328i Touring (06-2012 &#8211; 05-2015)<br \/>\nBMW 428i Cabrio (10-2013 &#8211; 01-2017)<br \/>\nBMW 520i (06-2013 &#8211; 09-2016)<br \/>\nBMW 528i Gran Turismo (06-2013 &#8211; 01-2017)<br \/>\nBMW X1 sDrive 16i (02-2013 &#8211; 05-2015)<br \/>\nBMW X3 sDrive 20i (03-2014 &#8211; 07-2017)<br \/>\nBMW X3 xDrive 20i (09-2011 &#8211; 07-2017)<br \/>\nBMW X4 xDrive 20i (03-2014 &#8211; 02-2018)<\/p>\n","protected":false},"excerpt":{"rendered":"<p>BMW Anlasser 2,1 kW mit 12V Spannung, entwickelt f\u00fcr kraftvolle und zuverl\u00e4ssige Starts von BMW-Motoren. Dieser Anlasser hat 9 Z\u00e4hne und eine Fittingkante von 76 mm, ideal f\u00fcr einen effizienten Betrieb und stabile Motorleistung.<\/p>\n","protected":false},"featured_media":428588,"comment_status":"open","ping_status":"closed","template":"","meta":[],"location":[],"product_brand":[26252],"product_cat":[1222,1463,1464,25576],"product_tag":[],"class_list":{"0":"post-203464","1":"product","2":"type-product","3":"status-publish","4":"has-post-thumbnail","6":"product_brand-wai-global","7":"product_cat-motorteile","8":"product_cat-anlasser","9":"product_cat-innenbordstarter","10":"product_cat-bmw-marine-anlasser","11":"product_shipping_class-paket-0-10-kg","13":"first","14":"instock","15":"sale","16":"taxable","17":"shipping-taxable","18":"purchasable","19":"product-type-simple"},"group_of_quantity":0,"min_quantity":0,"max_quantity":"","exclude_order_quantity_value_rules":"no","exclude_category_quantity_rules":"no","combine_variations":"no","locations":[{"id":4160,"name":"PSH","slug":"psh","quantity":""},{"id":20835,"name":"PSH Poland","slug":"psh-poland","quantity":""}],"_links":{"self":[{"href":"https:\/\/ab-marineservice.com\/de\/wp-json\/wp\/v2\/product\/203464","targetHints":{"allow":["GET"]}}],"collection":[{"href":"https:\/\/ab-marineservice.com\/de\/wp-json\/wp\/v2\/product"}],"about":[{"href":"https:\/\/ab-marineservice.com\/de\/wp-json\/wp\/v2\/types\/product"}],"replies":[{"embeddable":true,"href":"https:\/\/ab-marineservice.com\/de\/wp-json\/wp\/v2\/comments?post=203464"}],"wp:featuredmedia":[{"embeddable":true,"href":"https:\/\/ab-marineservice.com\/de\/wp-json\/wp\/v2\/media\/428588"}],"wp:attachment":[{"href":"https:\/\/ab-marineservice.com\/de\/wp-json\/wp\/v2\/media?parent=203464"}],"wp:term":[{"taxonomy":"location","embeddable":true,"href":"https:\/\/ab-marineservice.com\/de\/wp-json\/wp\/v2\/location?post=203464"},{"taxonomy":"product_brand","embeddable":true,"href":"https:\/\/ab-marineservice.com\/de\/wp-json\/wp\/v2\/product_brand?post=203464"},{"taxonomy":"product_cat","embeddable":true,"href":"https:\/\/ab-marineservice.com\/de\/wp-json\/wp\/v2\/product_cat?post=203464"},{"taxonomy":"product_tag","embeddable":true,"href":"https:\/\/ab-marineservice.com\/de\/wp-json\/wp\/v2\/product_tag?post=203464"}],"curies":[{"name":"wp","href":"https:\/\/api.w.org\/{rel}","templated":true}]}}