{"id":203466,"date":"2023-08-01T23:08:41","date_gmt":"2023-08-01T21:08:41","guid":{"rendered":"https:\/\/ab-marineservice.com\/product\/anlasser-1084\/"},"modified":"2026-05-01T16:14:57","modified_gmt":"2026-05-01T14:14:57","slug":"anlasser-renault-08-kw-12v-9-zahne","status":"publish","type":"product","link":"https:\/\/ab-marineservice.com\/de\/produkt\/anlasser-renault-08-kw-12v-9-zahne\/","title":{"rendered":"Anlasser Renault 0,8 kW &#8211; 12V, 9 Z\u00e4hne"},"content":{"rendered":"<p><strong>Spezifikationen:<\/strong><br \/>\nSpannung: 12V<br \/>\nLeistung: 0,8 kW<br \/>\nFittingkante: 63,80 mm<br \/>\nAnzahl der Z\u00e4hne: 9<br \/>\nGrundposition Ritzel: 20,00 mm<br \/>\nB+: M8<br \/>\nAnzahl der Montagebohrungen: 3<br \/>\nPosition: +25\u00b0<br \/>\nDrehrichtung: CW<\/p>\n<p><strong>Cross-references:<\/strong><br \/>\n0986026300 Bosch Exchange<br \/>\n116260 HC-Cargo<br \/>\n1201952 Valeo<br \/>\n1986S01290 Bosch<br \/>\n201952 Valeo<br \/>\n250515102 PSH<br \/>\n26024598A Lucas<br \/>\n30592N WAI<br \/>\n30592OS WAI<br \/>\n3610003101 Hyundai<br \/>\n3610003201 Hyundai<br \/>\n3610003401 Hyundai<br \/>\n3610003402 Hyundai<br \/>\n3610004300 Hyundai<br \/>\n3610004700 Hyundai<br \/>\n3610004800 Hyundai<br \/>\n460236 Valeo<br \/>\n600275 Valeo<br \/>\n63726260010 Magneti Marelli<br \/>\n911281 Delco Remy<br \/>\nDRS1281 Delco Remy<br \/>\nF002GC0001 Bosch<br \/>\nF002GC0050 Bosch<br \/>\nF002GC0051 Bosch<br \/>\nF032116260 HC-Cargo<br \/>\nLRS03899 Lucas<br \/>\nLRS3899 Lucas<br \/>\nRNL3610003101 RNL<br \/>\nS0001201952 Valeo<br \/>\nS000V201952 Valeo<br \/>\nSTM1515 Rolling Components<br \/>\nSTR71375 Wood Auto<br \/>\nTT17048 Tesla Technics<br \/>\nTT17048PRO Tesla Technics<br \/>\nVAL600275 Wood Auto<br \/>\nWOOSTR71375 Wood Auto<\/p>\n<p><strong>Anwendung:<\/strong><br \/>\nHYUNDAI Grand i10 (07-2015 &#8211; Heute)<br \/>\nHYUNDAI i10 (11-2013 &#8211; 11-2019)<br \/>\nHYUNDAI i10 (01-2014 &#8211; 11-2019)<br \/>\nHYUNDAI i10 (06-2014 &#8211; Heute)<br \/>\nHYUNDAI i20 (10-2014 &#8211; 02-2020)<br \/>\nHYUNDAI i20 (10-2014 &#8211; 07-2020)<br \/>\nHYUNDAI i20 (10-2014 &#8211; 05-2019)<br \/>\nHYUNDAI i20 (02-2015 &#8211; 08-2021)<br \/>\nHYUNDAI i20 (12-2018 &#8211; 08-2020)<br \/>\nHYUNDAI i20 (04-2015 &#8211; 08-2021)<br \/>\nKIA Picanto (02-2017 &#8211; Heute)<br \/>\nKIA Rio (09-2011 &#8211; 11-2017)<br \/>\nKIA Rio (08-2011 &#8211; 11-2017)<br \/>\nKIA Rio (03-2015 &#8211; 11-2017)<br \/>\nKIA Stonic (06-2017 &#8211; Heute)<\/p>\n","protected":false},"excerpt":{"rendered":"<p>Anlasser Renault 0,8 kW mit 12V Spannung, ausgelegt f\u00fcr zuverl\u00e4ssige und effiziente Starts von Renault-Motoren. Dieser Anlasser verf\u00fcgt \u00fcber 9 Z\u00e4hne und eine Fittingkante von 63,8 mm, ideal f\u00fcr einen kraftvollen und stabilen Motorstart.<\/p>\n","protected":false},"featured_media":428683,"comment_status":"open","ping_status":"closed","template":"","meta":[],"location":[],"product_brand":[26252],"product_cat":[1222,1463,1464,1489],"product_tag":[],"class_list":{"0":"post-203466","1":"product","2":"type-product","3":"status-publish","4":"has-post-thumbnail","6":"product_brand-wai-global","7":"product_cat-motorteile","8":"product_cat-anlasser","9":"product_cat-innenbordstarter","10":"product_cat-renault-de-3","11":"product_shipping_class-paket-0-10-kg","13":"first","14":"instock","15":"sale","16":"taxable","17":"shipping-taxable","18":"purchasable","19":"product-type-simple"},"group_of_quantity":0,"min_quantity":0,"max_quantity":"","exclude_order_quantity_value_rules":"no","exclude_category_quantity_rules":"no","combine_variations":"no","locations":[{"id":4160,"name":"PSH","slug":"psh","quantity":""},{"id":20835,"name":"PSH Poland","slug":"psh-poland","quantity":""}],"_links":{"self":[{"href":"https:\/\/ab-marineservice.com\/de\/wp-json\/wp\/v2\/product\/203466","targetHints":{"allow":["GET"]}}],"collection":[{"href":"https:\/\/ab-marineservice.com\/de\/wp-json\/wp\/v2\/product"}],"about":[{"href":"https:\/\/ab-marineservice.com\/de\/wp-json\/wp\/v2\/types\/product"}],"replies":[{"embeddable":true,"href":"https:\/\/ab-marineservice.com\/de\/wp-json\/wp\/v2\/comments?post=203466"}],"wp:featuredmedia":[{"embeddable":true,"href":"https:\/\/ab-marineservice.com\/de\/wp-json\/wp\/v2\/media\/428683"}],"wp:attachment":[{"href":"https:\/\/ab-marineservice.com\/de\/wp-json\/wp\/v2\/media?parent=203466"}],"wp:term":[{"taxonomy":"location","embeddable":true,"href":"https:\/\/ab-marineservice.com\/de\/wp-json\/wp\/v2\/location?post=203466"},{"taxonomy":"product_brand","embeddable":true,"href":"https:\/\/ab-marineservice.com\/de\/wp-json\/wp\/v2\/product_brand?post=203466"},{"taxonomy":"product_cat","embeddable":true,"href":"https:\/\/ab-marineservice.com\/de\/wp-json\/wp\/v2\/product_cat?post=203466"},{"taxonomy":"product_tag","embeddable":true,"href":"https:\/\/ab-marineservice.com\/de\/wp-json\/wp\/v2\/product_tag?post=203466"}],"curies":[{"name":"wp","href":"https:\/\/api.w.org\/{rel}","templated":true}]}}