{"id":203530,"date":"2023-08-01T23:28:48","date_gmt":"2023-08-01T21:28:48","guid":{"rendered":"https:\/\/ab-marineservice.com\/product\/anlasser-1118\/"},"modified":"2026-04-03T17:59:38","modified_gmt":"2026-04-03T15:59:38","slug":"anlasser-volkswagen-2-0-kw-12v-10-zahne-2","status":"publish","type":"product","link":"https:\/\/ab-marineservice.com\/de\/produkt\/anlasser-volkswagen-2-0-kw-12v-10-zahne-2\/","title":{"rendered":"Anlasser Volkswagen 2.0 kW &#8211; 12V, 10 Z\u00e4hne"},"content":{"rendered":"<p><strong>Technische Daten:<\/strong><br \/>\nSpannung: 12V<br \/>\nLeistung: 2,0 kW<br \/>\nFittingkante: 76,00 mm<br \/>\nZ\u00e4hne: 10<br \/>\nBasisposition des Antriebszahnrads: 62,00 mm<br \/>\nB+: M8<br \/>\nAnzahl der Montageschraubenl\u00f6cher: 3<br \/>\nDrehung: CCW<\/p>\n<p><strong>Angewendet auf:<\/strong><br \/>\nVOLKSWAGEN Golf (10-2002 &#8211; 10-2005)<br \/>\nVOLKSWAGEN Jetta (03-2003 &#8211; 10-2005)<br \/>\nVOLKSWAGEN Passat (09-2001 &#8211; 10-2005)<\/p>\n<p><strong>Cross-Referenz:<\/strong><br \/>\n0001125016 Bosch<br \/>\n0001125017 Bosch<br \/>\n0001125046 Bosch<br \/>\n0001125047 Bosch<br \/>\n02B911023E Volkswagen AG<br \/>\n02B911023EX Volkswagen AG<br \/>\n02B911023M Volkswagen AG<br \/>\n02B911023MX Volkswagen AG<br \/>\n0986021870 Bosch Exchange<br \/>\n112444 HC-Cargo<br \/>\n116340 HC-Cargo<br \/>\n12130202 AES<br \/>\n1986S00811 Bosch<br \/>\n300547103 PSH<br \/>\n32564N WAI<br \/>\n32564R WAI<br \/>\n5010413 Meat &#038; Doria<br \/>\n5010413G Meat &#038; Doria<br \/>\n944280802050 Magneti Marelli<br \/>\nCS1209 HC-Parts<br \/>\nDRS3823 Delco Remy<br \/>\nF032116340 HC-Cargo<br \/>\nHCS1209 HC-Parts<br \/>\nLRS01564 Lucas<br \/>\nLRS1564 Lucas<br \/>\nRNL2187 RNL<br \/>\nRNL2187T RNL<br \/>\nSTM1074 Rolling Components<br \/>\nSTR50368 Wood Auto<br \/>\nTS6116 Dixie<br \/>\nWOOSTR50368 Wood Auto<\/p>\n","protected":false},"excerpt":{"rendered":"<p>Dieser Anlasser liefert 2,0 kW Leistung bei 12V Spannung, ideal f\u00fcr zuverl\u00e4ssige Leistung in verschiedenen Volkswagen-Modellen. Mit einer Fittingkante von 76,00 mm, 10 Z\u00e4hnen und einer Basisposition des Antriebszahnrads von 62,00 mm ist dieser Anlasser eine ausgezeichnete Wahl f\u00fcr Volkswagen Passat, Golf und Jetta. Der Motor hat einen M8 B+ Anschluss und drei Montageschraubenl\u00f6cher. Die Drehung ist CCW, geeignet f\u00fcr zuverl\u00e4ssige Startleistung in Fahrzeugen.<\/p>\n","protected":false},"featured_media":433819,"comment_status":"open","ping_status":"closed","template":"","meta":[],"location":[],"product_brand":[26252],"product_cat":[1474],"product_tag":[],"class_list":{"0":"post-203530","1":"product","2":"type-product","3":"status-publish","4":"has-post-thumbnail","6":"product_brand-wai-global","7":"product_cat-verschiedene-de","8":"product_shipping_class-paket-0-10-kg","10":"first","11":"instock","12":"sale","13":"taxable","14":"shipping-taxable","15":"purchasable","16":"product-type-simple"},"group_of_quantity":0,"min_quantity":0,"max_quantity":"","exclude_order_quantity_value_rules":"no","exclude_category_quantity_rules":"no","combine_variations":"no","locations":[{"id":4160,"name":"PSH","slug":"psh","quantity":""},{"id":20835,"name":"PSH Poland","slug":"psh-poland","quantity":""}],"_links":{"self":[{"href":"https:\/\/ab-marineservice.com\/de\/wp-json\/wp\/v2\/product\/203530","targetHints":{"allow":["GET"]}}],"collection":[{"href":"https:\/\/ab-marineservice.com\/de\/wp-json\/wp\/v2\/product"}],"about":[{"href":"https:\/\/ab-marineservice.com\/de\/wp-json\/wp\/v2\/types\/product"}],"replies":[{"embeddable":true,"href":"https:\/\/ab-marineservice.com\/de\/wp-json\/wp\/v2\/comments?post=203530"}],"wp:featuredmedia":[{"embeddable":true,"href":"https:\/\/ab-marineservice.com\/de\/wp-json\/wp\/v2\/media\/433819"}],"wp:attachment":[{"href":"https:\/\/ab-marineservice.com\/de\/wp-json\/wp\/v2\/media?parent=203530"}],"wp:term":[{"taxonomy":"location","embeddable":true,"href":"https:\/\/ab-marineservice.com\/de\/wp-json\/wp\/v2\/location?post=203530"},{"taxonomy":"product_brand","embeddable":true,"href":"https:\/\/ab-marineservice.com\/de\/wp-json\/wp\/v2\/product_brand?post=203530"},{"taxonomy":"product_cat","embeddable":true,"href":"https:\/\/ab-marineservice.com\/de\/wp-json\/wp\/v2\/product_cat?post=203530"},{"taxonomy":"product_tag","embeddable":true,"href":"https:\/\/ab-marineservice.com\/de\/wp-json\/wp\/v2\/product_tag?post=203530"}],"curies":[{"name":"wp","href":"https:\/\/api.w.org\/{rel}","templated":true}]}}