{"id":203534,"date":"2023-08-01T23:32:01","date_gmt":"2023-08-01T21:32:01","guid":{"rendered":"https:\/\/ab-marineservice.com\/product\/anlasser-1121\/"},"modified":"2026-03-18T16:30:48","modified_gmt":"2026-03-18T15:30:48","slug":"anlasser-iveco-40-kw-24v-9-zahne","status":"publish","type":"product","link":"https:\/\/ab-marineservice.com\/de\/produkt\/anlasser-iveco-40-kw-24v-9-zahne\/","title":{"rendered":"Anlasser Iveco 4,0 kW &#8211; 24V, 9 Z\u00e4hne"},"content":{"rendered":"<p><strong>Technische Daten:<\/strong><br \/>\nSpannung: 24V<br \/>\nLeistung: 4,0 kW<br \/>\nPasrand: 109,70 mm<br \/>\nAnzahl der Z\u00e4hne: 9<br \/>\nBasisposition des Antriebszahnrades: 27,00 mm<br \/>\nB+: M10<br \/>\nAnzahl der Montagebohrungen: 3<br \/>\nStand: -30\u00b0<br \/>\nDrehung: CW<\/p>\n<p><strong>Cross-Referenzen:<\/strong><br \/>\n0001231010 Bosch<br \/>\n0001263065 SEG<br \/>\n063522310100 Magneti Marelli<br \/>\n0986021690 Bosch Exchange<br \/>\n113183 HC-Cargo<br \/>\n116347 HC-Cargo<br \/>\n12130235 AES<br \/>\n19084219 Delco Remy<br \/>\n19664N WAI<br \/>\n26023212 Dixie<br \/>\n500325185 Iveco<br \/>\n501502093 PSH<br \/>\n5110045G Meat &#038; Doria<br \/>\n72736015 Mahle<br \/>\n75114529 Fiat Group<br \/>\n861049 Prestolite<br \/>\nDRT1690 Delco Remy<br \/>\nF032116347 HC-Cargo<br \/>\nPRE861049 Wood Auto<br \/>\nRNL2169 RNL<br \/>\nSER84219 Delco Remy<br \/>\nSER8421912B1 Delco Remy<br \/>\nSM2823 Honda<br \/>\nSTR22063 Wood Auto<br \/>\nWOOSTR22063 Wood Auto<\/p>\n","protected":false},"excerpt":{"rendered":"<p>Anlasser Iveco 4,0 kW mit 24V Spannung, entwickelt f\u00fcr kr\u00e4ftige und zuverl\u00e4ssige Starts. Dieser Anlasser hat 9 Z\u00e4hne und eine Pasrand von 109,7 mm, ideal f\u00fcr Fahrzeuge, die einen kr\u00e4ftigen und effizienten Start erfordern.<\/p>\n","protected":false},"featured_media":427640,"comment_status":"open","ping_status":"closed","template":"","meta":[],"location":[4160,20835],"product_brand":[26252],"product_cat":[1222,1463,1464,1479],"product_tag":[],"class_list":{"0":"post-203534","1":"product","2":"type-product","3":"status-publish","4":"has-post-thumbnail","6":"location-psh","7":"location-psh-poland","8":"product_brand-wai-global","9":"product_cat-motorteile","10":"product_cat-anlasser","11":"product_cat-innenbordstarter","12":"product_cat-iveco-de-2","13":"product_shipping_class-paket-0-10-kg","15":"first","16":"instock","17":"sale","18":"taxable","19":"shipping-taxable","20":"purchasable","21":"product-type-simple"},"group_of_quantity":0,"min_quantity":0,"max_quantity":"","exclude_order_quantity_value_rules":"no","exclude_category_quantity_rules":"no","combine_variations":"no","locations":[{"id":4160,"name":"PSH","slug":"psh","quantity":""},{"id":20835,"name":"PSH Poland","slug":"psh-poland","quantity":""}],"_links":{"self":[{"href":"https:\/\/ab-marineservice.com\/de\/wp-json\/wp\/v2\/product\/203534","targetHints":{"allow":["GET"]}}],"collection":[{"href":"https:\/\/ab-marineservice.com\/de\/wp-json\/wp\/v2\/product"}],"about":[{"href":"https:\/\/ab-marineservice.com\/de\/wp-json\/wp\/v2\/types\/product"}],"replies":[{"embeddable":true,"href":"https:\/\/ab-marineservice.com\/de\/wp-json\/wp\/v2\/comments?post=203534"}],"wp:featuredmedia":[{"embeddable":true,"href":"https:\/\/ab-marineservice.com\/de\/wp-json\/wp\/v2\/media\/427640"}],"wp:attachment":[{"href":"https:\/\/ab-marineservice.com\/de\/wp-json\/wp\/v2\/media?parent=203534"}],"wp:term":[{"taxonomy":"location","embeddable":true,"href":"https:\/\/ab-marineservice.com\/de\/wp-json\/wp\/v2\/location?post=203534"},{"taxonomy":"product_brand","embeddable":true,"href":"https:\/\/ab-marineservice.com\/de\/wp-json\/wp\/v2\/product_brand?post=203534"},{"taxonomy":"product_cat","embeddable":true,"href":"https:\/\/ab-marineservice.com\/de\/wp-json\/wp\/v2\/product_cat?post=203534"},{"taxonomy":"product_tag","embeddable":true,"href":"https:\/\/ab-marineservice.com\/de\/wp-json\/wp\/v2\/product_tag?post=203534"}],"curies":[{"name":"wp","href":"https:\/\/api.w.org\/{rel}","templated":true}]}}