{"id":203551,"date":"2023-08-01T23:35:47","date_gmt":"2023-08-01T21:35:47","guid":{"rendered":"https:\/\/ab-marineservice.com\/product\/anlasser-1123\/"},"modified":"2026-04-03T17:40:59","modified_gmt":"2026-04-03T15:40:59","slug":"anlasser-renault-1-7-kw-12v-12-zahne-2","status":"publish","type":"product","link":"https:\/\/ab-marineservice.com\/de\/produkt\/anlasser-renault-1-7-kw-12v-12-zahne-2\/","title":{"rendered":"Anlasser Renault 1.7 kW &#8211; 12V, 12 Z\u00e4hne"},"content":{"rendered":"<p><strong>Technische Daten:<\/strong><br \/>\nSpannung: 12V<br \/>\nLeistung: 1,7 kW<br \/>\nFittingkante: 64,00 mm<br \/>\nZ\u00e4hne: 12<br \/>\nBasisposition des Antriebszahnrads: 0,00 mm<br \/>\nB+: M8<br \/>\nAnzahl der Montageschraubenl\u00f6cher: 2<br \/>\nPosition (\u00b0): +65<br \/>\nDrehung: CW<\/p>\n<p><strong>Angewendet auf:<\/strong><br \/>\nDACIA Dokker (10-2012 &#8211; 11-2021)<br \/>\nDACIA Duster (09-2010 &#8211; 12-2017)<br \/>\nDACIA Lodgy (02-2012 &#8211; Gegenwart)<br \/>\nDACIA Logan (09-2012 &#8211; Gegenwart)<br \/>\nDACIA Sandero (08-2012 &#8211; Gegenwart)<br \/>\nNISSAN Qashqai (10-2013 &#8211; Gegenwart)<br \/>\nRENAULT Captur (05-2013 &#8211; Gegenwart)<br \/>\nRENAULT Clio (10-2012 &#8211; 07-2021)<br \/>\nRENAULT Clio Grandtour (12-2012 &#8211; 07-2021)<br \/>\nRENAULT Clio Van (12-2013 &#8211; 07-2021)<br \/>\nRENAULT Dokker (11-2013 &#8211; Gegenwart)<br \/>\nRENAULT Duster (06-2019 &#8211; Gegenwart)<br \/>\nRENAULT Fluence (01-2010 &#8211; Gegenwart)<br \/>\nRENAULT Grand Scenic (08-2016 &#8211; 02-2023)<br \/>\nRENAULT Kadjar (05-2015 &#8211; Gegenwart)<br \/>\nRENAULT Kangoo (08-2010 &#8211; Gegenwart)<br \/>\nRENAULT Megane (10-2008 &#8211; 07-2015)<br \/>\nRENAULT Megane Estate\/Break (02-2009 &#8211; Gegenwart)<br \/>\nRENAULT Sandero (11-2013 &#8211; Gegenwart)<br \/>\nRENAULT Scenic (08-2016 &#8211; 06-2022)<br \/>\nRENAULT Talisman (10-2015 &#8211; 02-2022)<\/p>\n<p><strong>Cross-Referenz:<\/strong><br \/>\n113204 HC-Cargo<br \/>\n1280005410 Denso<br \/>\n1280005411 Denso<br \/>\n1280005412 Denso<br \/>\n1280005413 Denso<br \/>\n1661763010 Kubota<br \/>\n1661763011 Kubota<br \/>\n1661763012 Kubota<br \/>\n1661763013 Kubota<br \/>\n1661763014 Kubota<br \/>\n1661763015 Kubota<br \/>\n18143N WAI<br \/>\n1988363010 Kubota<br \/>\n1988363011 Kubota<br \/>\n1988363012 Kubota<br \/>\n1988363013 Kubota<br \/>\n1988363014 Kubota<br \/>\n1988363015 Kubota<br \/>\n2280004780 Denso<br \/>\n2280004781 Denso<br \/>\n2280004782 Denso<br \/>\n2280004783 Denso<br \/>\n691502092 PSH<br \/>\n91295341 Wilson<br \/>\n91295582 Wilson<br \/>\nAKS988 ATK<br \/>\nF032113204 HC-Cargo<br \/>\nRNL1280005410 RNL<br \/>\nS8864 Dixie<br \/>\nST382 FAI<br \/>\nSTR30026 Wood Auto<br \/>\nWOOSTR30026 Wood Auto<\/p>\n","protected":false},"excerpt":{"rendered":"<p>Dieser Anlasser liefert 1,7 kW Leistung bei 12V Spannung, ideal f\u00fcr zuverl\u00e4ssige Leistung in verschiedenen Anwendungen. Der Motor hat 12 Z\u00e4hne, eine Fittingkante von 64,00 mm und eine Basisposition des Antriebszahnrads von 0,00 mm. Der B+ Anschluss ist M8, und der Motor verf\u00fcgt \u00fcber zwei Montageschraubenl\u00f6cher. Die Drehung ist CW, mit einer Position von +65\u00b0. Dieser Anlasser ist f\u00fcr langanhaltende Leistung in verschiedenen Renault, Dacia, Nissan und anderen Anwendungen konzipiert.<\/p>\n","protected":false},"featured_media":433808,"comment_status":"open","ping_status":"closed","template":"","meta":[],"location":[],"product_brand":[26252],"product_cat":[1474],"product_tag":[],"class_list":{"0":"post-203551","1":"product","2":"type-product","3":"status-publish","4":"has-post-thumbnail","6":"product_brand-wai-global","7":"product_cat-verschiedene-de","8":"product_shipping_class-paket-0-10-kg","10":"first","11":"instock","12":"sale","13":"taxable","14":"shipping-taxable","15":"purchasable","16":"product-type-simple"},"group_of_quantity":0,"min_quantity":0,"max_quantity":"","exclude_order_quantity_value_rules":"no","exclude_category_quantity_rules":"no","combine_variations":"no","locations":[{"id":4160,"name":"PSH","slug":"psh","quantity":""},{"id":20835,"name":"PSH Poland","slug":"psh-poland","quantity":""}],"_links":{"self":[{"href":"https:\/\/ab-marineservice.com\/de\/wp-json\/wp\/v2\/product\/203551","targetHints":{"allow":["GET"]}}],"collection":[{"href":"https:\/\/ab-marineservice.com\/de\/wp-json\/wp\/v2\/product"}],"about":[{"href":"https:\/\/ab-marineservice.com\/de\/wp-json\/wp\/v2\/types\/product"}],"replies":[{"embeddable":true,"href":"https:\/\/ab-marineservice.com\/de\/wp-json\/wp\/v2\/comments?post=203551"}],"wp:featuredmedia":[{"embeddable":true,"href":"https:\/\/ab-marineservice.com\/de\/wp-json\/wp\/v2\/media\/433808"}],"wp:attachment":[{"href":"https:\/\/ab-marineservice.com\/de\/wp-json\/wp\/v2\/media?parent=203551"}],"wp:term":[{"taxonomy":"location","embeddable":true,"href":"https:\/\/ab-marineservice.com\/de\/wp-json\/wp\/v2\/location?post=203551"},{"taxonomy":"product_brand","embeddable":true,"href":"https:\/\/ab-marineservice.com\/de\/wp-json\/wp\/v2\/product_brand?post=203551"},{"taxonomy":"product_cat","embeddable":true,"href":"https:\/\/ab-marineservice.com\/de\/wp-json\/wp\/v2\/product_cat?post=203551"},{"taxonomy":"product_tag","embeddable":true,"href":"https:\/\/ab-marineservice.com\/de\/wp-json\/wp\/v2\/product_tag?post=203551"}],"curies":[{"name":"wp","href":"https:\/\/api.w.org\/{rel}","templated":true}]}}